{"id":19762,"date":"2020-01-23T17:22:57","date_gmt":"2020-01-23T16:22:57","guid":{"rendered":"https:\/\/www.monaco-tribune.com\/sports-in-monaco\/"},"modified":"2021-01-15T15:11:21","modified_gmt":"2021-01-15T14:11:21","slug":"sports-in-monaco","status":"publish","type":"page","link":"https:\/\/www.monaco-tribune.com\/en\/sports-in-monaco\/","title":{"rendered":"Monaco and Sports"},"content":{"rendered":"\n<p><strong>From the Formula 1 Grand Prix to the Tennis Open, sports have always been at the heart of Mon\u00e9gasque life. It is therefore fitting that the Grimaldi family counts several Olympic athletes, sports managers, and members of the Olympic committee.<\/strong><\/p>\n\n\n\n<figure class=\"wp-block-image size-large\"><img loading=\"lazy\" decoding=\"async\" width=\"1024\" height=\"682\" src=\"https:\/\/www.monaco-tribune.com\/wp-content\/uploads\/2020\/05\/2048x1536-fit_st-moritz-championnat-1024x682.jpeg\" alt=\"Monaco\u2019s history with sport Prince Albert II\" class=\"wp-image-28645\" srcset=\"https:\/\/www.monaco-tribune.com\/wp-content\/uploads\/2020\/05\/2048x1536-fit_st-moritz-championnat-1024x682.jpeg 1024w, https:\/\/www.monaco-tribune.com\/wp-content\/uploads\/2020\/05\/2048x1536-fit_st-moritz-championnat-451x300.jpeg 451w, https:\/\/www.monaco-tribune.com\/wp-content\/uploads\/2020\/05\/2048x1536-fit_st-moritz-championnat.jpeg 2048w\" sizes=\"auto, (max-width: 1024px) 100vw, 1024px\" \/><figcaption>Prince Albert competed in the bobsleigh at five consecutive Winter Olympics for Monaco<\/figcaption><\/figure>\n\n\n\n<h2 class=\"has-text-align-center wp-block-heading\" id=\"h-a-family-of-athletes\">A family of athletes<\/h2>\n\n\n\n<p>Although he did not play any high-level sport, Prince Rainier III was an avid football and rugby player, as well as an amateur boxer. He is also the monarch that oversaw the construction of the Louis III Stadium in the Fontvieille neighbourhood.<\/p>\n\n\n\n<p>However, the Grimaldi\u2019s love of sports starts long before Prince Rainier III. His father, Pierre de Polignac, was a member of the International Olympic Committee from 1950 until his death in 1964, while Guy de Polignac, cousin of the Prince, was a member of the French bobsleigh team in the 1920s, discipline which a few decades later brought Prince Albert to the Olympics.<\/p>\n\n\n\n<p><strong>>> READ ALSO:<\/strong> <a href=\"https:\/\/www.monaco-tribune.com\/en\/2020\/06\/a-long-and-happy-love-story-monacos-history-with-sport\/\">A long and happy love story: Monaco\u2019s history with sport<\/a><\/p>\n\n\n\n<h2 class=\"has-text-align-center wp-block-heading\">Prince Albert II: a life-long passion for sports<\/h2>\n\n\n\n<p>Prince Albert\u2019s love of sports knows no limits: Athletics, football, tennis, judo, rowing, and sailing, but also skiing, squash, swimming, modern pentathlon, and bobsleigh. Prince<\/p>\n\n\n\n<p>Albert competed in bobsleigh at five consecutive Olympic games, from 1988 to 2002. At the 1992 Albertville Winter Olympic Games, he was the flag bearer of the Monegasque delegation. He also took part twice in the Paris-Dakar rally, in 1985 and 1986.<\/p>\n\n\n\n<p>Prince Albert is a member of the International Olympic Committee (IOC) and President of the Monegasque swimming, athletics, modern pentathlon, bobsleigh, luge, and skeleton federations.<\/p>\n\n\n\n<p><strong>>> READ ALSO: <\/strong><a href=\"https:\/\/www.monaco-tribune.com\/en\/2020\/05\/stade-louis-ii-5-things-to-know-about-the-home-of-as-monaco\/\">Stade Louis II: 5 things to know about the home of AS Monaco<\/a><\/p>\n\n\n\n<p><strong>>> READ ALSO:<\/strong> <a href=\"https:\/\/www.monaco-tribune.com\/en\/2020\/07\/louis-ducruet-leaves-as-monaco-lets-look-back-on-his-five-years-at-the-club\/\">Louis Ducruet leaves AS Monaco: Let\u2019s look back on his five years at the club<\/a><\/p>\n\n\n\n<h2 class=\"has-text-align-center wp-block-heading\">Princess Charlene: a former Olympic swimmer<\/h2>\n\n\n\n<p>Prince Albert\u2019s wife, Princess Charlene of Monaco, is a former Olympic swimmer for South Africa. She competed at the 2000 Sidney Olympic games, where she achieved 5<sup>th<\/sup>&nbsp;place in the 4 \u00d7 100m relay. That same year, she won the gold medal in the 200m backstroke at the Monaco International Swimming Meeting.<\/p>\n\n\n\n<p>While Grace Kelly was not an Olympian, but both her father and her brother were. Her father, John Kelly Sr., was Olympic rowing champion at the 1920 (two gold medals) and 1924 (one gold medal) Olympic games. Grace\u2019s brother John Kelly Jr. too was a rower. He competed at the 1948, 1952, 1956, and 1960 Olympics Games, winning a bronze medal in 1956, which he gave to his sister Grace as a wedding present.<\/p>\n\n\n\n<figure class=\"wp-block-image size-large\"><img loading=\"lazy\" decoding=\"async\" width=\"1024\" height=\"682\" src=\"https:\/\/www.monaco-tribune.com\/wp-content\/uploads\/2020\/07\/princesse-charl\u00e8ne-water-bike-challenge-1024x682.jpg\" alt=\"The Crossing: Calvi \u2014 Monaco Water Bike Challenge\" class=\"wp-image-32380\" srcset=\"https:\/\/www.monaco-tribune.com\/wp-content\/uploads\/2020\/07\/princesse-charl\u00e8ne-water-bike-challenge-1024x682.jpg 1024w, https:\/\/www.monaco-tribune.com\/wp-content\/uploads\/2020\/07\/princesse-charl\u00e8ne-water-bike-challenge-300x200.jpg 300w, https:\/\/www.monaco-tribune.com\/wp-content\/uploads\/2020\/07\/princesse-charl\u00e8ne-water-bike-challenge-768x512.jpg 768w, https:\/\/www.monaco-tribune.com\/wp-content\/uploads\/2020\/07\/princesse-charl\u00e8ne-water-bike-challenge-1536x1023.jpg 1536w, https:\/\/www.monaco-tribune.com\/wp-content\/uploads\/2020\/07\/princesse-charl\u00e8ne-water-bike-challenge-219x146.jpg 219w, https:\/\/www.monaco-tribune.com\/wp-content\/uploads\/2020\/07\/princesse-charl\u00e8ne-water-bike-challenge-50x33.jpg 50w, https:\/\/www.monaco-tribune.com\/wp-content\/uploads\/2020\/07\/princesse-charl\u00e8ne-water-bike-challenge-113x75.jpg 113w, https:\/\/www.monaco-tribune.com\/wp-content\/uploads\/2020\/07\/princesse-charl\u00e8ne-water-bike-challenge.jpg 1875w\" sizes=\"auto, (max-width: 1024px) 100vw, 1024px\" \/><figcaption>Princesse Charlene of Monaco Foundation<\/figcaption><\/figure>\n\n\n\n<h2 class=\"has-text-align-center wp-block-heading\">The new generation<\/h2>\n\n\n\n<p>While Princess Caroline never pursued sports professionally, she was married to Stefano Casiraghi, offshore world champion. Two of their three children competed in professional sports: Charlotte in horse riding and Pierre in rallying and sailing.<\/p>\n\n\n\n<p>Two of Princess Stephanie of Monaco\u2019s children have also been involved in sport. Passionate about football, Louis Ducruet worked for five years at AS Monaco, as an international recruiter and then assistant to the vice-president. His sister, Pauline Ducruet competed in diving at the 2010 Youth Olympic Games.<\/p>\n","protected":false},"excerpt":{"rendered":"<p>From the Formula 1 Grand Prix to the Tennis Open, sports have always been at the heart of Mon\u00e9gasque life. [&hellip;]<\/p>\n","protected":false},"author":21,"featured_media":28645,"parent":0,"menu_order":0,"comment_status":"closed","ping_status":"closed","template":"","meta":{"_acf_changed":false,"footnotes":""},"class_list":["post-19762","page","type-page","status-publish","has-post-thumbnail","hentry"],"acf":[],"yoast_head":"<!-- This site is optimized with the Yoast SEO Premium plugin v26.8 (Yoast SEO v27.4) - https:\/\/yoast.com\/product\/yoast-seo-premium-wordpress\/ -->\n<title>Monaco and Sports<\/title>\n<meta name=\"description\" content=\"Votre magazine qui parle de Monaco et de la C\u00f4te d&#039;Azur: info, culture, lifestyle, business, Famille Princi\u00e8re, AS Monaco, football, basket, personnalit\u00e9s.\" \/>\n<meta name=\"robots\" content=\"index, follow, max-snippet:-1, max-image-preview:large, max-video-preview:-1\" \/>\n<link rel=\"canonical\" href=\"https:\/\/www.monaco-tribune.com\/en\/sports-in-monaco\/\" \/>\n<meta property=\"og:locale\" content=\"en_US\" \/>\n<meta property=\"og:type\" content=\"article\" \/>\n<meta property=\"og:title\" content=\"Monaco and Sports\" \/>\n<meta property=\"og:description\" content=\"Votre magazine qui parle de Monaco et de la C\u00f4te d&#039;Azur: info, culture, lifestyle, business, Famille Princi\u00e8re, AS Monaco, football, basket, personnalit\u00e9s.\" \/>\n<meta property=\"og:url\" content=\"https:\/\/www.monaco-tribune.com\/en\/sports-in-monaco\/\" \/>\n<meta property=\"og:site_name\" content=\"Monaco Tribune\" \/>\n<meta property=\"article:publisher\" content=\"https:\/\/www.facebook.com\/MonacoTribune\" \/>\n<meta property=\"article:modified_time\" content=\"2021-01-15T14:11:21+00:00\" \/>\n<meta property=\"og:image\" content=\"https:\/\/www.monaco-tribune.com\/wp-content\/uploads\/2020\/05\/2048x1536-fit_st-moritz-championnat.jpeg\" \/>\n\t<meta property=\"og:image:width\" content=\"2048\" \/>\n\t<meta property=\"og:image:height\" content=\"1363\" \/>\n\t<meta property=\"og:image:type\" content=\"image\/jpeg\" \/>\n<meta name=\"twitter:card\" content=\"summary_large_image\" \/>\n<meta name=\"twitter:site\" content=\"@MonacoTribune\" \/>\n<script type=\"application\/ld+json\" class=\"yoast-schema-graph\">{\"@context\":\"https:\\\/\\\/schema.org\",\"@graph\":[{\"@type\":\"WebPage\",\"@id\":\"https:\\\/\\\/www.monaco-tribune.com\\\/en\\\/sports-in-monaco\\\/\",\"url\":\"https:\\\/\\\/www.monaco-tribune.com\\\/en\\\/sports-in-monaco\\\/\",\"name\":\"Monaco and Sports\",\"isPartOf\":{\"@id\":\"https:\\\/\\\/www.monaco-tribune.com\\\/en\\\/#website\"},\"primaryImageOfPage\":{\"@id\":\"https:\\\/\\\/www.monaco-tribune.com\\\/en\\\/sports-in-monaco\\\/#primaryimage\"},\"image\":{\"@id\":\"https:\\\/\\\/www.monaco-tribune.com\\\/en\\\/sports-in-monaco\\\/#primaryimage\"},\"thumbnailUrl\":\"https:\\\/\\\/www.monaco-tribune.com\\\/wp-content\\\/uploads\\\/2020\\\/05\\\/2048x1536-fit_st-moritz-championnat.jpeg\",\"datePublished\":\"2020-01-23T16:22:57+00:00\",\"dateModified\":\"2021-01-15T14:11:21+00:00\",\"description\":\"Votre magazine qui parle de Monaco et de la C\u00f4te d'Azur: info, culture, lifestyle, business, Famille Princi\u00e8re, AS Monaco, football, basket, personnalit\u00e9s.\",\"breadcrumb\":{\"@id\":\"https:\\\/\\\/www.monaco-tribune.com\\\/en\\\/sports-in-monaco\\\/#breadcrumb\"},\"inLanguage\":\"en-US\",\"potentialAction\":[{\"@type\":\"ReadAction\",\"target\":[\"https:\\\/\\\/www.monaco-tribune.com\\\/en\\\/sports-in-monaco\\\/\"]}]},{\"@type\":\"ImageObject\",\"inLanguage\":\"en-US\",\"@id\":\"https:\\\/\\\/www.monaco-tribune.com\\\/en\\\/sports-in-monaco\\\/#primaryimage\",\"url\":\"https:\\\/\\\/www.monaco-tribune.com\\\/wp-content\\\/uploads\\\/2020\\\/05\\\/2048x1536-fit_st-moritz-championnat.jpeg\",\"contentUrl\":\"https:\\\/\\\/www.monaco-tribune.com\\\/wp-content\\\/uploads\\\/2020\\\/05\\\/2048x1536-fit_st-moritz-championnat.jpeg\",\"width\":2048,\"height\":1363,\"caption\":\"Prince Albert II took part in the bobsleigh event at five Olympic Winter Games: Calgary 1988, Albertville 1992, Lillehammer 1994, Nagano 1998 and Salt Lake City 2002. (Photo all rights reserved)\"},{\"@type\":\"BreadcrumbList\",\"@id\":\"https:\\\/\\\/www.monaco-tribune.com\\\/en\\\/sports-in-monaco\\\/#breadcrumb\",\"itemListElement\":[{\"@type\":\"ListItem\",\"position\":1,\"name\":\"Accueil\",\"item\":\"https:\\\/\\\/www.monaco-tribune.com\\\/en\\\/\"},{\"@type\":\"ListItem\",\"position\":2,\"name\":\"Monaco and Sports\"}]},{\"@type\":\"WebSite\",\"@id\":\"https:\\\/\\\/www.monaco-tribune.com\\\/en\\\/#website\",\"url\":\"https:\\\/\\\/www.monaco-tribune.com\\\/en\\\/\",\"name\":\"Monaco Tribune\",\"description\":\"Monaco : actualit\u00e9s \u00e9conomiques, politiques, culturelles et sportives de Monaco et de la French Riviera.\",\"publisher\":{\"@id\":\"https:\\\/\\\/www.monaco-tribune.com\\\/en\\\/#organization\"},\"potentialAction\":[{\"@type\":\"SearchAction\",\"target\":{\"@type\":\"EntryPoint\",\"urlTemplate\":\"https:\\\/\\\/www.monaco-tribune.com\\\/en\\\/?s={search_term_string}\"},\"query-input\":{\"@type\":\"PropertyValueSpecification\",\"valueRequired\":true,\"valueName\":\"search_term_string\"}}],\"inLanguage\":\"en-US\"},{\"@type\":\"Organization\",\"@id\":\"https:\\\/\\\/www.monaco-tribune.com\\\/en\\\/#organization\",\"name\":\"Monaco Tribune\",\"url\":\"https:\\\/\\\/www.monaco-tribune.com\\\/en\\\/\",\"logo\":{\"@type\":\"ImageObject\",\"inLanguage\":\"en-US\",\"@id\":\"https:\\\/\\\/www.monaco-tribune.com\\\/en\\\/#\\\/schema\\\/logo\\\/image\\\/\",\"url\":\"https:\\\/\\\/www.monaco-tribune.com\\\/wp-content\\\/uploads\\\/2022\\\/11\\\/logo-monaco-tribune.png\",\"contentUrl\":\"https:\\\/\\\/www.monaco-tribune.com\\\/wp-content\\\/uploads\\\/2022\\\/11\\\/logo-monaco-tribune.png\",\"width\":1548,\"height\":600,\"caption\":\"Monaco Tribune\"},\"image\":{\"@id\":\"https:\\\/\\\/www.monaco-tribune.com\\\/en\\\/#\\\/schema\\\/logo\\\/image\\\/\"},\"sameAs\":[\"https:\\\/\\\/www.facebook.com\\\/MonacoTribune\",\"https:\\\/\\\/x.com\\\/MonacoTribune\",\"https:\\\/\\\/www.instagram.com\\\/monacotribune\\\/\",\"https:\\\/\\\/www.linkedin.com\\\/company\\\/monaco-tribune\",\"https:\\\/\\\/www.youtube.com\\\/channel\\\/UCHle1MnG6hw1y4lWKijVbMA\"]}]}<\/script>\n<!-- \/ Yoast SEO Premium plugin. -->","yoast_head_json":{"title":"Monaco and Sports","description":"Votre magazine qui parle de Monaco et de la C\u00f4te d'Azur: info, culture, lifestyle, business, Famille Princi\u00e8re, AS Monaco, football, basket, personnalit\u00e9s.","robots":{"index":"index","follow":"follow","max-snippet":"max-snippet:-1","max-image-preview":"max-image-preview:large","max-video-preview":"max-video-preview:-1"},"canonical":"https:\/\/www.monaco-tribune.com\/en\/sports-in-monaco\/","og_locale":"en_US","og_type":"article","og_title":"Monaco and Sports","og_description":"Votre magazine qui parle de Monaco et de la C\u00f4te d'Azur: info, culture, lifestyle, business, Famille Princi\u00e8re, AS Monaco, football, basket, personnalit\u00e9s.","og_url":"https:\/\/www.monaco-tribune.com\/en\/sports-in-monaco\/","og_site_name":"Monaco Tribune","article_publisher":"https:\/\/www.facebook.com\/MonacoTribune","article_modified_time":"2021-01-15T14:11:21+00:00","og_image":[{"width":2048,"height":1363,"url":"https:\/\/www.monaco-tribune.com\/wp-content\/uploads\/2020\/05\/2048x1536-fit_st-moritz-championnat.jpeg","type":"image\/jpeg"}],"twitter_card":"summary_large_image","twitter_site":"@MonacoTribune","schema":{"@context":"https:\/\/schema.org","@graph":[{"@type":"WebPage","@id":"https:\/\/www.monaco-tribune.com\/en\/sports-in-monaco\/","url":"https:\/\/www.monaco-tribune.com\/en\/sports-in-monaco\/","name":"Monaco and Sports","isPartOf":{"@id":"https:\/\/www.monaco-tribune.com\/en\/#website"},"primaryImageOfPage":{"@id":"https:\/\/www.monaco-tribune.com\/en\/sports-in-monaco\/#primaryimage"},"image":{"@id":"https:\/\/www.monaco-tribune.com\/en\/sports-in-monaco\/#primaryimage"},"thumbnailUrl":"https:\/\/www.monaco-tribune.com\/wp-content\/uploads\/2020\/05\/2048x1536-fit_st-moritz-championnat.jpeg","datePublished":"2020-01-23T16:22:57+00:00","dateModified":"2021-01-15T14:11:21+00:00","description":"Votre magazine qui parle de Monaco et de la C\u00f4te d'Azur: info, culture, lifestyle, business, Famille Princi\u00e8re, AS Monaco, football, basket, personnalit\u00e9s.","breadcrumb":{"@id":"https:\/\/www.monaco-tribune.com\/en\/sports-in-monaco\/#breadcrumb"},"inLanguage":"en-US","potentialAction":[{"@type":"ReadAction","target":["https:\/\/www.monaco-tribune.com\/en\/sports-in-monaco\/"]}]},{"@type":"ImageObject","inLanguage":"en-US","@id":"https:\/\/www.monaco-tribune.com\/en\/sports-in-monaco\/#primaryimage","url":"https:\/\/www.monaco-tribune.com\/wp-content\/uploads\/2020\/05\/2048x1536-fit_st-moritz-championnat.jpeg","contentUrl":"https:\/\/www.monaco-tribune.com\/wp-content\/uploads\/2020\/05\/2048x1536-fit_st-moritz-championnat.jpeg","width":2048,"height":1363,"caption":"Prince Albert II took part in the bobsleigh event at five Olympic Winter Games: Calgary 1988, Albertville 1992, Lillehammer 1994, Nagano 1998 and Salt Lake City 2002. (Photo all rights reserved)"},{"@type":"BreadcrumbList","@id":"https:\/\/www.monaco-tribune.com\/en\/sports-in-monaco\/#breadcrumb","itemListElement":[{"@type":"ListItem","position":1,"name":"Accueil","item":"https:\/\/www.monaco-tribune.com\/en\/"},{"@type":"ListItem","position":2,"name":"Monaco and Sports"}]},{"@type":"WebSite","@id":"https:\/\/www.monaco-tribune.com\/en\/#website","url":"https:\/\/www.monaco-tribune.com\/en\/","name":"Monaco Tribune","description":"Monaco : actualit\u00e9s \u00e9conomiques, politiques, culturelles et sportives de Monaco et de la French Riviera.","publisher":{"@id":"https:\/\/www.monaco-tribune.com\/en\/#organization"},"potentialAction":[{"@type":"SearchAction","target":{"@type":"EntryPoint","urlTemplate":"https:\/\/www.monaco-tribune.com\/en\/?s={search_term_string}"},"query-input":{"@type":"PropertyValueSpecification","valueRequired":true,"valueName":"search_term_string"}}],"inLanguage":"en-US"},{"@type":"Organization","@id":"https:\/\/www.monaco-tribune.com\/en\/#organization","name":"Monaco Tribune","url":"https:\/\/www.monaco-tribune.com\/en\/","logo":{"@type":"ImageObject","inLanguage":"en-US","@id":"https:\/\/www.monaco-tribune.com\/en\/#\/schema\/logo\/image\/","url":"https:\/\/www.monaco-tribune.com\/wp-content\/uploads\/2022\/11\/logo-monaco-tribune.png","contentUrl":"https:\/\/www.monaco-tribune.com\/wp-content\/uploads\/2022\/11\/logo-monaco-tribune.png","width":1548,"height":600,"caption":"Monaco Tribune"},"image":{"@id":"https:\/\/www.monaco-tribune.com\/en\/#\/schema\/logo\/image\/"},"sameAs":["https:\/\/www.facebook.com\/MonacoTribune","https:\/\/x.com\/MonacoTribune","https:\/\/www.instagram.com\/monacotribune\/","https:\/\/www.linkedin.com\/company\/monaco-tribune","https:\/\/www.youtube.com\/channel\/UCHle1MnG6hw1y4lWKijVbMA"]}]}},"_links":{"self":[{"href":"https:\/\/www.monaco-tribune.com\/en\/wp-json\/wp\/v2\/pages\/19762","targetHints":{"allow":["GET"]}}],"collection":[{"href":"https:\/\/www.monaco-tribune.com\/en\/wp-json\/wp\/v2\/pages"}],"about":[{"href":"https:\/\/www.monaco-tribune.com\/en\/wp-json\/wp\/v2\/types\/page"}],"author":[{"embeddable":true,"href":"https:\/\/www.monaco-tribune.com\/en\/wp-json\/wp\/v2\/users\/21"}],"replies":[{"embeddable":true,"href":"https:\/\/www.monaco-tribune.com\/en\/wp-json\/wp\/v2\/comments?post=19762"}],"version-history":[{"count":0,"href":"https:\/\/www.monaco-tribune.com\/en\/wp-json\/wp\/v2\/pages\/19762\/revisions"}],"wp:featuredmedia":[{"embeddable":true,"href":"https:\/\/www.monaco-tribune.com\/en\/wp-json\/wp\/v2\/media\/28645"}],"wp:attachment":[{"href":"https:\/\/www.monaco-tribune.com\/en\/wp-json\/wp\/v2\/media?parent=19762"}],"curies":[{"name":"wp","href":"https:\/\/api.w.org\/{rel}","templated":true}]}}