{"id":20338,"date":"2020-01-29T18:57:28","date_gmt":"2020-01-29T17:57:28","guid":{"rendered":"https:\/\/www.monaco-tribune.com\/casinos\/"},"modified":"2020-06-26T15:06:15","modified_gmt":"2020-06-26T13:06:15","slug":"casinos","status":"publish","type":"page","link":"https:\/\/www.monaco-tribune.com\/en\/casinos\/","title":{"rendered":"Casinos"},"content":{"rendered":"<h1><strong>Monaco and the casinos, a true love story<\/strong><\/h1>\n<p><img loading=\"lazy\" decoding=\"async\" class=\"aligncenter wp-image-19678 size-large\" src=\"https:\/\/www.monaco-tribune.com\/wp-content\/uploads\/2020\/01\/casino-monaco-1024x404.jpeg\" alt=\"casino monaco\" width=\"1024\" height=\"404\" srcset=\"https:\/\/www.monaco-tribune.com\/wp-content\/uploads\/2020\/01\/casino-monaco-1024x404.jpeg 1024w, https:\/\/www.monaco-tribune.com\/wp-content\/uploads\/2020\/01\/casino-monaco-600x237.jpeg 600w, https:\/\/www.monaco-tribune.com\/wp-content\/uploads\/2020\/01\/casino-monaco.jpeg 1900w\" sizes=\"auto, (max-width: 1024px) 100vw, 1024px\" \/><\/p>\n<p><strong>With no less than four world-famous casinos active on its territory, the Principality is a unique place for gambling enthusiasts. These famous and legendary establishments have one thing in common: luxurious architecture mixed with a breathtaking decor.<\/strong><\/p>\n<p><strong>\u00a0<\/strong><\/p>\n<h2>Monte-Carlo Casino<\/h2>\n<p>Majestically built in the heart of the Principality, the Casino de Monte-Carlo is undeniably one of the most beautiful casinos in the world. With its singular style, which gives the impression of reliving the Belle Epoque, the establishment was designed in 1879 by the architect Charles Garnier. With seven gaming rooms and lounges with slot machines and gaming tables, three top-of-the-range restaurants for dining and numerous private lounges, the Casino de Monte-Carlo offers an idyllic setting. There are several gardens nearby and an incredible terrace overlooking the Mediterranean. More than just a casino, the building is considered a monument in Monaco.<\/p>\n<p><strong>Good to know<\/strong>: Since 1983 and the film &#8220;Never Say Never Again&#8221; from the James Bond saga, three more shoots have taken place at the Monte Carlo casino. In 1995, Martin Campbell&#8217;s \u201cGoldenEye\u201d with James Bond by Pierce Brosnan was also shot in this legendary casino. Just like the film \u201cCoco&#8221; by Gad Elmaleh, in 2009, and &#8220;Fast and Furious 5&#8221;, in 2011.<\/p>\n<h2>Monte-Carlo Bay Casino<\/h2>\n<p>One word can describe this casino so well: luxury. Refined, comfortable, elegant, the Monte-Carlo Bay Casino is much more than just a casino. It is a place where the slot machines are numerous. Here, in the heart of an incredible hotel, on a four-hectare peninsula, on the very spot where the Mediterranean Sea stretches as far as the eye can see, the casino allows you to relax in the rooms of the Monte-Carlo Bay Hotel &amp; Resort, after a crazy evening of gambling. There is also a magnificent Cinq Mondes spa, as well as the &#8220;Blue Bay&#8221;, &#8220;Las Brisas&#8221; and &#8220;L&#8217;Orange verte&#8221; restaurants that welcome the Monte-Carlo Bay Casino&#8217;s faithful guests.<\/p>\n<p><strong>Good to know<\/strong>: With 334 luxury rooms and suites, the Monte-Carlo Bay Casino boasts a enviable statistic: 75% of its rooms have a sea view. A real plunge into the Mediterranean.<\/p>\n<h2>Casino Caf\u00e9 de Paris<\/h2>\n<p>You get a striking impression of wandering through the streets of Paris. You find yourself in a decor inspired by France&#8217;s capital and designed by Charles Garnier, the architect who built the Garnier Opera House in Paris. The Casino Caf\u00e9 de Paris and its striking view of the Bay of Monaco seems like a paradise for adrenaline-seekers. With nearly five hundred machines, which are added to the gaming tables inside and on the terraces of the establishment, the Caf\u00e9 de Paris seduces and fascinates with its most important jackpots on the French Riviera, sometimes reaching the million euro mark.<\/p>\n<p><strong>Good to know<\/strong>: No, we&#8217;re not in Vegas. But you can come to the Casino Caf\u00e9 de Paris whenever you wish. The casino is open 24 hours a day.<\/p>\n<h2>Sun Casino<\/h2>\n<p>The Sun Casino offers a warm atmosphere, in a chic, but above all relaxed setting. This contemporary, American-inspired establishment is just a few steps away from the Place du Casino. With no less than three hundred table terminals for English Roulette, Craps, Blackjack or Texas Hold&#8217;em Ultimate, the Sun Casino is appreciated for the diversity of its gaming park, but also for its many shows and animations, which blend into the decor, among the slot machines, or even within its delicious restaurant: The Circus.<\/p>\n<p><strong>Good to know<\/strong>: After merging with the Caf\u00e9 de Paris, the Sun Casino will close its doors in 2023. For now, nothing has been confirmed as to whether or not it will be replaced.<\/p>\n","protected":false},"excerpt":{"rendered":"<p>Monaco and the casinos, a true love story With no less than four world-famous casinos active on its territory, the [&hellip;]<\/p>\n","protected":false},"author":21,"featured_media":0,"parent":0,"menu_order":0,"comment_status":"closed","ping_status":"closed","template":"","meta":{"_acf_changed":false,"footnotes":""},"class_list":["post-20338","page","type-page","status-publish","hentry"],"acf":[],"yoast_head":"<!-- This site is optimized with the Yoast SEO Premium plugin v26.8 (Yoast SEO v27.3) - https:\/\/yoast.com\/product\/yoast-seo-premium-wordpress\/ -->\n<title>Casinos<\/title>\n<meta name=\"description\" content=\"Votre magazine qui parle de Monaco et de la C\u00f4te d&#039;Azur: info, culture, lifestyle, business, Famille Princi\u00e8re, AS Monaco, football, basket, personnalit\u00e9s.\" \/>\n<meta name=\"robots\" content=\"index, follow, max-snippet:-1, max-image-preview:large, max-video-preview:-1\" \/>\n<link rel=\"canonical\" href=\"https:\/\/www.monaco-tribune.com\/en\/casinos\/\" \/>\n<meta property=\"og:locale\" content=\"en_US\" \/>\n<meta property=\"og:type\" content=\"article\" \/>\n<meta property=\"og:title\" content=\"Casinos\" \/>\n<meta property=\"og:description\" content=\"Votre magazine qui parle de Monaco et de la C\u00f4te d&#039;Azur: info, culture, lifestyle, business, Famille Princi\u00e8re, AS Monaco, football, basket, personnalit\u00e9s.\" \/>\n<meta property=\"og:url\" content=\"https:\/\/www.monaco-tribune.com\/en\/casinos\/\" \/>\n<meta property=\"og:site_name\" content=\"Monaco Tribune\" \/>\n<meta property=\"article:publisher\" content=\"https:\/\/www.facebook.com\/MonacoTribune\" \/>\n<meta property=\"article:modified_time\" content=\"2020-06-26T13:06:15+00:00\" \/>\n<meta property=\"og:image\" content=\"https:\/\/www.monaco-tribune.com\/wp-content\/uploads\/2020\/01\/casino-monaco-1024x404.jpeg\" \/>\n<meta name=\"twitter:card\" content=\"summary_large_image\" \/>\n<meta name=\"twitter:site\" content=\"@MonacoTribune\" \/>\n<script type=\"application\/ld+json\" class=\"yoast-schema-graph\">{\"@context\":\"https:\\\/\\\/schema.org\",\"@graph\":[{\"@type\":\"WebPage\",\"@id\":\"https:\\\/\\\/www.monaco-tribune.com\\\/en\\\/casinos\\\/\",\"url\":\"https:\\\/\\\/www.monaco-tribune.com\\\/en\\\/casinos\\\/\",\"name\":\"Casinos\",\"isPartOf\":{\"@id\":\"https:\\\/\\\/www.monaco-tribune.com\\\/en\\\/#website\"},\"primaryImageOfPage\":{\"@id\":\"https:\\\/\\\/www.monaco-tribune.com\\\/en\\\/casinos\\\/#primaryimage\"},\"image\":{\"@id\":\"https:\\\/\\\/www.monaco-tribune.com\\\/en\\\/casinos\\\/#primaryimage\"},\"thumbnailUrl\":\"https:\\\/\\\/www.monaco-tribune.com\\\/wp-content\\\/uploads\\\/2020\\\/01\\\/casino-monaco-1024x404.jpeg\",\"datePublished\":\"2020-01-29T17:57:28+00:00\",\"dateModified\":\"2020-06-26T13:06:15+00:00\",\"description\":\"Votre magazine qui parle de Monaco et de la C\u00f4te d'Azur: info, culture, lifestyle, business, Famille Princi\u00e8re, AS Monaco, football, basket, personnalit\u00e9s.\",\"breadcrumb\":{\"@id\":\"https:\\\/\\\/www.monaco-tribune.com\\\/en\\\/casinos\\\/#breadcrumb\"},\"inLanguage\":\"en-US\",\"potentialAction\":[{\"@type\":\"ReadAction\",\"target\":[\"https:\\\/\\\/www.monaco-tribune.com\\\/en\\\/casinos\\\/\"]}]},{\"@type\":\"ImageObject\",\"inLanguage\":\"en-US\",\"@id\":\"https:\\\/\\\/www.monaco-tribune.com\\\/en\\\/casinos\\\/#primaryimage\",\"url\":\"https:\\\/\\\/www.monaco-tribune.com\\\/wp-content\\\/uploads\\\/2020\\\/01\\\/casino-monaco-1024x404.jpeg\",\"contentUrl\":\"https:\\\/\\\/www.monaco-tribune.com\\\/wp-content\\\/uploads\\\/2020\\\/01\\\/casino-monaco-1024x404.jpeg\"},{\"@type\":\"BreadcrumbList\",\"@id\":\"https:\\\/\\\/www.monaco-tribune.com\\\/en\\\/casinos\\\/#breadcrumb\",\"itemListElement\":[{\"@type\":\"ListItem\",\"position\":1,\"name\":\"Accueil\",\"item\":\"https:\\\/\\\/www.monaco-tribune.com\\\/en\\\/\"},{\"@type\":\"ListItem\",\"position\":2,\"name\":\"Casinos\"}]},{\"@type\":\"WebSite\",\"@id\":\"https:\\\/\\\/www.monaco-tribune.com\\\/en\\\/#website\",\"url\":\"https:\\\/\\\/www.monaco-tribune.com\\\/en\\\/\",\"name\":\"Monaco Tribune\",\"description\":\"Monaco : actualit\u00e9s \u00e9conomiques, politiques, culturelles et sportives de Monaco et de la French Riviera.\",\"publisher\":{\"@id\":\"https:\\\/\\\/www.monaco-tribune.com\\\/en\\\/#organization\"},\"potentialAction\":[{\"@type\":\"SearchAction\",\"target\":{\"@type\":\"EntryPoint\",\"urlTemplate\":\"https:\\\/\\\/www.monaco-tribune.com\\\/en\\\/?s={search_term_string}\"},\"query-input\":{\"@type\":\"PropertyValueSpecification\",\"valueRequired\":true,\"valueName\":\"search_term_string\"}}],\"inLanguage\":\"en-US\"},{\"@type\":\"Organization\",\"@id\":\"https:\\\/\\\/www.monaco-tribune.com\\\/en\\\/#organization\",\"name\":\"Monaco Tribune\",\"url\":\"https:\\\/\\\/www.monaco-tribune.com\\\/en\\\/\",\"logo\":{\"@type\":\"ImageObject\",\"inLanguage\":\"en-US\",\"@id\":\"https:\\\/\\\/www.monaco-tribune.com\\\/en\\\/#\\\/schema\\\/logo\\\/image\\\/\",\"url\":\"https:\\\/\\\/www.monaco-tribune.com\\\/wp-content\\\/uploads\\\/2022\\\/11\\\/logo-monaco-tribune.png\",\"contentUrl\":\"https:\\\/\\\/www.monaco-tribune.com\\\/wp-content\\\/uploads\\\/2022\\\/11\\\/logo-monaco-tribune.png\",\"width\":1548,\"height\":600,\"caption\":\"Monaco Tribune\"},\"image\":{\"@id\":\"https:\\\/\\\/www.monaco-tribune.com\\\/en\\\/#\\\/schema\\\/logo\\\/image\\\/\"},\"sameAs\":[\"https:\\\/\\\/www.facebook.com\\\/MonacoTribune\",\"https:\\\/\\\/x.com\\\/MonacoTribune\",\"https:\\\/\\\/www.instagram.com\\\/monacotribune\\\/\",\"https:\\\/\\\/www.linkedin.com\\\/company\\\/monaco-tribune\",\"https:\\\/\\\/www.youtube.com\\\/channel\\\/UCHle1MnG6hw1y4lWKijVbMA\"]}]}<\/script>\n<!-- \/ Yoast SEO Premium plugin. -->","yoast_head_json":{"title":"Casinos","description":"Votre magazine qui parle de Monaco et de la C\u00f4te d'Azur: info, culture, lifestyle, business, Famille Princi\u00e8re, AS Monaco, football, basket, personnalit\u00e9s.","robots":{"index":"index","follow":"follow","max-snippet":"max-snippet:-1","max-image-preview":"max-image-preview:large","max-video-preview":"max-video-preview:-1"},"canonical":"https:\/\/www.monaco-tribune.com\/en\/casinos\/","og_locale":"en_US","og_type":"article","og_title":"Casinos","og_description":"Votre magazine qui parle de Monaco et de la C\u00f4te d'Azur: info, culture, lifestyle, business, Famille Princi\u00e8re, AS Monaco, football, basket, personnalit\u00e9s.","og_url":"https:\/\/www.monaco-tribune.com\/en\/casinos\/","og_site_name":"Monaco Tribune","article_publisher":"https:\/\/www.facebook.com\/MonacoTribune","article_modified_time":"2020-06-26T13:06:15+00:00","og_image":[{"url":"https:\/\/www.monaco-tribune.com\/wp-content\/uploads\/2020\/01\/casino-monaco-1024x404.jpeg","type":"","width":"","height":""}],"twitter_card":"summary_large_image","twitter_site":"@MonacoTribune","schema":{"@context":"https:\/\/schema.org","@graph":[{"@type":"WebPage","@id":"https:\/\/www.monaco-tribune.com\/en\/casinos\/","url":"https:\/\/www.monaco-tribune.com\/en\/casinos\/","name":"Casinos","isPartOf":{"@id":"https:\/\/www.monaco-tribune.com\/en\/#website"},"primaryImageOfPage":{"@id":"https:\/\/www.monaco-tribune.com\/en\/casinos\/#primaryimage"},"image":{"@id":"https:\/\/www.monaco-tribune.com\/en\/casinos\/#primaryimage"},"thumbnailUrl":"https:\/\/www.monaco-tribune.com\/wp-content\/uploads\/2020\/01\/casino-monaco-1024x404.jpeg","datePublished":"2020-01-29T17:57:28+00:00","dateModified":"2020-06-26T13:06:15+00:00","description":"Votre magazine qui parle de Monaco et de la C\u00f4te d'Azur: info, culture, lifestyle, business, Famille Princi\u00e8re, AS Monaco, football, basket, personnalit\u00e9s.","breadcrumb":{"@id":"https:\/\/www.monaco-tribune.com\/en\/casinos\/#breadcrumb"},"inLanguage":"en-US","potentialAction":[{"@type":"ReadAction","target":["https:\/\/www.monaco-tribune.com\/en\/casinos\/"]}]},{"@type":"ImageObject","inLanguage":"en-US","@id":"https:\/\/www.monaco-tribune.com\/en\/casinos\/#primaryimage","url":"https:\/\/www.monaco-tribune.com\/wp-content\/uploads\/2020\/01\/casino-monaco-1024x404.jpeg","contentUrl":"https:\/\/www.monaco-tribune.com\/wp-content\/uploads\/2020\/01\/casino-monaco-1024x404.jpeg"},{"@type":"BreadcrumbList","@id":"https:\/\/www.monaco-tribune.com\/en\/casinos\/#breadcrumb","itemListElement":[{"@type":"ListItem","position":1,"name":"Accueil","item":"https:\/\/www.monaco-tribune.com\/en\/"},{"@type":"ListItem","position":2,"name":"Casinos"}]},{"@type":"WebSite","@id":"https:\/\/www.monaco-tribune.com\/en\/#website","url":"https:\/\/www.monaco-tribune.com\/en\/","name":"Monaco Tribune","description":"Monaco : actualit\u00e9s \u00e9conomiques, politiques, culturelles et sportives de Monaco et de la French Riviera.","publisher":{"@id":"https:\/\/www.monaco-tribune.com\/en\/#organization"},"potentialAction":[{"@type":"SearchAction","target":{"@type":"EntryPoint","urlTemplate":"https:\/\/www.monaco-tribune.com\/en\/?s={search_term_string}"},"query-input":{"@type":"PropertyValueSpecification","valueRequired":true,"valueName":"search_term_string"}}],"inLanguage":"en-US"},{"@type":"Organization","@id":"https:\/\/www.monaco-tribune.com\/en\/#organization","name":"Monaco Tribune","url":"https:\/\/www.monaco-tribune.com\/en\/","logo":{"@type":"ImageObject","inLanguage":"en-US","@id":"https:\/\/www.monaco-tribune.com\/en\/#\/schema\/logo\/image\/","url":"https:\/\/www.monaco-tribune.com\/wp-content\/uploads\/2022\/11\/logo-monaco-tribune.png","contentUrl":"https:\/\/www.monaco-tribune.com\/wp-content\/uploads\/2022\/11\/logo-monaco-tribune.png","width":1548,"height":600,"caption":"Monaco Tribune"},"image":{"@id":"https:\/\/www.monaco-tribune.com\/en\/#\/schema\/logo\/image\/"},"sameAs":["https:\/\/www.facebook.com\/MonacoTribune","https:\/\/x.com\/MonacoTribune","https:\/\/www.instagram.com\/monacotribune\/","https:\/\/www.linkedin.com\/company\/monaco-tribune","https:\/\/www.youtube.com\/channel\/UCHle1MnG6hw1y4lWKijVbMA"]}]}},"_links":{"self":[{"href":"https:\/\/www.monaco-tribune.com\/en\/wp-json\/wp\/v2\/pages\/20338","targetHints":{"allow":["GET"]}}],"collection":[{"href":"https:\/\/www.monaco-tribune.com\/en\/wp-json\/wp\/v2\/pages"}],"about":[{"href":"https:\/\/www.monaco-tribune.com\/en\/wp-json\/wp\/v2\/types\/page"}],"author":[{"embeddable":true,"href":"https:\/\/www.monaco-tribune.com\/en\/wp-json\/wp\/v2\/users\/21"}],"replies":[{"embeddable":true,"href":"https:\/\/www.monaco-tribune.com\/en\/wp-json\/wp\/v2\/comments?post=20338"}],"version-history":[{"count":0,"href":"https:\/\/www.monaco-tribune.com\/en\/wp-json\/wp\/v2\/pages\/20338\/revisions"}],"wp:attachment":[{"href":"https:\/\/www.monaco-tribune.com\/en\/wp-json\/wp\/v2\/media?parent=20338"}],"curies":[{"name":"wp","href":"https:\/\/api.w.org\/{rel}","templated":true}]}}