{"id":19610,"date":"2020-01-22T20:54:44","date_gmt":"2020-01-22T19:54:44","guid":{"rendered":"https:\/\/www.monaco-tribune.com\/a-proposito-di-monaco\/"},"modified":"2021-01-15T15:36:23","modified_gmt":"2021-01-15T14:36:23","slug":"a-proposito-di-monaco","status":"publish","type":"page","link":"https:\/\/www.monaco-tribune.com\/it\/a-proposito-di-monaco\/","title":{"rendered":"Monaco: un Principato unico nel suo genere"},"content":{"rendered":"\n<p id=\"h-affacciato-sul-mar-mediterraneo-il-principato-di-monaco-si-estende-su-una-superfice-di-appena-2-02-km2-conosciuto-in-tutto-il-mondo-per-i-suoi-paesaggi-sublimi-il-clima-clemente-e-la-passione-per-il-lusso-la-moda-la-cultura-e-lo-sport-monaco-si-conferma-uno-dei-luoghi-pi-bancabili-del-pianeta-scoprite-questa-citt-stato-unica-nel-suo-genere\"><strong>Affacciato sul mar Mediterraneo, il Principato di Monaco si estende su una superficie di appena 2,02 km<sup>2<\/sup>. Conosciuto in tutto il mondo per i suoi paesaggi sublimi, il clima clemente e la passione per il lusso, la moda, la cultura e lo sport, Monaco si conferma uno dei luoghi pi\u00f9 <em>bancabili<\/em> del pianeta. Scoprite questa citt\u00e0-stato unica nel suo genere.<\/strong><\/p>\n\n\n\n<figure class=\"wp-block-image size-large\"><img loading=\"lazy\" decoding=\"async\" width=\"1023\" height=\"575\" src=\"https:\/\/www.monaco-tribune.com\/wp-content\/uploads\/2020\/11\/monaco-covid-19-e1606478044724.jpg\" alt=\"Monaco-Covid-19\" class=\"wp-image-48027\" srcset=\"https:\/\/www.monaco-tribune.com\/wp-content\/uploads\/2020\/11\/monaco-covid-19-e1606478044724.jpg 1023w, https:\/\/www.monaco-tribune.com\/wp-content\/uploads\/2020\/11\/monaco-covid-19-e1606478044724-534x300.jpg 534w\" sizes=\"auto, (max-width: 1023px) 100vw, 1023px\" \/><figcaption>Wikipedia<\/figcaption><\/figure>\n\n\n\n<h2 class=\"has-text-align-center wp-block-heading\" id=\"h-storia\"><strong>Storia<\/strong><\/h2>\n\n\n\n<p>Le prime tracce di vita rinvenute a Monaco risalgono a circa 300.000 anni prima dell\u2019arrivo di Ges\u00f9 Cristo. Ancora oggi, nei cantieri del Principato vengono rinvenuti resti di ossa e di altre tracce della vita preistorica, oltre ad alcune grotte che sono persino visitabili (come quelle dell\u2019Osservatorio del Giardino Esotico e quella di Saint-Martin nel centro storico). La storia contemporanea di Monaco, tuttavia, \u00e8 legata alla famiglia Grimaldi, che regna sul Principato dal XVIII secolo.<\/p>\n\n\n\n<p>L\u2019autorit\u00e0 dei Grimaldi fu riconosciuta definitivamente nel 1314 e arriva fino ai giorni nostri, fatta eccezione per il periodo dal 1793 al 1814, in cui Monaco \u00e8 stata annessa alla Francia con il nome di Fort-Hercule. Fino al 1861, il Principato di Monaco comprendeva anche i comuni di Roccabruna e Mentone, che poi sono stati riannessi alla Francia. Nel 1918, il Principato e la Francia firmano un trattato in cui la Repubblica francese si impegna a proteggere Monaco. La sovranit\u00e0 monegasca viene quindi riconosciuta come indipendente, ma a una sola condizione: se la dinastia attuale dovesse estinguersi, il territorio sar\u00e0 annesso nuovamente alla Francia.<\/p>\n\n\n\n<figure class=\"wp-block-image size-large\"><img loading=\"lazy\" decoding=\"async\" width=\"1024\" height=\"768\" src=\"https:\/\/www.monaco-tribune.com\/wp-content\/uploads\/2020\/11\/famille-princie\u0300re.jpg\" alt=\"famille-princie\u0300re-monaco\" class=\"wp-image-46803\" srcset=\"https:\/\/www.monaco-tribune.com\/wp-content\/uploads\/2020\/11\/famille-princie\u0300re.jpg 1024w, https:\/\/www.monaco-tribune.com\/wp-content\/uploads\/2020\/11\/famille-princie\u0300re-400x300.jpg 400w\" sizes=\"auto, (max-width: 1024px) 100vw, 1024px\" \/><figcaption>Famiglia principesca \/ Foto : Palazzo del Principe<\/figcaption><\/figure>\n\n\n\n<p>Sotto la guida del Principe Carlo III, il Principato conosce un importante sviluppo economico. Vista la popolarit\u00e0 degli stabilimenti balneari delle citt\u00e0 francesi vicine, il Sovrano decide di costruirne uno per Monaco, insieme a un piccolo casin\u00f2. All\u2019inizio, per\u00f2, i risultati non sono quelli sperati. Per attirare pi\u00f9 turisti, Carlo III decide di rivolgersi a Fran\u00e7ois Blanc, un imprenditore della Provenza che aveva fatto fortuna con una sala da gioco a Bad-Homburg, in Germania. Fu proprio lui che nel 1863 fond\u00f2 la Soci\u00e9t\u00e9 des Bains de Mer (SBM) e increment\u00f2 la crescita del casin\u00f2, attorno al quale vennero costruiti diversi hotel di lusso. Dopo un accordo con il Principe che concedeva a Blanc la gestione del casin\u00f2 per cinquant\u2019anni, il fatturato versato dalla SBM costituir\u00e0 per molto tempo il solo tesoro pubblico e privato di Monaco. La societ\u00e0 si occupa anche dei trasporti pubblici, inaugurando una linea ferroviaria che collega il Principato a Nizza e a Mentone.<\/p>\n\n\n\n<figure class=\"wp-block-image size-large\"><img loading=\"lazy\" decoding=\"async\" width=\"1024\" height=\"594\" src=\"https:\/\/www.monaco-tribune.com\/wp-content\/uploads\/2020\/12\/place-casino-monte-carlo-1024x594.jpg\" alt=\"Place-casino-monte-carlo\" class=\"wp-image-56481\" srcset=\"https:\/\/www.monaco-tribune.com\/wp-content\/uploads\/2020\/12\/place-casino-monte-carlo-1024x594.jpg 1024w, https:\/\/www.monaco-tribune.com\/wp-content\/uploads\/2020\/12\/place-casino-monte-carlo-517x300.jpg 517w, https:\/\/www.monaco-tribune.com\/wp-content\/uploads\/2020\/12\/place-casino-monte-carlo-259x150.jpg 259w, https:\/\/www.monaco-tribune.com\/wp-content\/uploads\/2020\/12\/place-casino-monte-carlo-768x445.jpg 768w, https:\/\/www.monaco-tribune.com\/wp-content\/uploads\/2020\/12\/place-casino-monte-carlo-175x102.jpg 175w, https:\/\/www.monaco-tribune.com\/wp-content\/uploads\/2020\/12\/place-casino-monte-carlo.jpg 1200w\" sizes=\"auto, (max-width: 1024px) 100vw, 1024px\" \/><figcaption>Monte-Carlo SBM<\/figcaption><\/figure>\n\n\n\n<p>Oggi, la SBM gestisce i pi\u00f9 grandi stabilimenti del Principato, tra cui, ma non solo, il Casin\u00f2 di Monte-Carlo, l\u2019Hotel de Paris e l\u2019Hotel Hermitage, ed \u00e8 la societ\u00e0 con il maggior numero di dipendenti di Monaco.<\/p>\n\n\n\n<hr class=\"wp-block-separator\"\/>\n\n\n\n<p><strong>La sapevate?<\/strong><\/p>\n\n\n\n<p>La bandiera di Monaco presenta due strisce bianche orizzontali delle stesse dimensioni, una rossa in alto e una bianca in basso. Il disegno risale al 1881, ma i colori risalgono agli stendardi monegaschi del XV secolo.<\/p>\n\n\n\n<p>Sul Palazzo del Principe, sugli edifici del governo o ancora sullo yacht del Principe, sventola la bandiera di Stato, bianca e con lo stemma di Monaco.<\/p>\n\n\n\n<hr class=\"wp-block-separator\"\/>\n\n\n\n<h2 class=\"has-text-align-center wp-block-heading\" id=\"h-politica\"><strong>Politica<\/strong><\/h2>\n\n\n\n<p>Il Principato \u00e8 una monarchia costituzionale ereditaria basata sulla sovranit\u00e0 della legge su tutte le istituzioni e che garantisce la divisione dei poteri. Il regime politico e istituzionale \u00e8 regolato dalla Costituzione del 17 dicembre 1962. Il Principato di Monaco \u00e8 guidato dal Principe Alberto II di Monaco, figlio del Principe Ranieri III e della Principessa Grace, che detiene il potere esecutivo.<\/p>\n\n\n\n<p>Il Principe Alberto II \u00e8 assistito dal Ministro di Stato (attualmente Pierre Dartout) che ha potere decisionale. Fino al 1\u00b0 dicembre 2005, il Ministro di Stato doveva essere obbligatoriamente un cittadino francese, scelto tra gli alti funzionari proposti dal governo francese. Grazie a un patto di amicizia e cooperazione firmato tra Monaco e la Francia, quest\u2019obbligo non \u00e8 pi\u00f9 in vigore. Ciononostante, fino ad oggi, nessun monegasco \u00e8 stato eletto come Ministro di Stato dal Principe.<\/p>\n\n\n\n<figure class=\"wp-block-image size-large\"><img loading=\"lazy\" decoding=\"async\" width=\"1024\" height=\"555\" src=\"https:\/\/www.monaco-tribune.com\/wp-content\/uploads\/2020\/10\/pierre-dartout-monaco-info-1024x555.png\" alt=\"Pierre Dartout Monaco Info\" class=\"wp-image-42800\" srcset=\"https:\/\/www.monaco-tribune.com\/wp-content\/uploads\/2020\/10\/pierre-dartout-monaco-info-1024x555.png 1024w, https:\/\/www.monaco-tribune.com\/wp-content\/uploads\/2020\/10\/pierre-dartout-monaco-info-554x300.png 554w, https:\/\/www.monaco-tribune.com\/wp-content\/uploads\/2020\/10\/pierre-dartout-monaco-info-277x150.png 277w, https:\/\/www.monaco-tribune.com\/wp-content\/uploads\/2020\/10\/pierre-dartout-monaco-info-768x416.png 768w, https:\/\/www.monaco-tribune.com\/wp-content\/uploads\/2020\/10\/pierre-dartout-monaco-info-175x95.png 175w, https:\/\/www.monaco-tribune.com\/wp-content\/uploads\/2020\/10\/pierre-dartout-monaco-info.png 1200w\" sizes=\"auto, (max-width: 1024px) 100vw, 1024px\" \/><figcaption>Pierre Dartout \/ Monaco Info<\/figcaption><\/figure>\n\n\n\n<p>&nbsp;Il Ministro di Stato presiede il Consiglio del governo. Questo \u00e8 formato da cinque Consiglieri, divisi nei seguenti ministeri:<\/p>\n\n\n\n<ul class=\"wp-block-list\"><li>Ministero dell\u2019Interno (Patrice Cellario)<\/li><li>Ministero delle Finanze e dell\u2019Economia (Jean Castellini)<\/li><li>Ministero degli Affari Sociali e della Sanit\u00e0 (Didier Gamerdinger)<\/li><li>Ministero delle Infrastrutture, dell\u2019Ambiente e dell\u2019Urbanistica (Marie-Pierre Gramaglia)<\/li><li>Ministero delle Relazioni Internazionali e della Cooperazione (Laurent Anselmi)<\/li><\/ul>\n\n\n\n<p>Il Ministero della giustizia non \u00e8 presente: a Monaco questo ufficio non sottost\u00e0 al potere esecutivo. L\u2019amministrazione della giustizia spetta alla Direzione dei Servizi Giudiziari, istituita nel 1918 in modo che fosse separata dall\u2019autorit\u00e0 governativa e fosse autonoma.<\/p>\n\n\n\n<p>Il potere legislativo \u00e8 detenuto congiuntamente dal Principe e dal Consiglio Nazionale. Questa assemblea rappresentativa vota le leggi e i bilanci, e attualmente \u00e8 presieduta da St\u00e9phane Val\u00e9ri. Ogni cinque anni, i 24 membri del consiglio sono eletti con il sistema del suffragio universale dai cittadini di nazionalit\u00e0 monegasca maggiorenni e di entrambi i sessi.<\/p>\n\n\n\n<figure class=\"wp-block-image size-large\"><img loading=\"lazy\" decoding=\"async\" width=\"1024\" height=\"683\" src=\"https:\/\/www.monaco-tribune.com\/wp-content\/uploads\/2020\/09\/cdp_ste\u0301phane-valeri-4-min-1024x683.jpg\" alt=\"Stephane-Valeri-Conseil-national\" class=\"wp-image-37183\" srcset=\"https:\/\/www.monaco-tribune.com\/wp-content\/uploads\/2020\/09\/cdp_ste\u0301phane-valeri-4-min-1024x683.jpg 1024w, https:\/\/www.monaco-tribune.com\/wp-content\/uploads\/2020\/09\/cdp_ste\u0301phane-valeri-4-min-300x200.jpg 300w, https:\/\/www.monaco-tribune.com\/wp-content\/uploads\/2020\/09\/cdp_ste\u0301phane-valeri-4-min-768x512.jpg 768w, https:\/\/www.monaco-tribune.com\/wp-content\/uploads\/2020\/09\/cdp_ste\u0301phane-valeri-4-min-1536x1024.jpg 1536w, https:\/\/www.monaco-tribune.com\/wp-content\/uploads\/2020\/09\/cdp_ste\u0301phane-valeri-4-min-2048x1365.jpg 2048w, https:\/\/www.monaco-tribune.com\/wp-content\/uploads\/2020\/09\/cdp_ste\u0301phane-valeri-4-min-219x146.jpg 219w, https:\/\/www.monaco-tribune.com\/wp-content\/uploads\/2020\/09\/cdp_ste\u0301phane-valeri-4-min-50x33.jpg 50w, https:\/\/www.monaco-tribune.com\/wp-content\/uploads\/2020\/09\/cdp_ste\u0301phane-valeri-4-min-113x75.jpg 113w, https:\/\/www.monaco-tribune.com\/wp-content\/uploads\/2020\/09\/cdp_ste\u0301phane-valeri-4-min-scaled.jpg 1920w\" sizes=\"auto, (max-width: 1024px) 100vw, 1024px\" \/><figcaption>Stephane Valeri \/ Consiglio Nazionale<\/figcaption><\/figure>\n\n\n\n<p>Il Principato dispone, inoltre, di un Consiglio Comunale (che delibera sulle questioni locali), di un Consiglio Economico, Sociale e Ambientale, di un Consiglio della Corona, di un Consiglio di Stato e di una Commissione Superiore del Bilancio.<\/p>\n\n\n\n<p>Il Principato di Monaco fa anche parte dell\u2019Assemblea parlamentare della francofonia, oltre che dell\u2019Organizzazione internazionale della francofonia.<\/p>\n\n\n\n<h2 class=\"has-text-align-center wp-block-heading\" id=\"h-demografia\"><strong>Demografia<\/strong><\/h2>\n\n\n\n<p>Il Principato di Monaco conta 37.308 abitanti (2016) ed \u00e8 lo Stato con pi\u00f9 alta densit\u00e0 di popolazione al mondo, con 19.009 abitanti per km<sup>2<\/sup>. Un\u2019altra particolarit\u00e0 \u00e8 che i monegaschi sono una minoranza: rappresentano, infatti, solo un quarto della popolazione, con 8.378 abitanti. I residenti del Principato appartengono a 139 nazionalit\u00e0 differenti. Tra queste troviamo una maggioranza di francesi (9.286), ma anche italiani (8.172), inglesi (2.795), svizzeri (1.187), belgi (1.073) o ancora tedeschi, russi, olandesi o portoghesi.<\/p>\n\n\n\n<p>La lingua ufficiale \u00e8 il francese, ma l\u2019italiano e l\u2019inglese sono molto diffusi. Il Principato di Monaco ha anche la sua lingua, il <em>moneg\u00f9<\/em>, che viene insegnata nelle scuole.<\/p>\n\n\n\n<p><strong>>> LEGGI ANCHE:<\/strong> <a href=\"https:\/\/www.monaco-tribune.com\/it\/2020\/04\/umparamu-u-munegascu-alla-scoperta-del-monegasco\/\">\u201c\u00dcmparamu u munegascu!\u201d: Alla scoperta del monegasco<\/a><\/p>\n\n\n\n<h2 class=\"has-text-align-center wp-block-heading\" id=\"h-geografia\"><strong>Geografia<\/strong><\/h2>\n\n\n\n<p>Monaco si trova sulla Costa Azzurra, affacciato sul Mediterraneo, tra la citt\u00e0 di Nizza e l\u2019Italia. Secondo Stato pi\u00f9 piccolo al mondo dopo il Vaticano, il territorio del Principato si estende su una superficie complessiva di appena 2,02 km<sup>2<\/sup>. Confina con i comuni francesi di Turbia, Roccabruna, Cap d\u2019Ail e Beausoleil. Il Principato non supera i 70 metri di altitudine (la piazza del Palazzo si trova a 62 metri), anche se le pendici del monte Angel arrivano a 164 metri sopra il livello del mare.<\/p>\n\n\n\n<p>Nel corso degli ultimi anni, grazie ad alcuni lavori impegnativi, \u00e8 stato possibile estendere il territorio monegasco sul mare: il quartiere di Fontvielle, per esempio, ha prolungato il Principato di 22 ettari. Un altro nuovo quartiere di sei ettari \u00e8 al momento in costruzione, i lavori saranno ultimati nel 2025.<\/p>\n\n\n\n<p>Oggi, Monaco \u00e8 formata dai seguenti quartieri:<\/p>\n\n\n\n<ul class=\"wp-block-list\"><li>La Condamine<\/li><li>Fontvieille<\/li><li>Il Larvotto<\/li><li>Il Jardin Exotique<\/li><li>Monaco-Ville<\/li><li>I Moneghetti<\/li><li>Monte-Carlo<\/li><li>La Rousse<\/li><\/ul>\n\n\n\n<figure class=\"wp-block-image size-large\"><img loading=\"lazy\" decoding=\"async\" width=\"1024\" height=\"576\" src=\"https:\/\/www.monaco-tribune.com\/wp-content\/uploads\/2019\/02\/fontvielle-fuksas-monaco-waterfront-architecture-masterplan.jpg\" alt=\"\" class=\"wp-image-54856\" srcset=\"https:\/\/www.monaco-tribune.com\/wp-content\/uploads\/2019\/02\/fontvielle-fuksas-monaco-waterfront-architecture-masterplan.jpg 1024w, https:\/\/www.monaco-tribune.com\/wp-content\/uploads\/2019\/02\/fontvielle-fuksas-monaco-waterfront-architecture-masterplan-300x169.jpg 300w, https:\/\/www.monaco-tribune.com\/wp-content\/uploads\/2019\/02\/fontvielle-fuksas-monaco-waterfront-architecture-masterplan-768x432.jpg 768w\" sizes=\"auto, (max-width: 1024px) 100vw, 1024px\" \/><figcaption>Fontvieille 2027, Socri Reim<\/figcaption><\/figure>\n\n\n\n<h2 class=\"has-text-align-center wp-block-heading\" id=\"h-economia\"><strong>Economia<\/strong><\/h2>\n\n\n\n<p>La maggior parte delle entrate di Monaco provengono dai servizi, dall\u2019IVA monegasca e dal commercio, oltre che dal settore immobiliare. Il turismo si classifica solo in terza posizione. Nel 2008, il PIL del Principato ammontava a 7,2 miliardi di dollari (6,4 miliardi di euro), ovvero 222.022 dollari per abitante (119.982 euro). Un dato che fa posizionare Monaco in testa alla classifica mondiale di reddito pro capite. Dal 1\u00b0 gennaio 1999, l\u2019euro \u00e8 la moneta ufficiale del Principato, preceduta dal franco monegasco. Monaco \u00e8 uno dei cinque micro-Stati non membri dell\u2019Unione Europea autorizzati a utilizzare l\u2019euro.<\/p>\n","protected":false},"excerpt":{"rendered":"<p>Affacciato sul mar Mediterraneo, il Principato di Monaco si estende su una superficie di appena 2,02 km2. Conosciuto in tutto [&hellip;]<\/p>\n","protected":false},"author":4,"featured_media":19657,"parent":0,"menu_order":0,"comment_status":"closed","ping_status":"closed","template":"","meta":{"_acf_changed":false,"footnotes":""},"class_list":["post-19610","page","type-page","status-publish","has-post-thumbnail","hentry"],"acf":[],"yoast_head":"<!-- This site is optimized with the Yoast SEO Premium plugin v26.8 (Yoast SEO v27.3) - https:\/\/yoast.com\/product\/yoast-seo-premium-wordpress\/ -->\n<title>Monaco: un Principato unico nel suo genere<\/title>\n<meta name=\"description\" content=\"Votre magazine qui parle de Monaco et de la C\u00f4te d&#039;Azur: info, culture, lifestyle, business, Famille Princi\u00e8re, AS Monaco, football, basket, personnalit\u00e9s.\" \/>\n<meta name=\"robots\" content=\"index, follow, max-snippet:-1, max-image-preview:large, max-video-preview:-1\" \/>\n<link rel=\"canonical\" href=\"https:\/\/www.monaco-tribune.com\/it\/a-proposito-di-monaco\/\" \/>\n<meta property=\"og:locale\" content=\"it_IT\" \/>\n<meta property=\"og:type\" content=\"article\" \/>\n<meta property=\"og:title\" content=\"Monaco: un Principato unico nel suo genere\" \/>\n<meta property=\"og:description\" content=\"Votre magazine qui parle de Monaco et de la C\u00f4te d&#039;Azur: info, culture, lifestyle, business, Famille Princi\u00e8re, AS Monaco, football, basket, personnalit\u00e9s.\" \/>\n<meta property=\"og:url\" content=\"https:\/\/www.monaco-tribune.com\/it\/a-proposito-di-monaco\/\" \/>\n<meta property=\"og:site_name\" content=\"Monaco Tribune\" \/>\n<meta property=\"article:publisher\" content=\"https:\/\/www.facebook.com\/MonacoTribune\" \/>\n<meta property=\"article:modified_time\" content=\"2021-01-15T14:36:23+00:00\" \/>\n<meta property=\"og:image\" content=\"https:\/\/www.monaco-tribune.com\/wp-content\/uploads\/2020\/01\/Monaco-image.jpeg\" \/>\n\t<meta property=\"og:image:width\" content=\"1600\" \/>\n\t<meta property=\"og:image:height\" content=\"1200\" \/>\n\t<meta property=\"og:image:type\" content=\"image\/jpeg\" \/>\n<meta name=\"twitter:card\" content=\"summary_large_image\" \/>\n<meta name=\"twitter:site\" content=\"@MonacoTribune\" \/>\n<script type=\"application\/ld+json\" class=\"yoast-schema-graph\">{\"@context\":\"https:\\\/\\\/schema.org\",\"@graph\":[{\"@type\":\"WebPage\",\"@id\":\"https:\\\/\\\/www.monaco-tribune.com\\\/it\\\/a-proposito-di-monaco\\\/\",\"url\":\"https:\\\/\\\/www.monaco-tribune.com\\\/it\\\/a-proposito-di-monaco\\\/\",\"name\":\"Monaco: un Principato unico nel suo genere\",\"isPartOf\":{\"@id\":\"https:\\\/\\\/www.monaco-tribune.com\\\/it\\\/#website\"},\"primaryImageOfPage\":{\"@id\":\"https:\\\/\\\/www.monaco-tribune.com\\\/it\\\/a-proposito-di-monaco\\\/#primaryimage\"},\"image\":{\"@id\":\"https:\\\/\\\/www.monaco-tribune.com\\\/it\\\/a-proposito-di-monaco\\\/#primaryimage\"},\"thumbnailUrl\":\"https:\\\/\\\/www.monaco-tribune.com\\\/wp-content\\\/uploads\\\/2020\\\/01\\\/Monaco-image.jpeg\",\"datePublished\":\"2020-01-22T19:54:44+00:00\",\"dateModified\":\"2021-01-15T14:36:23+00:00\",\"description\":\"Votre magazine qui parle de Monaco et de la C\u00f4te d'Azur: info, culture, lifestyle, business, Famille Princi\u00e8re, AS Monaco, football, basket, personnalit\u00e9s.\",\"breadcrumb\":{\"@id\":\"https:\\\/\\\/www.monaco-tribune.com\\\/it\\\/a-proposito-di-monaco\\\/#breadcrumb\"},\"inLanguage\":\"it-IT\",\"potentialAction\":[{\"@type\":\"ReadAction\",\"target\":[\"https:\\\/\\\/www.monaco-tribune.com\\\/it\\\/a-proposito-di-monaco\\\/\"]}]},{\"@type\":\"ImageObject\",\"inLanguage\":\"it-IT\",\"@id\":\"https:\\\/\\\/www.monaco-tribune.com\\\/it\\\/a-proposito-di-monaco\\\/#primaryimage\",\"url\":\"https:\\\/\\\/www.monaco-tribune.com\\\/wp-content\\\/uploads\\\/2020\\\/01\\\/Monaco-image.jpeg\",\"contentUrl\":\"https:\\\/\\\/www.monaco-tribune.com\\\/wp-content\\\/uploads\\\/2020\\\/01\\\/Monaco-image.jpeg\",\"width\":1600,\"height\":1200,\"caption\":\"DR\"},{\"@type\":\"BreadcrumbList\",\"@id\":\"https:\\\/\\\/www.monaco-tribune.com\\\/it\\\/a-proposito-di-monaco\\\/#breadcrumb\",\"itemListElement\":[{\"@type\":\"ListItem\",\"position\":1,\"name\":\"Accueil\",\"item\":\"https:\\\/\\\/www.monaco-tribune.com\\\/it\\\/\"},{\"@type\":\"ListItem\",\"position\":2,\"name\":\"Monaco: un Principato unico nel suo genere\"}]},{\"@type\":\"WebSite\",\"@id\":\"https:\\\/\\\/www.monaco-tribune.com\\\/it\\\/#website\",\"url\":\"https:\\\/\\\/www.monaco-tribune.com\\\/it\\\/\",\"name\":\"Monaco Tribune\",\"description\":\"Monaco : actualit\u00e9s \u00e9conomiques, politiques, culturelles et sportives de Monaco et de la French Riviera.\",\"publisher\":{\"@id\":\"https:\\\/\\\/www.monaco-tribune.com\\\/it\\\/#organization\"},\"potentialAction\":[{\"@type\":\"SearchAction\",\"target\":{\"@type\":\"EntryPoint\",\"urlTemplate\":\"https:\\\/\\\/www.monaco-tribune.com\\\/it\\\/?s={search_term_string}\"},\"query-input\":{\"@type\":\"PropertyValueSpecification\",\"valueRequired\":true,\"valueName\":\"search_term_string\"}}],\"inLanguage\":\"it-IT\"},{\"@type\":\"Organization\",\"@id\":\"https:\\\/\\\/www.monaco-tribune.com\\\/it\\\/#organization\",\"name\":\"Monaco Tribune\",\"url\":\"https:\\\/\\\/www.monaco-tribune.com\\\/it\\\/\",\"logo\":{\"@type\":\"ImageObject\",\"inLanguage\":\"it-IT\",\"@id\":\"https:\\\/\\\/www.monaco-tribune.com\\\/it\\\/#\\\/schema\\\/logo\\\/image\\\/\",\"url\":\"https:\\\/\\\/www.monaco-tribune.com\\\/wp-content\\\/uploads\\\/2022\\\/11\\\/logo-monaco-tribune.png\",\"contentUrl\":\"https:\\\/\\\/www.monaco-tribune.com\\\/wp-content\\\/uploads\\\/2022\\\/11\\\/logo-monaco-tribune.png\",\"width\":1548,\"height\":600,\"caption\":\"Monaco Tribune\"},\"image\":{\"@id\":\"https:\\\/\\\/www.monaco-tribune.com\\\/it\\\/#\\\/schema\\\/logo\\\/image\\\/\"},\"sameAs\":[\"https:\\\/\\\/www.facebook.com\\\/MonacoTribune\",\"https:\\\/\\\/x.com\\\/MonacoTribune\",\"https:\\\/\\\/www.instagram.com\\\/monacotribune\\\/\",\"https:\\\/\\\/www.linkedin.com\\\/company\\\/monaco-tribune\",\"https:\\\/\\\/www.youtube.com\\\/channel\\\/UCHle1MnG6hw1y4lWKijVbMA\"]}]}<\/script>\n<!-- \/ Yoast SEO Premium plugin. -->","yoast_head_json":{"title":"Monaco: un Principato unico nel suo genere","description":"Votre magazine qui parle de Monaco et de la C\u00f4te d'Azur: info, culture, lifestyle, business, Famille Princi\u00e8re, AS Monaco, football, basket, personnalit\u00e9s.","robots":{"index":"index","follow":"follow","max-snippet":"max-snippet:-1","max-image-preview":"max-image-preview:large","max-video-preview":"max-video-preview:-1"},"canonical":"https:\/\/www.monaco-tribune.com\/it\/a-proposito-di-monaco\/","og_locale":"it_IT","og_type":"article","og_title":"Monaco: un Principato unico nel suo genere","og_description":"Votre magazine qui parle de Monaco et de la C\u00f4te d'Azur: info, culture, lifestyle, business, Famille Princi\u00e8re, AS Monaco, football, basket, personnalit\u00e9s.","og_url":"https:\/\/www.monaco-tribune.com\/it\/a-proposito-di-monaco\/","og_site_name":"Monaco Tribune","article_publisher":"https:\/\/www.facebook.com\/MonacoTribune","article_modified_time":"2021-01-15T14:36:23+00:00","og_image":[{"width":1600,"height":1200,"url":"https:\/\/www.monaco-tribune.com\/wp-content\/uploads\/2020\/01\/Monaco-image.jpeg","type":"image\/jpeg"}],"twitter_card":"summary_large_image","twitter_site":"@MonacoTribune","schema":{"@context":"https:\/\/schema.org","@graph":[{"@type":"WebPage","@id":"https:\/\/www.monaco-tribune.com\/it\/a-proposito-di-monaco\/","url":"https:\/\/www.monaco-tribune.com\/it\/a-proposito-di-monaco\/","name":"Monaco: un Principato unico nel suo genere","isPartOf":{"@id":"https:\/\/www.monaco-tribune.com\/it\/#website"},"primaryImageOfPage":{"@id":"https:\/\/www.monaco-tribune.com\/it\/a-proposito-di-monaco\/#primaryimage"},"image":{"@id":"https:\/\/www.monaco-tribune.com\/it\/a-proposito-di-monaco\/#primaryimage"},"thumbnailUrl":"https:\/\/www.monaco-tribune.com\/wp-content\/uploads\/2020\/01\/Monaco-image.jpeg","datePublished":"2020-01-22T19:54:44+00:00","dateModified":"2021-01-15T14:36:23+00:00","description":"Votre magazine qui parle de Monaco et de la C\u00f4te d'Azur: info, culture, lifestyle, business, Famille Princi\u00e8re, AS Monaco, football, basket, personnalit\u00e9s.","breadcrumb":{"@id":"https:\/\/www.monaco-tribune.com\/it\/a-proposito-di-monaco\/#breadcrumb"},"inLanguage":"it-IT","potentialAction":[{"@type":"ReadAction","target":["https:\/\/www.monaco-tribune.com\/it\/a-proposito-di-monaco\/"]}]},{"@type":"ImageObject","inLanguage":"it-IT","@id":"https:\/\/www.monaco-tribune.com\/it\/a-proposito-di-monaco\/#primaryimage","url":"https:\/\/www.monaco-tribune.com\/wp-content\/uploads\/2020\/01\/Monaco-image.jpeg","contentUrl":"https:\/\/www.monaco-tribune.com\/wp-content\/uploads\/2020\/01\/Monaco-image.jpeg","width":1600,"height":1200,"caption":"DR"},{"@type":"BreadcrumbList","@id":"https:\/\/www.monaco-tribune.com\/it\/a-proposito-di-monaco\/#breadcrumb","itemListElement":[{"@type":"ListItem","position":1,"name":"Accueil","item":"https:\/\/www.monaco-tribune.com\/it\/"},{"@type":"ListItem","position":2,"name":"Monaco: un Principato unico nel suo genere"}]},{"@type":"WebSite","@id":"https:\/\/www.monaco-tribune.com\/it\/#website","url":"https:\/\/www.monaco-tribune.com\/it\/","name":"Monaco Tribune","description":"Monaco : actualit\u00e9s \u00e9conomiques, politiques, culturelles et sportives de Monaco et de la French Riviera.","publisher":{"@id":"https:\/\/www.monaco-tribune.com\/it\/#organization"},"potentialAction":[{"@type":"SearchAction","target":{"@type":"EntryPoint","urlTemplate":"https:\/\/www.monaco-tribune.com\/it\/?s={search_term_string}"},"query-input":{"@type":"PropertyValueSpecification","valueRequired":true,"valueName":"search_term_string"}}],"inLanguage":"it-IT"},{"@type":"Organization","@id":"https:\/\/www.monaco-tribune.com\/it\/#organization","name":"Monaco Tribune","url":"https:\/\/www.monaco-tribune.com\/it\/","logo":{"@type":"ImageObject","inLanguage":"it-IT","@id":"https:\/\/www.monaco-tribune.com\/it\/#\/schema\/logo\/image\/","url":"https:\/\/www.monaco-tribune.com\/wp-content\/uploads\/2022\/11\/logo-monaco-tribune.png","contentUrl":"https:\/\/www.monaco-tribune.com\/wp-content\/uploads\/2022\/11\/logo-monaco-tribune.png","width":1548,"height":600,"caption":"Monaco Tribune"},"image":{"@id":"https:\/\/www.monaco-tribune.com\/it\/#\/schema\/logo\/image\/"},"sameAs":["https:\/\/www.facebook.com\/MonacoTribune","https:\/\/x.com\/MonacoTribune","https:\/\/www.instagram.com\/monacotribune\/","https:\/\/www.linkedin.com\/company\/monaco-tribune","https:\/\/www.youtube.com\/channel\/UCHle1MnG6hw1y4lWKijVbMA"]}]}},"_links":{"self":[{"href":"https:\/\/www.monaco-tribune.com\/it\/wp-json\/wp\/v2\/pages\/19610","targetHints":{"allow":["GET"]}}],"collection":[{"href":"https:\/\/www.monaco-tribune.com\/it\/wp-json\/wp\/v2\/pages"}],"about":[{"href":"https:\/\/www.monaco-tribune.com\/it\/wp-json\/wp\/v2\/types\/page"}],"author":[{"embeddable":true,"href":"https:\/\/www.monaco-tribune.com\/it\/wp-json\/wp\/v2\/users\/4"}],"replies":[{"embeddable":true,"href":"https:\/\/www.monaco-tribune.com\/it\/wp-json\/wp\/v2\/comments?post=19610"}],"version-history":[{"count":0,"href":"https:\/\/www.monaco-tribune.com\/it\/wp-json\/wp\/v2\/pages\/19610\/revisions"}],"wp:featuredmedia":[{"embeddable":true,"href":"https:\/\/www.monaco-tribune.com\/it\/wp-json\/wp\/v2\/media\/19657"}],"wp:attachment":[{"href":"https:\/\/www.monaco-tribune.com\/it\/wp-json\/wp\/v2\/media?parent=19610"}],"curies":[{"name":"wp","href":"https:\/\/api.w.org\/{rel}","templated":true}]}}