{"id":19728,"date":"2020-01-23T16:40:13","date_gmt":"2020-01-23T15:40:13","guid":{"rendered":"https:\/\/www.monaco-tribune.com\/politica-sulla-privacy\/"},"modified":"2021-01-12T19:34:38","modified_gmt":"2021-01-12T18:34:38","slug":"politica-sulla-privacy","status":"publish","type":"page","link":"https:\/\/www.monaco-tribune.com\/it\/politica-sulla-privacy\/","title":{"rendered":"Informativa sulla privacy"},"content":{"rendered":"\n<h2 class=\"wp-block-heading\" id=\"h-chi-siamo\">Chi siamo?<\/h2>\n\n\n\n<p>L\u2019URL del nostro sito Web \u00e8 https:\/\/www.monaco-tribune.com.<\/p>\n\n\n\n<h2 class=\"wp-block-heading\" id=\"h-utilizzo-dei-dati-personali-raccolti\">Utilizzo dei dati personali raccolti<\/h2>\n\n\n\n<h2 class=\"wp-block-heading\" id=\"h-media\">Media<\/h2>\n\n\n\n<p>Quando un utente registrato carica immagini sul sito Web, consigliamo di evitare di caricare immagine contenenti dati EXIF con coordinate GPS. I visitatori del sito Web potranno scaricare ed estrarre i dati di localizzazione dalle immagini.<\/p>\n\n\n\n<h2 class=\"wp-block-heading\" id=\"h-moduli-di-contatto\">Moduli di contatto<\/h2>\n\n\n\n<p>Per permetterci di individuare i messaggi indesiderati, quando l\u2019utente lascia un messaggio sul nostro sito Web, raccogliamo i dati inseriti nel modulo dei commenti, l\u2019indirizzo IP e l\u2019agente utente del browser.<\/p>\n\n\n\n<h2 class=\"wp-block-heading\" id=\"h-cookie\">Cookie<\/h2>\n\n\n\n<p>Se l\u2019utente dispone di un account e si connette su questo sito, verr\u00e0 creato un cookie temporaneo per determinare se il browser accetta i cookie. Questo non contiene informazioni personali e sar\u00e0 eliminato automaticamente alla chiusura del browser.<\/p>\n\n\n\n<p>Quando l\u2019utente si connette, vengono attivati alcuni cookies per registrare le informazioni di connessione e le preferenze di visualizzazione dell\u2019utente. La durata di un cookie di accesso \u00e8 di due giorni, quella di un cookie per le preferenze di visualizzazione \u00e8 di un anno. Se l\u2019utente seleziona l\u2019opzione \u201cRicordami\u201d, il cookie di connessione sar\u00e0 conservato per due settimane. Se l\u2019utente si disconnette dall\u2019account, il cookie di connessione sar\u00e0 cancellato.<\/p>\n\n\n\n<p>In caso di modifica o pubblicazione di un articolo, nel browser dell\u2019utente verr\u00e0 registrato un ulteriore cookie che non include nessun dato personale. Indica semplicemente l\u2019ID dell\u2019articolo che \u00e8 stato modificato e scade dopo un giorno.<\/p>\n\n\n\n<h2 class=\"wp-block-heading\" id=\"h-contenuti-inseriti-da-altri-siti\">Contenuti inseriti da altri siti<\/h2>\n\n\n\n<p>Gli articoli di questo sito possono includere contenuti esterni integrati (per esempio video, foto, articoli\u2026) I contenuti integrati da altri siti si comportano nella stessa maniera in cui farebbero sui loro siti di origine.<\/p>\n\n\n\n<p>Questi siti Web potrebbero raccogliere i dati dell\u2019utente, utilizzare cookie, utilizzare strumenti di monitoraggio di terze parti e monitorare le interazioni dell\u2019utente con i contenuti inseriti, nel caso in cui l\u2019utente disponga di un account connesso sul loro sito Web.<\/p>\n\n\n\n<h2 class=\"wp-block-heading\" id=\"h-trattamento-e-condivisione-dei-dati-personali\">Trattamento e condivisione dei dati personali<\/h2>\n\n\n\n<p>Per quanto riguarda gli utenti che si registrano sul nostro sito (qualora possibile), conserviamo i dati personali indicati nel loro profilo. Tutti gli utenti possono visualizzare, modificare o eliminare le loro informazioni personali in qualsiasi momento (fatta eccezione per il nome utente). Anche i gestori del sito possono visualizzare e modificare queste informazioni.<\/p>\n\n\n\n<h2 class=\"wp-block-heading\" id=\"h-diritti-dell-utente-sui-suoi-dati\">Diritti dell\u2019utente sui suoi dati<\/h2>\n\n\n\n<p>Se l\u2019utente possiede un account, pu\u00f2 richiedere una scheda contenente tutti i dati personali che lo riguardano in nostro possesso, inclusi quelli forniti dall\u2019utente stesso. Pu\u00f2 inoltre richiedere l\u2019eliminazione dei suoi dati personali, fatta eccezione dei dati archiviati a fini amministrativi, legali o per motivi di sicurezza.<\/p>\n\n\n\n<h2 class=\"wp-block-heading\" id=\"h-contatti\">Contatti<\/h2>\n\n\n\n<p>\u00c8 possibile contattarci all\u2019indirizzo e-mail <a href=\"mailto:contact@monaco-tribune.com\" target=\"_blank\" rel=\"noreferrer noopener\">contact@monaco-tribune.com<\/a> o compilando il nostro <a href=\"https:\/\/www.monaco-tribune.com\/contact\/\">modulo<\/a>.<\/p>\n","protected":false},"excerpt":{"rendered":"<p>Chi siamo? L\u2019URL del nostro sito Web \u00e8 https:\/\/www.monaco-tribune.com. Utilizzo dei dati personali raccolti Media Quando un utente registrato carica [&hellip;]<\/p>\n","protected":false},"author":4,"featured_media":0,"parent":0,"menu_order":0,"comment_status":"closed","ping_status":"open","template":"","meta":{"_acf_changed":false,"footnotes":""},"class_list":["post-19728","page","type-page","status-publish","hentry"],"acf":[],"yoast_head":"<!-- This site is optimized with the Yoast SEO Premium plugin v26.8 (Yoast SEO v27.3) - https:\/\/yoast.com\/product\/yoast-seo-premium-wordpress\/ -->\n<title>Informativa sulla privacy<\/title>\n<meta name=\"description\" content=\"Votre magazine qui parle de Monaco et de la C\u00f4te d&#039;Azur: info, culture, lifestyle, business, Famille Princi\u00e8re, AS Monaco, football, basket, personnalit\u00e9s.\" \/>\n<meta name=\"robots\" content=\"index, follow, max-snippet:-1, max-image-preview:large, max-video-preview:-1\" \/>\n<link rel=\"canonical\" href=\"https:\/\/www.monaco-tribune.com\/it\/politica-sulla-privacy\/\" \/>\n<meta property=\"og:locale\" content=\"it_IT\" \/>\n<meta property=\"og:type\" content=\"article\" \/>\n<meta property=\"og:title\" content=\"Informativa sulla privacy\" \/>\n<meta property=\"og:description\" content=\"Votre magazine qui parle de Monaco et de la C\u00f4te d&#039;Azur: info, culture, lifestyle, business, Famille Princi\u00e8re, AS Monaco, football, basket, personnalit\u00e9s.\" \/>\n<meta property=\"og:url\" content=\"https:\/\/www.monaco-tribune.com\/it\/politica-sulla-privacy\/\" \/>\n<meta property=\"og:site_name\" content=\"Monaco Tribune\" \/>\n<meta property=\"article:publisher\" content=\"https:\/\/www.facebook.com\/MonacoTribune\" \/>\n<meta property=\"article:modified_time\" content=\"2021-01-12T18:34:38+00:00\" \/>\n<meta name=\"twitter:card\" content=\"summary_large_image\" \/>\n<meta name=\"twitter:site\" content=\"@MonacoTribune\" \/>\n<script type=\"application\/ld+json\" class=\"yoast-schema-graph\">{\"@context\":\"https:\\\/\\\/schema.org\",\"@graph\":[{\"@type\":\"WebPage\",\"@id\":\"https:\\\/\\\/www.monaco-tribune.com\\\/it\\\/politica-sulla-privacy\\\/\",\"url\":\"https:\\\/\\\/www.monaco-tribune.com\\\/it\\\/politica-sulla-privacy\\\/\",\"name\":\"Informativa sulla privacy\",\"isPartOf\":{\"@id\":\"https:\\\/\\\/www.monaco-tribune.com\\\/it\\\/#website\"},\"datePublished\":\"2020-01-23T15:40:13+00:00\",\"dateModified\":\"2021-01-12T18:34:38+00:00\",\"description\":\"Votre magazine qui parle de Monaco et de la C\u00f4te d'Azur: info, culture, lifestyle, business, Famille Princi\u00e8re, AS Monaco, football, basket, personnalit\u00e9s.\",\"breadcrumb\":{\"@id\":\"https:\\\/\\\/www.monaco-tribune.com\\\/it\\\/politica-sulla-privacy\\\/#breadcrumb\"},\"inLanguage\":\"it-IT\",\"potentialAction\":[{\"@type\":\"ReadAction\",\"target\":[\"https:\\\/\\\/www.monaco-tribune.com\\\/it\\\/politica-sulla-privacy\\\/\"]}]},{\"@type\":\"BreadcrumbList\",\"@id\":\"https:\\\/\\\/www.monaco-tribune.com\\\/it\\\/politica-sulla-privacy\\\/#breadcrumb\",\"itemListElement\":[{\"@type\":\"ListItem\",\"position\":1,\"name\":\"Accueil\",\"item\":\"https:\\\/\\\/www.monaco-tribune.com\\\/it\\\/\"},{\"@type\":\"ListItem\",\"position\":2,\"name\":\"Informativa sulla privacy\"}]},{\"@type\":\"WebSite\",\"@id\":\"https:\\\/\\\/www.monaco-tribune.com\\\/it\\\/#website\",\"url\":\"https:\\\/\\\/www.monaco-tribune.com\\\/it\\\/\",\"name\":\"Monaco Tribune\",\"description\":\"Monaco : actualit\u00e9s \u00e9conomiques, politiques, culturelles et sportives de Monaco et de la French Riviera.\",\"publisher\":{\"@id\":\"https:\\\/\\\/www.monaco-tribune.com\\\/it\\\/#organization\"},\"potentialAction\":[{\"@type\":\"SearchAction\",\"target\":{\"@type\":\"EntryPoint\",\"urlTemplate\":\"https:\\\/\\\/www.monaco-tribune.com\\\/it\\\/?s={search_term_string}\"},\"query-input\":{\"@type\":\"PropertyValueSpecification\",\"valueRequired\":true,\"valueName\":\"search_term_string\"}}],\"inLanguage\":\"it-IT\"},{\"@type\":\"Organization\",\"@id\":\"https:\\\/\\\/www.monaco-tribune.com\\\/it\\\/#organization\",\"name\":\"Monaco Tribune\",\"url\":\"https:\\\/\\\/www.monaco-tribune.com\\\/it\\\/\",\"logo\":{\"@type\":\"ImageObject\",\"inLanguage\":\"it-IT\",\"@id\":\"https:\\\/\\\/www.monaco-tribune.com\\\/it\\\/#\\\/schema\\\/logo\\\/image\\\/\",\"url\":\"https:\\\/\\\/www.monaco-tribune.com\\\/wp-content\\\/uploads\\\/2022\\\/11\\\/logo-monaco-tribune.png\",\"contentUrl\":\"https:\\\/\\\/www.monaco-tribune.com\\\/wp-content\\\/uploads\\\/2022\\\/11\\\/logo-monaco-tribune.png\",\"width\":1548,\"height\":600,\"caption\":\"Monaco Tribune\"},\"image\":{\"@id\":\"https:\\\/\\\/www.monaco-tribune.com\\\/it\\\/#\\\/schema\\\/logo\\\/image\\\/\"},\"sameAs\":[\"https:\\\/\\\/www.facebook.com\\\/MonacoTribune\",\"https:\\\/\\\/x.com\\\/MonacoTribune\",\"https:\\\/\\\/www.instagram.com\\\/monacotribune\\\/\",\"https:\\\/\\\/www.linkedin.com\\\/company\\\/monaco-tribune\",\"https:\\\/\\\/www.youtube.com\\\/channel\\\/UCHle1MnG6hw1y4lWKijVbMA\"]}]}<\/script>\n<!-- \/ Yoast SEO Premium plugin. -->","yoast_head_json":{"title":"Informativa sulla privacy","description":"Votre magazine qui parle de Monaco et de la C\u00f4te d'Azur: info, culture, lifestyle, business, Famille Princi\u00e8re, AS Monaco, football, basket, personnalit\u00e9s.","robots":{"index":"index","follow":"follow","max-snippet":"max-snippet:-1","max-image-preview":"max-image-preview:large","max-video-preview":"max-video-preview:-1"},"canonical":"https:\/\/www.monaco-tribune.com\/it\/politica-sulla-privacy\/","og_locale":"it_IT","og_type":"article","og_title":"Informativa sulla privacy","og_description":"Votre magazine qui parle de Monaco et de la C\u00f4te d'Azur: info, culture, lifestyle, business, Famille Princi\u00e8re, AS Monaco, football, basket, personnalit\u00e9s.","og_url":"https:\/\/www.monaco-tribune.com\/it\/politica-sulla-privacy\/","og_site_name":"Monaco Tribune","article_publisher":"https:\/\/www.facebook.com\/MonacoTribune","article_modified_time":"2021-01-12T18:34:38+00:00","twitter_card":"summary_large_image","twitter_site":"@MonacoTribune","schema":{"@context":"https:\/\/schema.org","@graph":[{"@type":"WebPage","@id":"https:\/\/www.monaco-tribune.com\/it\/politica-sulla-privacy\/","url":"https:\/\/www.monaco-tribune.com\/it\/politica-sulla-privacy\/","name":"Informativa sulla privacy","isPartOf":{"@id":"https:\/\/www.monaco-tribune.com\/it\/#website"},"datePublished":"2020-01-23T15:40:13+00:00","dateModified":"2021-01-12T18:34:38+00:00","description":"Votre magazine qui parle de Monaco et de la C\u00f4te d'Azur: info, culture, lifestyle, business, Famille Princi\u00e8re, AS Monaco, football, basket, personnalit\u00e9s.","breadcrumb":{"@id":"https:\/\/www.monaco-tribune.com\/it\/politica-sulla-privacy\/#breadcrumb"},"inLanguage":"it-IT","potentialAction":[{"@type":"ReadAction","target":["https:\/\/www.monaco-tribune.com\/it\/politica-sulla-privacy\/"]}]},{"@type":"BreadcrumbList","@id":"https:\/\/www.monaco-tribune.com\/it\/politica-sulla-privacy\/#breadcrumb","itemListElement":[{"@type":"ListItem","position":1,"name":"Accueil","item":"https:\/\/www.monaco-tribune.com\/it\/"},{"@type":"ListItem","position":2,"name":"Informativa sulla privacy"}]},{"@type":"WebSite","@id":"https:\/\/www.monaco-tribune.com\/it\/#website","url":"https:\/\/www.monaco-tribune.com\/it\/","name":"Monaco Tribune","description":"Monaco : actualit\u00e9s \u00e9conomiques, politiques, culturelles et sportives de Monaco et de la French Riviera.","publisher":{"@id":"https:\/\/www.monaco-tribune.com\/it\/#organization"},"potentialAction":[{"@type":"SearchAction","target":{"@type":"EntryPoint","urlTemplate":"https:\/\/www.monaco-tribune.com\/it\/?s={search_term_string}"},"query-input":{"@type":"PropertyValueSpecification","valueRequired":true,"valueName":"search_term_string"}}],"inLanguage":"it-IT"},{"@type":"Organization","@id":"https:\/\/www.monaco-tribune.com\/it\/#organization","name":"Monaco Tribune","url":"https:\/\/www.monaco-tribune.com\/it\/","logo":{"@type":"ImageObject","inLanguage":"it-IT","@id":"https:\/\/www.monaco-tribune.com\/it\/#\/schema\/logo\/image\/","url":"https:\/\/www.monaco-tribune.com\/wp-content\/uploads\/2022\/11\/logo-monaco-tribune.png","contentUrl":"https:\/\/www.monaco-tribune.com\/wp-content\/uploads\/2022\/11\/logo-monaco-tribune.png","width":1548,"height":600,"caption":"Monaco Tribune"},"image":{"@id":"https:\/\/www.monaco-tribune.com\/it\/#\/schema\/logo\/image\/"},"sameAs":["https:\/\/www.facebook.com\/MonacoTribune","https:\/\/x.com\/MonacoTribune","https:\/\/www.instagram.com\/monacotribune\/","https:\/\/www.linkedin.com\/company\/monaco-tribune","https:\/\/www.youtube.com\/channel\/UCHle1MnG6hw1y4lWKijVbMA"]}]}},"_links":{"self":[{"href":"https:\/\/www.monaco-tribune.com\/it\/wp-json\/wp\/v2\/pages\/19728","targetHints":{"allow":["GET"]}}],"collection":[{"href":"https:\/\/www.monaco-tribune.com\/it\/wp-json\/wp\/v2\/pages"}],"about":[{"href":"https:\/\/www.monaco-tribune.com\/it\/wp-json\/wp\/v2\/types\/page"}],"author":[{"embeddable":true,"href":"https:\/\/www.monaco-tribune.com\/it\/wp-json\/wp\/v2\/users\/4"}],"replies":[{"embeddable":true,"href":"https:\/\/www.monaco-tribune.com\/it\/wp-json\/wp\/v2\/comments?post=19728"}],"version-history":[{"count":0,"href":"https:\/\/www.monaco-tribune.com\/it\/wp-json\/wp\/v2\/pages\/19728\/revisions"}],"wp:attachment":[{"href":"https:\/\/www.monaco-tribune.com\/it\/wp-json\/wp\/v2\/media?parent=19728"}],"curies":[{"name":"wp","href":"https:\/\/api.w.org\/{rel}","templated":true}]}}