{"id":19732,"date":"2020-01-23T16:43:21","date_gmt":"2020-01-23T15:43:21","guid":{"rendered":"https:\/\/www.monaco-tribune.com\/a-proposito-di-noi\/"},"modified":"2024-09-26T14:38:38","modified_gmt":"2024-09-26T12:38:38","slug":"a-proposito-di-noi","status":"publish","type":"page","link":"https:\/\/www.monaco-tribune.com\/it\/a-proposito-di-noi\/","title":{"rendered":"A proposito di noi"},"content":{"rendered":"\n<p class=\"has-text-align-center\">Monaco Tribune (MT) \u00e8 un sito di notizie a carattere generalista con una politica editoriale neutra. Fondato nel 2018, MT si impegna a fornire ai suoi lettori un&#8217;ampia variet\u00e0 di contenuti relativi al Principato di Monaco e ai comuni limitrofi, sia in Francia che in Italia, spaziando tra diverse categorie: cronaca, Famiglia Principesca, politica, economia, sport, lifestyle, cultura, societ\u00e0, ambiente, ecc.<\/p>\n\n\n\n<p>L&#8217;obiettivo \u00e8 offrire una visione informata dell&#8217;attualit\u00e0, attraverso analisi, ritratti, interviste, inchieste e reportage.<\/p>\n\n\n\n<p class=\"has-text-align-center\">Il sito di Monaco Tribune \u00e8 disponibile in quattro lingue (francese, inglese, italiano e russo) per soddisfare le esigenze di un pubblico internazionale che supera i 300.000 lettori mensili, sia a Monaco che all\u2019estero.<\/p>\n\n\n\n<p class=\"has-text-align-center\">Potete contattarci scrivendo a&nbsp;<a href=\"mailto:contact@monaco-tribune.com\" target=\"_blank\" rel=\"noreferrer noopener\">contact@monaco-tribune.com<\/a>&nbsp;oppure utilizzando <a href=\"https:\/\/www.monaco-tribune.com\/it\/contatti\/\">il modulo online<\/a>.<\/p>\n","protected":false},"excerpt":{"rendered":"<p>Monaco Tribune (MT) \u00e8 un sito di notizie a carattere generalista con una politica editoriale neutra. Fondato nel 2018, MT [&hellip;]<\/p>\n","protected":false},"author":4,"featured_media":0,"parent":0,"menu_order":0,"comment_status":"closed","ping_status":"closed","template":"","meta":{"_acf_changed":false,"footnotes":""},"class_list":["post-19732","page","type-page","status-publish","hentry"],"acf":[],"yoast_head":"<!-- This site is optimized with the Yoast SEO Premium plugin v27.5 (Yoast SEO v27.5) - https:\/\/yoast.com\/product\/yoast-seo-premium-wordpress\/ -->\n<title>A proposito di noi<\/title>\n<meta name=\"description\" content=\"Votre magazine qui parle de Monaco et de la C\u00f4te d&#039;Azur: info, culture, lifestyle, business, Famille Princi\u00e8re, AS Monaco, football, basket, personnalit\u00e9s.\" \/>\n<meta name=\"robots\" content=\"index, follow, max-snippet:-1, max-image-preview:large, max-video-preview:-1\" \/>\n<link rel=\"canonical\" href=\"https:\/\/www.monaco-tribune.com\/it\/a-proposito-di-noi\/\" \/>\n<meta property=\"og:locale\" content=\"it_IT\" \/>\n<meta property=\"og:type\" content=\"article\" \/>\n<meta property=\"og:title\" content=\"A proposito di noi\" \/>\n<meta property=\"og:description\" content=\"Votre magazine qui parle de Monaco et de la C\u00f4te d&#039;Azur: info, culture, lifestyle, business, Famille Princi\u00e8re, AS Monaco, football, basket, personnalit\u00e9s.\" \/>\n<meta property=\"og:url\" content=\"https:\/\/www.monaco-tribune.com\/it\/a-proposito-di-noi\/\" \/>\n<meta property=\"og:site_name\" content=\"Monaco Tribune\" \/>\n<meta property=\"article:publisher\" content=\"https:\/\/www.facebook.com\/MonacoTribune\" \/>\n<meta property=\"article:modified_time\" content=\"2024-09-26T12:38:38+00:00\" \/>\n<meta name=\"twitter:card\" content=\"summary_large_image\" \/>\n<meta name=\"twitter:site\" content=\"@MonacoTribune\" \/>\n<script type=\"application\/ld+json\" class=\"yoast-schema-graph\">{\"@context\":\"https:\\\/\\\/schema.org\",\"@graph\":[{\"@type\":\"WebPage\",\"@id\":\"https:\\\/\\\/www.monaco-tribune.com\\\/it\\\/a-proposito-di-noi\\\/\",\"url\":\"https:\\\/\\\/www.monaco-tribune.com\\\/it\\\/a-proposito-di-noi\\\/\",\"name\":\"A proposito di noi\",\"isPartOf\":{\"@id\":\"https:\\\/\\\/www.monaco-tribune.com\\\/it\\\/#website\"},\"datePublished\":\"2020-01-23T15:43:21+00:00\",\"dateModified\":\"2024-09-26T12:38:38+00:00\",\"description\":\"Votre magazine qui parle de Monaco et de la C\u00f4te d'Azur: info, culture, lifestyle, business, Famille Princi\u00e8re, AS Monaco, football, basket, personnalit\u00e9s.\",\"breadcrumb\":{\"@id\":\"https:\\\/\\\/www.monaco-tribune.com\\\/it\\\/a-proposito-di-noi\\\/#breadcrumb\"},\"inLanguage\":\"it-IT\",\"potentialAction\":[{\"@type\":\"ReadAction\",\"target\":[\"https:\\\/\\\/www.monaco-tribune.com\\\/it\\\/a-proposito-di-noi\\\/\"]}]},{\"@type\":\"BreadcrumbList\",\"@id\":\"https:\\\/\\\/www.monaco-tribune.com\\\/it\\\/a-proposito-di-noi\\\/#breadcrumb\",\"itemListElement\":[{\"@type\":\"ListItem\",\"position\":1,\"name\":\"Accueil\",\"item\":\"https:\\\/\\\/www.monaco-tribune.com\\\/it\\\/\"},{\"@type\":\"ListItem\",\"position\":2,\"name\":\"A proposito di noi\"}]},{\"@type\":\"WebSite\",\"@id\":\"https:\\\/\\\/www.monaco-tribune.com\\\/it\\\/#website\",\"url\":\"https:\\\/\\\/www.monaco-tribune.com\\\/it\\\/\",\"name\":\"Monaco Tribune\",\"description\":\"Monaco : actualit\u00e9s \u00e9conomiques, politiques, culturelles et sportives de Monaco et de la French Riviera.\",\"publisher\":{\"@id\":\"https:\\\/\\\/www.monaco-tribune.com\\\/it\\\/#organization\"},\"potentialAction\":[{\"@type\":\"SearchAction\",\"target\":{\"@type\":\"EntryPoint\",\"urlTemplate\":\"https:\\\/\\\/www.monaco-tribune.com\\\/it\\\/?s={search_term_string}\"},\"query-input\":{\"@type\":\"PropertyValueSpecification\",\"valueRequired\":true,\"valueName\":\"search_term_string\"}}],\"inLanguage\":\"it-IT\"},{\"@type\":\"Organization\",\"@id\":\"https:\\\/\\\/www.monaco-tribune.com\\\/it\\\/#organization\",\"name\":\"Monaco Tribune\",\"url\":\"https:\\\/\\\/www.monaco-tribune.com\\\/it\\\/\",\"logo\":{\"@type\":\"ImageObject\",\"inLanguage\":\"it-IT\",\"@id\":\"https:\\\/\\\/www.monaco-tribune.com\\\/it\\\/#\\\/schema\\\/logo\\\/image\\\/\",\"url\":\"https:\\\/\\\/www.monaco-tribune.com\\\/wp-content\\\/uploads\\\/2022\\\/11\\\/logo-monaco-tribune.png\",\"contentUrl\":\"https:\\\/\\\/www.monaco-tribune.com\\\/wp-content\\\/uploads\\\/2022\\\/11\\\/logo-monaco-tribune.png\",\"width\":1548,\"height\":600,\"caption\":\"Monaco Tribune\"},\"image\":{\"@id\":\"https:\\\/\\\/www.monaco-tribune.com\\\/it\\\/#\\\/schema\\\/logo\\\/image\\\/\"},\"sameAs\":[\"https:\\\/\\\/www.facebook.com\\\/MonacoTribune\",\"https:\\\/\\\/x.com\\\/MonacoTribune\",\"https:\\\/\\\/www.instagram.com\\\/monacotribune\\\/\",\"https:\\\/\\\/www.linkedin.com\\\/company\\\/monaco-tribune\",\"https:\\\/\\\/www.youtube.com\\\/channel\\\/UCHle1MnG6hw1y4lWKijVbMA\"]}]}<\/script>\n<!-- \/ Yoast SEO Premium plugin. -->","yoast_head_json":{"title":"A proposito di noi","description":"Votre magazine qui parle de Monaco et de la C\u00f4te d'Azur: info, culture, lifestyle, business, Famille Princi\u00e8re, AS Monaco, football, basket, personnalit\u00e9s.","robots":{"index":"index","follow":"follow","max-snippet":"max-snippet:-1","max-image-preview":"max-image-preview:large","max-video-preview":"max-video-preview:-1"},"canonical":"https:\/\/www.monaco-tribune.com\/it\/a-proposito-di-noi\/","og_locale":"it_IT","og_type":"article","og_title":"A proposito di noi","og_description":"Votre magazine qui parle de Monaco et de la C\u00f4te d'Azur: info, culture, lifestyle, business, Famille Princi\u00e8re, AS Monaco, football, basket, personnalit\u00e9s.","og_url":"https:\/\/www.monaco-tribune.com\/it\/a-proposito-di-noi\/","og_site_name":"Monaco Tribune","article_publisher":"https:\/\/www.facebook.com\/MonacoTribune","article_modified_time":"2024-09-26T12:38:38+00:00","twitter_card":"summary_large_image","twitter_site":"@MonacoTribune","schema":{"@context":"https:\/\/schema.org","@graph":[{"@type":"WebPage","@id":"https:\/\/www.monaco-tribune.com\/it\/a-proposito-di-noi\/","url":"https:\/\/www.monaco-tribune.com\/it\/a-proposito-di-noi\/","name":"A proposito di noi","isPartOf":{"@id":"https:\/\/www.monaco-tribune.com\/it\/#website"},"datePublished":"2020-01-23T15:43:21+00:00","dateModified":"2024-09-26T12:38:38+00:00","description":"Votre magazine qui parle de Monaco et de la C\u00f4te d'Azur: info, culture, lifestyle, business, Famille Princi\u00e8re, AS Monaco, football, basket, personnalit\u00e9s.","breadcrumb":{"@id":"https:\/\/www.monaco-tribune.com\/it\/a-proposito-di-noi\/#breadcrumb"},"inLanguage":"it-IT","potentialAction":[{"@type":"ReadAction","target":["https:\/\/www.monaco-tribune.com\/it\/a-proposito-di-noi\/"]}]},{"@type":"BreadcrumbList","@id":"https:\/\/www.monaco-tribune.com\/it\/a-proposito-di-noi\/#breadcrumb","itemListElement":[{"@type":"ListItem","position":1,"name":"Accueil","item":"https:\/\/www.monaco-tribune.com\/it\/"},{"@type":"ListItem","position":2,"name":"A proposito di noi"}]},{"@type":"WebSite","@id":"https:\/\/www.monaco-tribune.com\/it\/#website","url":"https:\/\/www.monaco-tribune.com\/it\/","name":"Monaco Tribune","description":"Monaco : actualit\u00e9s \u00e9conomiques, politiques, culturelles et sportives de Monaco et de la French Riviera.","publisher":{"@id":"https:\/\/www.monaco-tribune.com\/it\/#organization"},"potentialAction":[{"@type":"SearchAction","target":{"@type":"EntryPoint","urlTemplate":"https:\/\/www.monaco-tribune.com\/it\/?s={search_term_string}"},"query-input":{"@type":"PropertyValueSpecification","valueRequired":true,"valueName":"search_term_string"}}],"inLanguage":"it-IT"},{"@type":"Organization","@id":"https:\/\/www.monaco-tribune.com\/it\/#organization","name":"Monaco Tribune","url":"https:\/\/www.monaco-tribune.com\/it\/","logo":{"@type":"ImageObject","inLanguage":"it-IT","@id":"https:\/\/www.monaco-tribune.com\/it\/#\/schema\/logo\/image\/","url":"https:\/\/www.monaco-tribune.com\/wp-content\/uploads\/2022\/11\/logo-monaco-tribune.png","contentUrl":"https:\/\/www.monaco-tribune.com\/wp-content\/uploads\/2022\/11\/logo-monaco-tribune.png","width":1548,"height":600,"caption":"Monaco Tribune"},"image":{"@id":"https:\/\/www.monaco-tribune.com\/it\/#\/schema\/logo\/image\/"},"sameAs":["https:\/\/www.facebook.com\/MonacoTribune","https:\/\/x.com\/MonacoTribune","https:\/\/www.instagram.com\/monacotribune\/","https:\/\/www.linkedin.com\/company\/monaco-tribune","https:\/\/www.youtube.com\/channel\/UCHle1MnG6hw1y4lWKijVbMA"]}]}},"_links":{"self":[{"href":"https:\/\/www.monaco-tribune.com\/it\/wp-json\/wp\/v2\/pages\/19732","targetHints":{"allow":["GET"]}}],"collection":[{"href":"https:\/\/www.monaco-tribune.com\/it\/wp-json\/wp\/v2\/pages"}],"about":[{"href":"https:\/\/www.monaco-tribune.com\/it\/wp-json\/wp\/v2\/types\/page"}],"author":[{"embeddable":true,"href":"https:\/\/www.monaco-tribune.com\/it\/wp-json\/wp\/v2\/users\/4"}],"replies":[{"embeddable":true,"href":"https:\/\/www.monaco-tribune.com\/it\/wp-json\/wp\/v2\/comments?post=19732"}],"version-history":[{"count":2,"href":"https:\/\/www.monaco-tribune.com\/it\/wp-json\/wp\/v2\/pages\/19732\/revisions"}],"predecessor-version":[{"id":252045,"href":"https:\/\/www.monaco-tribune.com\/it\/wp-json\/wp\/v2\/pages\/19732\/revisions\/252045"}],"wp:attachment":[{"href":"https:\/\/www.monaco-tribune.com\/it\/wp-json\/wp\/v2\/media?parent=19732"}],"curies":[{"name":"wp","href":"https:\/\/api.w.org\/{rel}","templated":true}]}}