{"id":19770,"date":"2020-01-24T11:20:08","date_gmt":"2020-01-24T10:20:08","guid":{"rendered":"https:\/\/www.monaco-tribune.com\/sport\/"},"modified":"2022-11-30T18:14:00","modified_gmt":"2022-11-30T17:14:00","slug":"sport-monaco","status":"publish","type":"page","link":"https:\/\/www.monaco-tribune.com\/it\/sport-monaco\/","title":{"rendered":"Sport"},"content":{"rendered":"\n<p><strong>Ancorato nella cultura monegasca da tempo immemorabile, lo sport occupa un posto importante nel paesaggio del Principato. Famosa per il mitico Gran Premio di Formula 1, il Principato \u00e8 una terra di sport, dove si svolgono i pi\u00f9 grandi eventi sportivi del mondo.<\/strong><\/p>\n\n\n\n<div class=\"wp-block-image\"><figure class=\"aligncenter size-large\"><img loading=\"lazy\" decoding=\"async\" width=\"1024\" height=\"682\" src=\"https:\/\/www.monaco-tribune.com\/wp-content\/uploads\/2020\/05\/2048x1536-fit_st-moritz-championnat-1024x682.jpeg\" alt=\"Il Principato di Monaco e lo sport\" class=\"wp-image-28646\" srcset=\"https:\/\/www.monaco-tribune.com\/wp-content\/uploads\/2020\/05\/2048x1536-fit_st-moritz-championnat-1024x682.jpeg 1024w, https:\/\/www.monaco-tribune.com\/wp-content\/uploads\/2020\/05\/2048x1536-fit_st-moritz-championnat-451x300.jpeg 451w, https:\/\/www.monaco-tribune.com\/wp-content\/uploads\/2020\/05\/2048x1536-fit_st-moritz-championnat.jpeg 2048w\" sizes=\"auto, (max-width: 1024px) 100vw, 1024px\" \/><figcaption>Il Principe Alberto, ex Olimpionico di bob<\/figcaption><\/figure><\/div>\n\n\n\n<h2 class=\"has-text-align-center wp-block-heading\" id=\"h-il-principe-alberto-ii-e-la-sua-divorante-passione-per-lo-sport\">Il Principe Alberto II e la sua divorante passione per lo sport<\/h2>\n\n\n\n<p>Atletica, calcio, tennis, judo, canottaggio, vela, sci, squash, nuoto, pentathlon moderno, bob. Il Principe Alberto II \u00e8 un vero appassionato di sport. Portabandiera della delegazione monegasca alla cerimonia di apertura dei Giochi Olimpici invernali di Albertville nel 1992, il Sovrano ha partecipato anche alle Olimpiadi invernali di bob del 1988, 1994, 1998 e 2002, nonch\u00e9 al Rally Parigi-Dakar nel 1985 e 1986. \u00c8 anche membro del Comitato Olimpico Internazionale (CIO) e presidente delle federazioni monegasche di nuoto, atletica leggera, pentathlon moderno, bob, slittino e scheletro.<\/p>\n\n\n\n<p><strong>&gt;&gt; LEGGI ANCHE:<\/strong> <a href=\"https:\/\/www.monaco-tribune.com\/it\/2020\/06\/il-principato-di-monaco-e-lo-sport-una-bella-e-lunga-storia-damore\/\">Il Principato di Monaco e lo sport, una bella e lunga storia d\u2019amore<\/a><\/p>\n\n\n\n<h2 class=\"has-text-align-center wp-block-heading\" id=\"h-la-passione-dei-grimaldi-per-lo-sport\">La passione dei Grimaldi per lo sport<\/h2>\n\n\n\n<p>Lo sport \u00e8 sempre stato un elemento fondamentale per la famiglia Grimaldi, che si tratti di praticarlo o di promuoverlo. Il padre del Principe Ranieri III, Pierre de Polignac, \u00e8 stato membro del Comitato internazionale olimpico dal 1950 fino alla sua morte nel 1964. Uno dei suoi cugini, Guy de Polignac, ha fatto parte della squadra francese di bob negli anni \u201920. Uno sport che sar\u00e0 poi sostenuto dal Principe Alberto II in occasione della quarta edizione dei Giochi olimpici invernali. Anche se non praticava sport a livelli agonistici, il Principe Ranieri III giocava a calcio, a rugby e faceva box. \u00c8 lui che ha voluto la costruzione dello Stadio Louis II nel quartiere di Fontvieille.<\/p>\n\n\n\n<p>Anche la famiglia di Grace Kelly era un\u2019appassionata di sport. Il padre, John Kelly, \u00e8 stato campione olimpico di canottaggio nel 1920 (due medaglie d\u2019oro) e nel 1924 (una medaglia d\u2019oro). John Kelly Junior, il fratello della Principessa Grace, ha partecipato ai Giochi Olimpici del 1948, 1952, 1956 e 1960 nella stessa disciplina. Nel 1956, vince la medaglia di bronzo che offrir\u00e0 poi alla sorella come regalo di nozze.<\/p>\n\n\n\n<p>Carolina di Monaco, sorella maggiore del Principe Alberto II, \u00e8 stata sposata in seconde nozze con Stefano Casiraghi, campione del mondo di offshore. Due dei loro tre figli hanno fatto sport a livello agonistico: Charlotte ha partecipato a gare di equitazione e Pierre a gare di rally e a diverse regate. Anche due figli della Principessa St\u00e9phanie di Monaco sono legati allo sport: appassionato di calcio, Louis Ducruet ha lavorato per cinque anni per l\u2019AS Monaco come recruiter internazionale e poi come assistente del vicepresidente. Sua sorella, Pauline Ducruet, ha partecipato ai Giochi olimpici giovanili come tuffatrice nel 2010.<\/p>\n\n\n\n<p>Infine, Charl\u00e8ne di Monaco, prima di sposare Alberto II e diventare la Principessa di Monaco, era una nuotatrice professionista. Nel 2000, ha rappresentato il Sudafrica ai Giochi olimpici di Sydney: lei e la sua squadra si sono classificati al 5\u00b0 posto nella staffetta 4 x 100 m. Lo stesso anno, vince anche la medaglia d\u2019oro sui 200 m dorso nel Meeting internazionale di nuoto di Monaco.<\/p>\n\n\n\n<div class=\"wp-block-image\"><figure class=\"aligncenter size-large\"><img loading=\"lazy\" decoding=\"async\" width=\"1024\" height=\"682\" src=\"https:\/\/www.monaco-tribune.com\/wp-content\/uploads\/2020\/07\/princesse-charl\u00e8ne-water-bike-challenge-1024x682.jpg\" alt=\"principessa charlene acqua bicicletta sfida\" class=\"wp-image-32381\" srcset=\"https:\/\/www.monaco-tribune.com\/wp-content\/uploads\/2020\/07\/princesse-charl\u00e8ne-water-bike-challenge-1024x682.jpg 1024w, https:\/\/www.monaco-tribune.com\/wp-content\/uploads\/2020\/07\/princesse-charl\u00e8ne-water-bike-challenge-300x200.jpg 300w, https:\/\/www.monaco-tribune.com\/wp-content\/uploads\/2020\/07\/princesse-charl\u00e8ne-water-bike-challenge-768x512.jpg 768w, https:\/\/www.monaco-tribune.com\/wp-content\/uploads\/2020\/07\/princesse-charl\u00e8ne-water-bike-challenge-1536x1023.jpg 1536w, https:\/\/www.monaco-tribune.com\/wp-content\/uploads\/2020\/07\/princesse-charl\u00e8ne-water-bike-challenge-219x146.jpg 219w, https:\/\/www.monaco-tribune.com\/wp-content\/uploads\/2020\/07\/princesse-charl\u00e8ne-water-bike-challenge-50x33.jpg 50w, https:\/\/www.monaco-tribune.com\/wp-content\/uploads\/2020\/07\/princesse-charl\u00e8ne-water-bike-challenge-113x75.jpg 113w, https:\/\/www.monaco-tribune.com\/wp-content\/uploads\/2020\/07\/princesse-charl\u00e8ne-water-bike-challenge.jpg 1875w\" sizes=\"auto, (max-width: 1024px) 100vw, 1024px\" \/><figcaption>\u00a9 Fondazione Principessa Charl\u00e8ne di Monaco<\/figcaption><\/figure><\/div>\n\n\n\n<p><strong>&gt;&gt; LEGGI ANCHE:<\/strong> <a href=\"https:\/\/www.monaco-tribune.com\/it\/2020\/05\/stadio-louis-ii-5-cose-da-sapere-sulla-casa-del-monaco\/\">Stadio Louis II: 5 cose da sapere sulla casa del Monaco<\/a><\/p>\n","protected":false},"excerpt":{"rendered":"<p>Ancorato nella cultura monegasca da tempo immemorabile, lo sport occupa un posto importante nel paesaggio del Principato. Famosa per il [&hellip;]<\/p>\n","protected":false},"author":21,"featured_media":28646,"parent":0,"menu_order":0,"comment_status":"closed","ping_status":"closed","template":"","meta":{"_acf_changed":false,"footnotes":""},"class_list":["post-19770","page","type-page","status-publish","has-post-thumbnail","hentry"],"acf":[],"yoast_head":"<!-- This site is optimized with the Yoast SEO Premium plugin v26.8 (Yoast SEO v27.5) - https:\/\/yoast.com\/product\/yoast-seo-premium-wordpress\/ -->\n<title>Sport<\/title>\n<meta name=\"description\" content=\"Votre magazine qui parle de Monaco et de la C\u00f4te d&#039;Azur: info, culture, lifestyle, business, Famille Princi\u00e8re, AS Monaco, football, basket, personnalit\u00e9s.\" \/>\n<meta name=\"robots\" content=\"index, follow, max-snippet:-1, max-image-preview:large, max-video-preview:-1\" \/>\n<link rel=\"canonical\" href=\"https:\/\/www.monaco-tribune.com\/it\/sport-monaco\/\" \/>\n<meta property=\"og:locale\" content=\"it_IT\" \/>\n<meta property=\"og:type\" content=\"article\" \/>\n<meta property=\"og:title\" content=\"Sport\" \/>\n<meta property=\"og:description\" content=\"Votre magazine qui parle de Monaco et de la C\u00f4te d&#039;Azur: info, culture, lifestyle, business, Famille Princi\u00e8re, AS Monaco, football, basket, personnalit\u00e9s.\" \/>\n<meta property=\"og:url\" content=\"https:\/\/www.monaco-tribune.com\/it\/sport-monaco\/\" \/>\n<meta property=\"og:site_name\" content=\"Monaco Tribune\" \/>\n<meta property=\"article:publisher\" content=\"https:\/\/www.facebook.com\/MonacoTribune\" \/>\n<meta property=\"article:modified_time\" content=\"2022-11-30T17:14:00+00:00\" \/>\n<meta property=\"og:image\" content=\"https:\/\/www.monaco-tribune.com\/wp-content\/uploads\/2020\/05\/2048x1536-fit_st-moritz-championnat.jpeg\" \/>\n\t<meta property=\"og:image:width\" content=\"2048\" \/>\n\t<meta property=\"og:image:height\" content=\"1363\" \/>\n\t<meta property=\"og:image:type\" content=\"image\/jpeg\" \/>\n<meta name=\"twitter:card\" content=\"summary_large_image\" \/>\n<meta name=\"twitter:site\" content=\"@MonacoTribune\" \/>\n<script type=\"application\/ld+json\" class=\"yoast-schema-graph\">{\"@context\":\"https:\\\/\\\/schema.org\",\"@graph\":[{\"@type\":\"WebPage\",\"@id\":\"https:\\\/\\\/www.monaco-tribune.com\\\/it\\\/sport-monaco\\\/\",\"url\":\"https:\\\/\\\/www.monaco-tribune.com\\\/it\\\/sport-monaco\\\/\",\"name\":\"Sport\",\"isPartOf\":{\"@id\":\"https:\\\/\\\/www.monaco-tribune.com\\\/it\\\/#website\"},\"primaryImageOfPage\":{\"@id\":\"https:\\\/\\\/www.monaco-tribune.com\\\/it\\\/sport-monaco\\\/#primaryimage\"},\"image\":{\"@id\":\"https:\\\/\\\/www.monaco-tribune.com\\\/it\\\/sport-monaco\\\/#primaryimage\"},\"thumbnailUrl\":\"https:\\\/\\\/www.monaco-tribune.com\\\/wp-content\\\/uploads\\\/2020\\\/05\\\/2048x1536-fit_st-moritz-championnat.jpeg\",\"datePublished\":\"2020-01-24T10:20:08+00:00\",\"dateModified\":\"2022-11-30T17:14:00+00:00\",\"description\":\"Votre magazine qui parle de Monaco et de la C\u00f4te d'Azur: info, culture, lifestyle, business, Famille Princi\u00e8re, AS Monaco, football, basket, personnalit\u00e9s.\",\"breadcrumb\":{\"@id\":\"https:\\\/\\\/www.monaco-tribune.com\\\/it\\\/sport-monaco\\\/#breadcrumb\"},\"inLanguage\":\"it-IT\",\"potentialAction\":[{\"@type\":\"ReadAction\",\"target\":[\"https:\\\/\\\/www.monaco-tribune.com\\\/it\\\/sport-monaco\\\/\"]}]},{\"@type\":\"ImageObject\",\"inLanguage\":\"it-IT\",\"@id\":\"https:\\\/\\\/www.monaco-tribune.com\\\/it\\\/sport-monaco\\\/#primaryimage\",\"url\":\"https:\\\/\\\/www.monaco-tribune.com\\\/wp-content\\\/uploads\\\/2020\\\/05\\\/2048x1536-fit_st-moritz-championnat.jpeg\",\"contentUrl\":\"https:\\\/\\\/www.monaco-tribune.com\\\/wp-content\\\/uploads\\\/2020\\\/05\\\/2048x1536-fit_st-moritz-championnat.jpeg\",\"width\":2048,\"height\":1363,\"caption\":\"Il Principe Alberto II ha gareggiato nel bob in cinque Olimpiadi Invernali: Calgary 1988, Albertville 1992, Lillehammer 1994, Nagano 1998 e Salt Lake City 2002. (Foto DR)\"},{\"@type\":\"BreadcrumbList\",\"@id\":\"https:\\\/\\\/www.monaco-tribune.com\\\/it\\\/sport-monaco\\\/#breadcrumb\",\"itemListElement\":[{\"@type\":\"ListItem\",\"position\":1,\"name\":\"Accueil\",\"item\":\"https:\\\/\\\/www.monaco-tribune.com\\\/it\\\/\"},{\"@type\":\"ListItem\",\"position\":2,\"name\":\"Sport\"}]},{\"@type\":\"WebSite\",\"@id\":\"https:\\\/\\\/www.monaco-tribune.com\\\/it\\\/#website\",\"url\":\"https:\\\/\\\/www.monaco-tribune.com\\\/it\\\/\",\"name\":\"Monaco Tribune\",\"description\":\"Monaco : actualit\u00e9s \u00e9conomiques, politiques, culturelles et sportives de Monaco et de la French Riviera.\",\"publisher\":{\"@id\":\"https:\\\/\\\/www.monaco-tribune.com\\\/it\\\/#organization\"},\"potentialAction\":[{\"@type\":\"SearchAction\",\"target\":{\"@type\":\"EntryPoint\",\"urlTemplate\":\"https:\\\/\\\/www.monaco-tribune.com\\\/it\\\/?s={search_term_string}\"},\"query-input\":{\"@type\":\"PropertyValueSpecification\",\"valueRequired\":true,\"valueName\":\"search_term_string\"}}],\"inLanguage\":\"it-IT\"},{\"@type\":\"Organization\",\"@id\":\"https:\\\/\\\/www.monaco-tribune.com\\\/it\\\/#organization\",\"name\":\"Monaco Tribune\",\"url\":\"https:\\\/\\\/www.monaco-tribune.com\\\/it\\\/\",\"logo\":{\"@type\":\"ImageObject\",\"inLanguage\":\"it-IT\",\"@id\":\"https:\\\/\\\/www.monaco-tribune.com\\\/it\\\/#\\\/schema\\\/logo\\\/image\\\/\",\"url\":\"https:\\\/\\\/www.monaco-tribune.com\\\/wp-content\\\/uploads\\\/2022\\\/11\\\/logo-monaco-tribune.png\",\"contentUrl\":\"https:\\\/\\\/www.monaco-tribune.com\\\/wp-content\\\/uploads\\\/2022\\\/11\\\/logo-monaco-tribune.png\",\"width\":1548,\"height\":600,\"caption\":\"Monaco Tribune\"},\"image\":{\"@id\":\"https:\\\/\\\/www.monaco-tribune.com\\\/it\\\/#\\\/schema\\\/logo\\\/image\\\/\"},\"sameAs\":[\"https:\\\/\\\/www.facebook.com\\\/MonacoTribune\",\"https:\\\/\\\/x.com\\\/MonacoTribune\",\"https:\\\/\\\/www.instagram.com\\\/monacotribune\\\/\",\"https:\\\/\\\/www.linkedin.com\\\/company\\\/monaco-tribune\",\"https:\\\/\\\/www.youtube.com\\\/channel\\\/UCHle1MnG6hw1y4lWKijVbMA\"]}]}<\/script>\n<!-- \/ Yoast SEO Premium plugin. -->","yoast_head_json":{"title":"Sport","description":"Votre magazine qui parle de Monaco et de la C\u00f4te d'Azur: info, culture, lifestyle, business, Famille Princi\u00e8re, AS Monaco, football, basket, personnalit\u00e9s.","robots":{"index":"index","follow":"follow","max-snippet":"max-snippet:-1","max-image-preview":"max-image-preview:large","max-video-preview":"max-video-preview:-1"},"canonical":"https:\/\/www.monaco-tribune.com\/it\/sport-monaco\/","og_locale":"it_IT","og_type":"article","og_title":"Sport","og_description":"Votre magazine qui parle de Monaco et de la C\u00f4te d'Azur: info, culture, lifestyle, business, Famille Princi\u00e8re, AS Monaco, football, basket, personnalit\u00e9s.","og_url":"https:\/\/www.monaco-tribune.com\/it\/sport-monaco\/","og_site_name":"Monaco Tribune","article_publisher":"https:\/\/www.facebook.com\/MonacoTribune","article_modified_time":"2022-11-30T17:14:00+00:00","og_image":[{"width":2048,"height":1363,"url":"https:\/\/www.monaco-tribune.com\/wp-content\/uploads\/2020\/05\/2048x1536-fit_st-moritz-championnat.jpeg","type":"image\/jpeg"}],"twitter_card":"summary_large_image","twitter_site":"@MonacoTribune","schema":{"@context":"https:\/\/schema.org","@graph":[{"@type":"WebPage","@id":"https:\/\/www.monaco-tribune.com\/it\/sport-monaco\/","url":"https:\/\/www.monaco-tribune.com\/it\/sport-monaco\/","name":"Sport","isPartOf":{"@id":"https:\/\/www.monaco-tribune.com\/it\/#website"},"primaryImageOfPage":{"@id":"https:\/\/www.monaco-tribune.com\/it\/sport-monaco\/#primaryimage"},"image":{"@id":"https:\/\/www.monaco-tribune.com\/it\/sport-monaco\/#primaryimage"},"thumbnailUrl":"https:\/\/www.monaco-tribune.com\/wp-content\/uploads\/2020\/05\/2048x1536-fit_st-moritz-championnat.jpeg","datePublished":"2020-01-24T10:20:08+00:00","dateModified":"2022-11-30T17:14:00+00:00","description":"Votre magazine qui parle de Monaco et de la C\u00f4te d'Azur: info, culture, lifestyle, business, Famille Princi\u00e8re, AS Monaco, football, basket, personnalit\u00e9s.","breadcrumb":{"@id":"https:\/\/www.monaco-tribune.com\/it\/sport-monaco\/#breadcrumb"},"inLanguage":"it-IT","potentialAction":[{"@type":"ReadAction","target":["https:\/\/www.monaco-tribune.com\/it\/sport-monaco\/"]}]},{"@type":"ImageObject","inLanguage":"it-IT","@id":"https:\/\/www.monaco-tribune.com\/it\/sport-monaco\/#primaryimage","url":"https:\/\/www.monaco-tribune.com\/wp-content\/uploads\/2020\/05\/2048x1536-fit_st-moritz-championnat.jpeg","contentUrl":"https:\/\/www.monaco-tribune.com\/wp-content\/uploads\/2020\/05\/2048x1536-fit_st-moritz-championnat.jpeg","width":2048,"height":1363,"caption":"Il Principe Alberto II ha gareggiato nel bob in cinque Olimpiadi Invernali: Calgary 1988, Albertville 1992, Lillehammer 1994, Nagano 1998 e Salt Lake City 2002. (Foto DR)"},{"@type":"BreadcrumbList","@id":"https:\/\/www.monaco-tribune.com\/it\/sport-monaco\/#breadcrumb","itemListElement":[{"@type":"ListItem","position":1,"name":"Accueil","item":"https:\/\/www.monaco-tribune.com\/it\/"},{"@type":"ListItem","position":2,"name":"Sport"}]},{"@type":"WebSite","@id":"https:\/\/www.monaco-tribune.com\/it\/#website","url":"https:\/\/www.monaco-tribune.com\/it\/","name":"Monaco Tribune","description":"Monaco : actualit\u00e9s \u00e9conomiques, politiques, culturelles et sportives de Monaco et de la French Riviera.","publisher":{"@id":"https:\/\/www.monaco-tribune.com\/it\/#organization"},"potentialAction":[{"@type":"SearchAction","target":{"@type":"EntryPoint","urlTemplate":"https:\/\/www.monaco-tribune.com\/it\/?s={search_term_string}"},"query-input":{"@type":"PropertyValueSpecification","valueRequired":true,"valueName":"search_term_string"}}],"inLanguage":"it-IT"},{"@type":"Organization","@id":"https:\/\/www.monaco-tribune.com\/it\/#organization","name":"Monaco Tribune","url":"https:\/\/www.monaco-tribune.com\/it\/","logo":{"@type":"ImageObject","inLanguage":"it-IT","@id":"https:\/\/www.monaco-tribune.com\/it\/#\/schema\/logo\/image\/","url":"https:\/\/www.monaco-tribune.com\/wp-content\/uploads\/2022\/11\/logo-monaco-tribune.png","contentUrl":"https:\/\/www.monaco-tribune.com\/wp-content\/uploads\/2022\/11\/logo-monaco-tribune.png","width":1548,"height":600,"caption":"Monaco Tribune"},"image":{"@id":"https:\/\/www.monaco-tribune.com\/it\/#\/schema\/logo\/image\/"},"sameAs":["https:\/\/www.facebook.com\/MonacoTribune","https:\/\/x.com\/MonacoTribune","https:\/\/www.instagram.com\/monacotribune\/","https:\/\/www.linkedin.com\/company\/monaco-tribune","https:\/\/www.youtube.com\/channel\/UCHle1MnG6hw1y4lWKijVbMA"]}]}},"_links":{"self":[{"href":"https:\/\/www.monaco-tribune.com\/it\/wp-json\/wp\/v2\/pages\/19770","targetHints":{"allow":["GET"]}}],"collection":[{"href":"https:\/\/www.monaco-tribune.com\/it\/wp-json\/wp\/v2\/pages"}],"about":[{"href":"https:\/\/www.monaco-tribune.com\/it\/wp-json\/wp\/v2\/types\/page"}],"author":[{"embeddable":true,"href":"https:\/\/www.monaco-tribune.com\/it\/wp-json\/wp\/v2\/users\/21"}],"replies":[{"embeddable":true,"href":"https:\/\/www.monaco-tribune.com\/it\/wp-json\/wp\/v2\/comments?post=19770"}],"version-history":[{"count":0,"href":"https:\/\/www.monaco-tribune.com\/it\/wp-json\/wp\/v2\/pages\/19770\/revisions"}],"wp:featuredmedia":[{"embeddable":true,"href":"https:\/\/www.monaco-tribune.com\/it\/wp-json\/wp\/v2\/media\/28646"}],"wp:attachment":[{"href":"https:\/\/www.monaco-tribune.com\/it\/wp-json\/wp\/v2\/media?parent=19770"}],"curies":[{"name":"wp","href":"https:\/\/api.w.org\/{rel}","templated":true}]}}