{"id":20336,"date":"2020-01-29T18:23:41","date_gmt":"2020-01-29T17:23:41","guid":{"rendered":"https:\/\/www.monaco-tribune.com\/casino\/"},"modified":"2020-06-26T15:05:04","modified_gmt":"2020-06-26T13:05:04","slug":"casino","status":"publish","type":"page","link":"https:\/\/www.monaco-tribune.com\/it\/casino\/","title":{"rendered":"Casin\u00f2"},"content":{"rendered":"<h1><strong>Monte-Carlo e i casin\u00f2, una vera storia d&#8217;amore<\/strong><\/h1>\n<p><img loading=\"lazy\" decoding=\"async\" class=\"aligncenter wp-image-19678 size-large\" src=\"https:\/\/www.monaco-tribune.com\/wp-content\/uploads\/2020\/01\/casino-monaco-1024x404.jpeg\" alt=\"casino monaco\" width=\"1024\" height=\"404\" srcset=\"https:\/\/www.monaco-tribune.com\/wp-content\/uploads\/2020\/01\/casino-monaco-1024x404.jpeg 1024w, https:\/\/www.monaco-tribune.com\/wp-content\/uploads\/2020\/01\/casino-monaco-600x237.jpeg 600w, https:\/\/www.monaco-tribune.com\/wp-content\/uploads\/2020\/01\/casino-monaco.jpeg 1900w\" sizes=\"auto, (max-width: 1024px) 100vw, 1024px\" \/><\/p>\n<p><strong>\u00a0Con ben quattro casin\u00f2 di fama mondiale attivi sul suo territorio, il Principato di Monaco \u00e8 un luogo unico per tutti gli appassionati del gioco d&#8217;azzardo. Vere e proprie istituzioni, questi quattro stabilimenti hanno in comune un&#8217;architettura lussuosa mescolata a un arredamento mozzafiato.<\/strong><\/p>\n<p><strong>\u00a0<\/strong><\/p>\n<h2>Casino de Monte-Carlo<strong>\u00a0<\/strong><\/h2>\n<p>Maestosamente eretto nel cuore del principato, il Casin\u00f2 di Monte-Carlo \u00e8 innegabilmente uno dei pi\u00f9 bei casin\u00f2 del mondo. Con il suo stile singolare, che d\u00e0 l&#8217;impressione di rivivere la Belle Epoque, lo stabilimento \u00e8 stato immaginato, progettato poi concepito nel 1879 dall&#8217;architetto Charles Garnier. Con sette sale da gioco e lounge con slot machine e tavoli da gioco, tre ristoranti di alta gamma per la ristorazione e numerose lounge private, il Casin\u00f2 di Monte-Carlo offre un ambiente idilliaco, circondato da giardini e da un&#8217;incredibile terrazza con vista sul Mediterraneo. Pi\u00f9 che un semplice casin\u00f2, l&#8217;edificio \u00e8 considerato un monumento a Monaco.<\/p>\n<p><strong> Vale a dire<\/strong>: Dal 1983 e dal film &#8220;Mai dire mai&#8221; di James Bond, si sono svolte altre tre riprese al casin\u00f2 di Monte Carlo. Nel 1995, anche &#8220;GoldenEye&#8221; di Martin Campbell, James Bond con Pierce Brosnan ha visto le sue scene girate nel mitico casin\u00f2 monegasco. Proprio come il film &#8220;Coco&#8221; di Gad Elmaleh, nel 2009, e &#8220;Fast and Furious 5&#8221;, nel 2011.<\/p>\n<h2>Monte-Carlo Bay Casino<\/h2>\n<p>Una parola lo caratterizza cos\u00ec bene: lusso. Raffinato, confortevole, elegante, il Monte-Carlo Bay Casino \u00e8 molto pi\u00f9 di un semplice casin\u00f2, dove le slot machine giocano a gomito. Qui, nel cuore di un hotel incredibile, su una penisola di quattro ettari, proprio nel punto in cui il Mar Mediterraneo si estende a perdita d&#8217;occhio, lo stabilimento permette di rilassarsi nelle camere del Monte-Carlo Bay Hotel &amp; Resort, dopo una folle serata di gioco d&#8217;azzardo. E oltre alla sua paradisiaca zona notte, una magnifica spa di Cinq Mondes, cos\u00ec come i ristoranti &#8220;Blue Bay&#8221;, &#8220;Las Brisas&#8221; e &#8220;L&#8217;Orange verte&#8221; accolgono i fedeli ospiti del Casin\u00f2 di Monte-Carlo Bay, in cerca di benessere, in uno spirito riposante e in un&#8217;atmosfera decisamente trasformata in lounge.<\/p>\n<p><strong>Vale a dire<\/strong>: Con 334 camere e suite di lusso, il Casin\u00f2 di Monte-Carlo Bay vanta una statistica spaventosa: il 75% delle sue camere ha la vista sul mare. Un vero e proprio tuffo nel Mediterraneo.<\/p>\n<h2>Casino Caf\u00e9 de Paris<\/h2>\n<p>L&#8217;impressione di vagare per le strade di Parigi \u00e8 impressionante. Immerso in un arredamento ispirato alla capitale e modellato da Charles Garnier, l&#8217;architetto che ha costruito l&#8217;Op\u00e9ra Garnier a Parigi, il Casin\u00f2 Caf\u00e9 de Paris e la sua suggestiva vista sulla baia di Monaco sembra un paradiso per gli amatori di adrenalina. Con quasi cinquecento macchine, che si aggiungono ai tavoli da gioco all&#8217;interno e sulle terrazze dello stabilimento, il Caf\u00e9 de Paris seduce e affascina con i suoi jackpot pi\u00f9 importanti della Costa Azzurra, raggiungendo talvolta il milione di euro.<\/p>\n<p><strong>Vale a dire<\/strong>: No, non siamo a Las Vegas. Ma il Casin\u00f2 Caf\u00e9 de Paris \u00e8 un nottambulo. Il locale \u00e8 infatti aperto 24 ore su 24.<strong>\u00a0<\/strong><\/p>\n<h2>Sun Casino<\/h2>\n<p>Il Sun Casino offre un&#8217;atmosfera calda, in un universo chic, ma soprattutto rilassato. Contemporaneo, di ispirazione americana, lo stabilimento illumina il principato a pochi passi dalla Place du Casino. Con ben trecento terminali da tavolo per la roulette inglese, il Craps, il Blackjack o il Texas Hold&#8217;em Ultimate, il Sun Casino \u00e8 apprezzato per la diversit\u00e0 del suo parco giochi, ma anche per i suoi numerosi spettacoli e animazioni, che si fondono nell&#8217;arredamento, tra le slot machine, o anche all&#8217;interno del suo delizioso ristorante: Il Circo.<\/p>\n<p><strong>Vale a dire<\/strong>: Dopo la fusione con il Caf\u00e9 de Paris, il Casin\u00f2 Sun chiuder\u00e0 nel 2023. A tutt&#8217;oggi non \u00e8 stato ancora confermato se verr\u00e0 sostituito o meno.<\/p>\n","protected":false},"excerpt":{"rendered":"<p>Monte-Carlo e i casin\u00f2, una vera storia d&#8217;amore \u00a0Con ben quattro casin\u00f2 di fama mondiale attivi sul suo territorio, il [&hellip;]<\/p>\n","protected":false},"author":21,"featured_media":0,"parent":0,"menu_order":0,"comment_status":"closed","ping_status":"closed","template":"","meta":{"_acf_changed":false,"footnotes":""},"class_list":["post-20336","page","type-page","status-publish","hentry"],"acf":[],"yoast_head":"<!-- This site is optimized with the Yoast SEO Premium plugin v26.8 (Yoast SEO v27.4) - https:\/\/yoast.com\/product\/yoast-seo-premium-wordpress\/ -->\n<title>Casin\u00f2<\/title>\n<meta name=\"description\" content=\"Votre magazine qui parle de Monaco et de la C\u00f4te d&#039;Azur: info, culture, lifestyle, business, Famille Princi\u00e8re, AS Monaco, football, basket, personnalit\u00e9s.\" \/>\n<meta name=\"robots\" content=\"index, follow, max-snippet:-1, max-image-preview:large, max-video-preview:-1\" \/>\n<link rel=\"canonical\" href=\"https:\/\/www.monaco-tribune.com\/it\/casino\/\" \/>\n<meta property=\"og:locale\" content=\"it_IT\" \/>\n<meta property=\"og:type\" content=\"article\" \/>\n<meta property=\"og:title\" content=\"Casin\u00f2\" \/>\n<meta property=\"og:description\" content=\"Votre magazine qui parle de Monaco et de la C\u00f4te d&#039;Azur: info, culture, lifestyle, business, Famille Princi\u00e8re, AS Monaco, football, basket, personnalit\u00e9s.\" \/>\n<meta property=\"og:url\" content=\"https:\/\/www.monaco-tribune.com\/it\/casino\/\" \/>\n<meta property=\"og:site_name\" content=\"Monaco Tribune\" \/>\n<meta property=\"article:publisher\" content=\"https:\/\/www.facebook.com\/MonacoTribune\" \/>\n<meta property=\"article:modified_time\" content=\"2020-06-26T13:05:04+00:00\" \/>\n<meta property=\"og:image\" content=\"https:\/\/www.monaco-tribune.com\/wp-content\/uploads\/2020\/01\/casino-monaco-1024x404.jpeg\" \/>\n<meta name=\"twitter:card\" content=\"summary_large_image\" \/>\n<meta name=\"twitter:site\" content=\"@MonacoTribune\" \/>\n<script type=\"application\/ld+json\" class=\"yoast-schema-graph\">{\"@context\":\"https:\\\/\\\/schema.org\",\"@graph\":[{\"@type\":\"WebPage\",\"@id\":\"https:\\\/\\\/www.monaco-tribune.com\\\/it\\\/casino\\\/\",\"url\":\"https:\\\/\\\/www.monaco-tribune.com\\\/it\\\/casino\\\/\",\"name\":\"Casin\u00f2\",\"isPartOf\":{\"@id\":\"https:\\\/\\\/www.monaco-tribune.com\\\/it\\\/#website\"},\"primaryImageOfPage\":{\"@id\":\"https:\\\/\\\/www.monaco-tribune.com\\\/it\\\/casino\\\/#primaryimage\"},\"image\":{\"@id\":\"https:\\\/\\\/www.monaco-tribune.com\\\/it\\\/casino\\\/#primaryimage\"},\"thumbnailUrl\":\"https:\\\/\\\/www.monaco-tribune.com\\\/wp-content\\\/uploads\\\/2020\\\/01\\\/casino-monaco-1024x404.jpeg\",\"datePublished\":\"2020-01-29T17:23:41+00:00\",\"dateModified\":\"2020-06-26T13:05:04+00:00\",\"description\":\"Votre magazine qui parle de Monaco et de la C\u00f4te d'Azur: info, culture, lifestyle, business, Famille Princi\u00e8re, AS Monaco, football, basket, personnalit\u00e9s.\",\"breadcrumb\":{\"@id\":\"https:\\\/\\\/www.monaco-tribune.com\\\/it\\\/casino\\\/#breadcrumb\"},\"inLanguage\":\"it-IT\",\"potentialAction\":[{\"@type\":\"ReadAction\",\"target\":[\"https:\\\/\\\/www.monaco-tribune.com\\\/it\\\/casino\\\/\"]}]},{\"@type\":\"ImageObject\",\"inLanguage\":\"it-IT\",\"@id\":\"https:\\\/\\\/www.monaco-tribune.com\\\/it\\\/casino\\\/#primaryimage\",\"url\":\"https:\\\/\\\/www.monaco-tribune.com\\\/wp-content\\\/uploads\\\/2020\\\/01\\\/casino-monaco-1024x404.jpeg\",\"contentUrl\":\"https:\\\/\\\/www.monaco-tribune.com\\\/wp-content\\\/uploads\\\/2020\\\/01\\\/casino-monaco-1024x404.jpeg\"},{\"@type\":\"BreadcrumbList\",\"@id\":\"https:\\\/\\\/www.monaco-tribune.com\\\/it\\\/casino\\\/#breadcrumb\",\"itemListElement\":[{\"@type\":\"ListItem\",\"position\":1,\"name\":\"Accueil\",\"item\":\"https:\\\/\\\/www.monaco-tribune.com\\\/it\\\/\"},{\"@type\":\"ListItem\",\"position\":2,\"name\":\"Casin\u00f2\"}]},{\"@type\":\"WebSite\",\"@id\":\"https:\\\/\\\/www.monaco-tribune.com\\\/it\\\/#website\",\"url\":\"https:\\\/\\\/www.monaco-tribune.com\\\/it\\\/\",\"name\":\"Monaco Tribune\",\"description\":\"Monaco : actualit\u00e9s \u00e9conomiques, politiques, culturelles et sportives de Monaco et de la French Riviera.\",\"publisher\":{\"@id\":\"https:\\\/\\\/www.monaco-tribune.com\\\/it\\\/#organization\"},\"potentialAction\":[{\"@type\":\"SearchAction\",\"target\":{\"@type\":\"EntryPoint\",\"urlTemplate\":\"https:\\\/\\\/www.monaco-tribune.com\\\/it\\\/?s={search_term_string}\"},\"query-input\":{\"@type\":\"PropertyValueSpecification\",\"valueRequired\":true,\"valueName\":\"search_term_string\"}}],\"inLanguage\":\"it-IT\"},{\"@type\":\"Organization\",\"@id\":\"https:\\\/\\\/www.monaco-tribune.com\\\/it\\\/#organization\",\"name\":\"Monaco Tribune\",\"url\":\"https:\\\/\\\/www.monaco-tribune.com\\\/it\\\/\",\"logo\":{\"@type\":\"ImageObject\",\"inLanguage\":\"it-IT\",\"@id\":\"https:\\\/\\\/www.monaco-tribune.com\\\/it\\\/#\\\/schema\\\/logo\\\/image\\\/\",\"url\":\"https:\\\/\\\/www.monaco-tribune.com\\\/wp-content\\\/uploads\\\/2022\\\/11\\\/logo-monaco-tribune.png\",\"contentUrl\":\"https:\\\/\\\/www.monaco-tribune.com\\\/wp-content\\\/uploads\\\/2022\\\/11\\\/logo-monaco-tribune.png\",\"width\":1548,\"height\":600,\"caption\":\"Monaco Tribune\"},\"image\":{\"@id\":\"https:\\\/\\\/www.monaco-tribune.com\\\/it\\\/#\\\/schema\\\/logo\\\/image\\\/\"},\"sameAs\":[\"https:\\\/\\\/www.facebook.com\\\/MonacoTribune\",\"https:\\\/\\\/x.com\\\/MonacoTribune\",\"https:\\\/\\\/www.instagram.com\\\/monacotribune\\\/\",\"https:\\\/\\\/www.linkedin.com\\\/company\\\/monaco-tribune\",\"https:\\\/\\\/www.youtube.com\\\/channel\\\/UCHle1MnG6hw1y4lWKijVbMA\"]}]}<\/script>\n<!-- \/ Yoast SEO Premium plugin. -->","yoast_head_json":{"title":"Casin\u00f2","description":"Votre magazine qui parle de Monaco et de la C\u00f4te d'Azur: info, culture, lifestyle, business, Famille Princi\u00e8re, AS Monaco, football, basket, personnalit\u00e9s.","robots":{"index":"index","follow":"follow","max-snippet":"max-snippet:-1","max-image-preview":"max-image-preview:large","max-video-preview":"max-video-preview:-1"},"canonical":"https:\/\/www.monaco-tribune.com\/it\/casino\/","og_locale":"it_IT","og_type":"article","og_title":"Casin\u00f2","og_description":"Votre magazine qui parle de Monaco et de la C\u00f4te d'Azur: info, culture, lifestyle, business, Famille Princi\u00e8re, AS Monaco, football, basket, personnalit\u00e9s.","og_url":"https:\/\/www.monaco-tribune.com\/it\/casino\/","og_site_name":"Monaco Tribune","article_publisher":"https:\/\/www.facebook.com\/MonacoTribune","article_modified_time":"2020-06-26T13:05:04+00:00","og_image":[{"url":"https:\/\/www.monaco-tribune.com\/wp-content\/uploads\/2020\/01\/casino-monaco-1024x404.jpeg","type":"","width":"","height":""}],"twitter_card":"summary_large_image","twitter_site":"@MonacoTribune","schema":{"@context":"https:\/\/schema.org","@graph":[{"@type":"WebPage","@id":"https:\/\/www.monaco-tribune.com\/it\/casino\/","url":"https:\/\/www.monaco-tribune.com\/it\/casino\/","name":"Casin\u00f2","isPartOf":{"@id":"https:\/\/www.monaco-tribune.com\/it\/#website"},"primaryImageOfPage":{"@id":"https:\/\/www.monaco-tribune.com\/it\/casino\/#primaryimage"},"image":{"@id":"https:\/\/www.monaco-tribune.com\/it\/casino\/#primaryimage"},"thumbnailUrl":"https:\/\/www.monaco-tribune.com\/wp-content\/uploads\/2020\/01\/casino-monaco-1024x404.jpeg","datePublished":"2020-01-29T17:23:41+00:00","dateModified":"2020-06-26T13:05:04+00:00","description":"Votre magazine qui parle de Monaco et de la C\u00f4te d'Azur: info, culture, lifestyle, business, Famille Princi\u00e8re, AS Monaco, football, basket, personnalit\u00e9s.","breadcrumb":{"@id":"https:\/\/www.monaco-tribune.com\/it\/casino\/#breadcrumb"},"inLanguage":"it-IT","potentialAction":[{"@type":"ReadAction","target":["https:\/\/www.monaco-tribune.com\/it\/casino\/"]}]},{"@type":"ImageObject","inLanguage":"it-IT","@id":"https:\/\/www.monaco-tribune.com\/it\/casino\/#primaryimage","url":"https:\/\/www.monaco-tribune.com\/wp-content\/uploads\/2020\/01\/casino-monaco-1024x404.jpeg","contentUrl":"https:\/\/www.monaco-tribune.com\/wp-content\/uploads\/2020\/01\/casino-monaco-1024x404.jpeg"},{"@type":"BreadcrumbList","@id":"https:\/\/www.monaco-tribune.com\/it\/casino\/#breadcrumb","itemListElement":[{"@type":"ListItem","position":1,"name":"Accueil","item":"https:\/\/www.monaco-tribune.com\/it\/"},{"@type":"ListItem","position":2,"name":"Casin\u00f2"}]},{"@type":"WebSite","@id":"https:\/\/www.monaco-tribune.com\/it\/#website","url":"https:\/\/www.monaco-tribune.com\/it\/","name":"Monaco Tribune","description":"Monaco : actualit\u00e9s \u00e9conomiques, politiques, culturelles et sportives de Monaco et de la French Riviera.","publisher":{"@id":"https:\/\/www.monaco-tribune.com\/it\/#organization"},"potentialAction":[{"@type":"SearchAction","target":{"@type":"EntryPoint","urlTemplate":"https:\/\/www.monaco-tribune.com\/it\/?s={search_term_string}"},"query-input":{"@type":"PropertyValueSpecification","valueRequired":true,"valueName":"search_term_string"}}],"inLanguage":"it-IT"},{"@type":"Organization","@id":"https:\/\/www.monaco-tribune.com\/it\/#organization","name":"Monaco Tribune","url":"https:\/\/www.monaco-tribune.com\/it\/","logo":{"@type":"ImageObject","inLanguage":"it-IT","@id":"https:\/\/www.monaco-tribune.com\/it\/#\/schema\/logo\/image\/","url":"https:\/\/www.monaco-tribune.com\/wp-content\/uploads\/2022\/11\/logo-monaco-tribune.png","contentUrl":"https:\/\/www.monaco-tribune.com\/wp-content\/uploads\/2022\/11\/logo-monaco-tribune.png","width":1548,"height":600,"caption":"Monaco Tribune"},"image":{"@id":"https:\/\/www.monaco-tribune.com\/it\/#\/schema\/logo\/image\/"},"sameAs":["https:\/\/www.facebook.com\/MonacoTribune","https:\/\/x.com\/MonacoTribune","https:\/\/www.instagram.com\/monacotribune\/","https:\/\/www.linkedin.com\/company\/monaco-tribune","https:\/\/www.youtube.com\/channel\/UCHle1MnG6hw1y4lWKijVbMA"]}]}},"_links":{"self":[{"href":"https:\/\/www.monaco-tribune.com\/it\/wp-json\/wp\/v2\/pages\/20336","targetHints":{"allow":["GET"]}}],"collection":[{"href":"https:\/\/www.monaco-tribune.com\/it\/wp-json\/wp\/v2\/pages"}],"about":[{"href":"https:\/\/www.monaco-tribune.com\/it\/wp-json\/wp\/v2\/types\/page"}],"author":[{"embeddable":true,"href":"https:\/\/www.monaco-tribune.com\/it\/wp-json\/wp\/v2\/users\/21"}],"replies":[{"embeddable":true,"href":"https:\/\/www.monaco-tribune.com\/it\/wp-json\/wp\/v2\/comments?post=20336"}],"version-history":[{"count":0,"href":"https:\/\/www.monaco-tribune.com\/it\/wp-json\/wp\/v2\/pages\/20336\/revisions"}],"wp:attachment":[{"href":"https:\/\/www.monaco-tribune.com\/it\/wp-json\/wp\/v2\/media?parent=20336"}],"curies":[{"name":"wp","href":"https:\/\/api.w.org\/{rel}","templated":true}]}}