{"id":269724,"date":"2025-01-02T17:11:03","date_gmt":"2025-01-02T15:11:03","guid":{"rendered":"https:\/\/www.monaco-tribune.com\/la-newsletter-di-monaco-tribune\/"},"modified":"2025-01-02T17:11:42","modified_gmt":"2025-01-02T15:11:42","slug":"newsletter","status":"publish","type":"page","link":"https:\/\/www.monaco-tribune.com\/it\/newsletter\/","title":{"rendered":"La newsletter di Monaco Tribune"},"content":{"rendered":"\n<p>La nostra newsletter settimanale contiene la sintesi delle informazioni salienti ed esclusive pubblicate sul nostro sito.<\/p>\n\n\t\t\t\t<div class=\"follow-us\">\n\n\t\t\t\t\t\n\t\t\t\t\t\n\t\t\t\t\t\t<div class=\"newsletter-subscribe \">\n\t\t\t\t\t\t\t<div>\n\t\t\t\t\t\t\t\t\t\t\t\t\t\t\t\t\t\t<div class=\"title-with-line-wrapper\">\n\t\t\t\t\t\t\t\t\t\t\t<p class=\"title-with-line\">NEWSLETTER<\/p>\n\t\t\t\t\t\t\t\t\t\t<\/div>\n\t\t\t\t\t\t\t\t\t\t<p>Vuoi ricevere le notizie per e-mail? \u00c8 gratis!<\/p>\n\t\t\t\t\t\t\t\t\t\t<!-- Begin Brevo Form -->\n\t\t\t\t\t\t\t\t\t\t<link rel=\"stylesheet\" href=\"https:\/\/sibforms.com\/forms\/end-form\/build\/sib-styles.css\">\n\t\t\t\t\t\t\t\t\t\t<div class=\"sib-form\" style=\"text-align: center; background-color: #EFF2F7; \">\n\t\t\t\t\t\t\t\t\t\t\t<div id=\"sib-form-container\" class=\"sib-form-container\">\n\t\t\t\t\t\t\t\t\t\t\t\t<div id=\"error-message\" class=\"sib-form-message-panel\" style=\"font-size:16px; text-align:left; font-family:Helvetica, sans-serif; color:#661d1d; background-color:#ffeded; border-radius:3px; border-color:#ff4949;max-width:540px;\">\n\t\t\t\t\t\t\t\t\t\t\t\t<div class=\"sib-form-message-panel__text sib-form-message-panel__text--center\">\n\t\t\t\t\t\t\t\t\t\t\t\t\t<svg viewBox=\"0 0 512 512\" class=\"sib-icon sib-notification__icon\">\n\t\t\t\t\t\t\t\t\t\t\t\t\t\t<path d=\"M256 40c118.621 0 216 96.075 216 216 0 119.291-96.61 216-216 216-119.244 0-216-96.562-216-216 0-119.203 96.602-216 216-216m0-32C119.043 8 8 119.083 8 256c0 136.997 111.043 248 248 248s248-111.003 248-248C504 119.083 392.957 8 256 8zm-11.49 120h22.979c6.823 0 12.274 5.682 11.99 12.5l-7 168c-.268 6.428-5.556 11.5-11.99 11.5h-8.979c-6.433 0-11.722-5.073-11.99-11.5l-7-168c-.283-6.818 5.167-12.5 11.99-12.5zM256 340c-15.464 0-28 12.536-28 28s12.536 28 28 28 28-12.536 28-28-12.536-28-28-28z\" \/>\n\t\t\t\t\t\t\t\t\t\t\t\t\t<\/svg>\n\t\t\t\t\t\t\t\t\t\t\t\t\t<span class=\"sib-form-message-panel__inner-text\">La tua iscrizione non pu\u00f2 essere presa in considerazione :\/ Riprova.<\/span>\n\t\t\t\t\t\t\t\t\t\t\t\t<\/div>\n\t\t\t\t\t\t\t\t\t\t\t\t<\/div>\n\t\t\t\t\t\t\t\t\t\t\t\t<div id=\"success-message\" class=\"sib-form-message-panel\" style=\"font-size:16px; text-align:left; font-family:Helvetica, sans-serif; color:#085229; background-color:#e7faf0; border-radius:3px; border-color:#13ce66;max-width:540px;\">\n\t\t\t\t\t\t\t\t\t\t\t\t<div class=\"sib-form-message-panel__text sib-form-message-panel__text--center\">\n\t\t\t\t\t\t\t\t\t\t\t\t\t<svg viewBox=\"0 0 512 512\" class=\"sib-icon sib-notification__icon\">\n\t\t\t\t\t\t\t\t\t\t\t\t\t\t<path d=\"M256 8C119.033 8 8 119.033 8 256s111.033 248 248 248 248-111.033 248-248S392.967 8 256 8zm0 464c-118.664 0-216-96.055-216-216 0-118.663 96.055-216 216-216 118.664 0 216 96.055 216 216 0 118.663-96.055 216-216 216zm141.63-274.961L217.15 376.071c-4.705 4.667-12.303 4.637-16.97-.068l-85.878-86.572c-4.667-4.705-4.637-12.303.068-16.97l8.52-8.451c4.705-4.667 12.303-4.637 16.97.068l68.976 69.533 163.441-162.13c4.705-4.667 12.303-4.637 16.97.068l8.451 8.52c4.668 4.705 4.637 12.303-.068 16.97z\" \/>\n\t\t\t\t\t\t\t\t\t\t\t\t\t<\/svg>\n\t\t\t\t\t\t\t\t\t\t\t\t\t<span class=\"sib-form-message-panel__inner-text\">Ora sei iscritto alla mailing list del Monaco Tribune !<\/span>\n\t\t\t\t\t\t\t\t\t\t\t\t<\/div>\n\t\t\t\t\t\t\t\t\t\t\t\t<\/div>\n\t\t\t\t\t\t\t\t\t\t\t\t<div id=\"sib-container\" class=\"sib-container--large sib-container--vertical\" style=\"text-align:center; background-color:rgba(255,255,255,1); max-width:540px; border-radius:3px; border-width:1px; border-color:#C0CCD9; border-style:solid; direction:ltr\">\n\t\t\t\t\t\t\t\t\t\t\t\t\t<form id=\"sib-form\" method=\"POST\" action=\"https:\/\/07cd9f00.sibforms.com\/serve\/MUIFANWl91hBaWA15hdjPHCywNIc5bTcL-Wo5_iDhmUPfykHlvGSr49lDXz4jRH3-NLo_IIEyViVfHP4nF2WFG2Usl-3pRnFpwq84UXwJT-nUuArUR9TAuqfWjt-sTeCNsRrZ5OEkfEogclujb7Fpjbn_fv0ZI-Zw8PxuNViylRceyC9Ootfa7aHvhwQisYpJBGH4QSjZV4beJ-u\" data-type=\"subscription\">\n\t\t\t\t\t\t\t\t\t\t\t\t\t\t<div class=\"sib-input sib-form-block\">\n\t\t\t\t\t\t\t\t\t\t\t\t\t\t<div class=\"form__entry entry_block\">\n\t\t\t\t\t\t\t\t\t\t\t\t\t\t\t<div class=\"form__label-row \">\n\t\t\t\t\t\t\t\t\t\t\t\t\t\t\t\t<input class=\"input \" type=\"text\" id=\"EMAIL\" name=\"EMAIL\" autocomplete=\"off\" placeholder=\"Il tuo indirizzo email...\" data-required=\"true\" required \/>\n\t\t\t\t\t\t\t\t\t\t\t\t\t\t\t\t<button class=\"sib-form-block__button sib-form-block__button-with-loader\" style=\"font-size:16px; text-align:left; font-weight:700; font-family:Helvetica, sans-serif; color:#FFFFFF; background-color:#3E4857; border-radius:3px; border-width:0px;\" form=\"sib-form\" type=\"submit\">\n\t\t\t\t\t\t\t\t\t\t\t\t\t\t\t\t\t<svg class=\"icon clickable__icon progress-indicator__icon sib-hide-loader-icon\" viewBox=\"0 0 512 512\">\n\t\t\t\t\t\t\t\t\t\t\t\t\t\t\t\t\t\t<path d=\"M460.116 373.846l-20.823-12.022c-5.541-3.199-7.54-10.159-4.663-15.874 30.137-59.886 28.343-131.652-5.386-189.946-33.641-58.394-94.896-95.833-161.827-99.676C261.028 55.961 256 50.751 256 44.352V20.309c0-6.904 5.808-12.337 12.703-11.982 83.556 4.306 160.163 50.864 202.11 123.677 42.063 72.696 44.079 162.316 6.031 236.832-3.14 6.148-10.75 8.461-16.728 5.01z\" \/>\n\t\t\t\t\t\t\t\t\t\t\t\t\t\t\t\t\t<\/svg>\n\t\t\t\t\t\t\t\t\t\t\t\t\t\t\t\t\tISCRIVITI\n\t\t\t\t\t\t\t\t\t\t\t\t\t\t\t\t<\/button>\n\t\t\t\t\t\t\t\t\t\t\t\t\t\t\t<\/div>\n\t\t\t\t\t\t\t\t\t\t\t\t\t\t\t<label class=\"entry__error entry__error--primary\" style=\"font-size:16px; text-align:left; font-family:Helvetica, sans-serif; color:#661d1d; background-color:#ffeded; border-radius:3px; border-color:#ff4949;\"><\/label>\n\t\t\t\t\t\t\t\t\t\t\t\t\t\t<\/div>\n\t\t\t\t\t\t\t\t\t\t\t\t\t\t<\/div>\n\t\t\t\t\t\t\t\t\t\t\t\t\t\t<input type=\"text\" name=\"email_address_check\" value=\"\" class=\"input--hidden\">\n\t\t\t\t\t\t\t\t\t\t\t\t\t\t<input type=\"hidden\" name=\"locale\" value=\"en\">\n\t\t\t\t\t\t\t\t\t\t\t\t\t<\/form>\n\t\t\t\t\t\t\t\t\t\t\t\t<\/div>\n\t\t\t\t\t\t\t\t\t\t\t<\/div>\n\t\t\t\t\t\t\t\t\t\t<\/div>\n\t\t\t\t\t\t\t\t\t\t<script>\n\t\t\t\t\t\t\t\t\t\t\twindow.REQUIRED_CODE_ERROR_MESSAGE = 'Please choose a country code';\n\t\t\t\t\t\t\t\t\t\t\twindow.LOCALE = 'it';\n\t\t\t\t\t\t\t\t\t\t\twindow.EMAIL_INVALID_MESSAGE = window.SMS_INVALID_MESSAGE = \"Inserisci un indirizzo email valido.\";\n\t\t\t\t\t\t\t\t\t\t\twindow.REQUIRED_ERROR_MESSAGE = \"Campo obbligatorio.\";\n\t\t\t\t\t\t\t\t\t\t\twindow.GENERIC_INVALID_MESSAGE = \"Inserisci un indirizzo email valido.\";\n\t\t\t\t\t\t\t\t\t\t\twindow.translation = {\n\t\t\t\t\t\t\t\t\t\t\t\tcommon: {\n\t\t\t\t\t\t\t\t\t\t\t\tselectedList: '{quantity} list selected',\n\t\t\t\t\t\t\t\t\t\t\t\tselectedLists: '{quantity} lists selected'\n\t\t\t\t\t\t\t\t\t\t\t\t}\n\t\t\t\t\t\t\t\t\t\t\t};\n\t\t\t\t\t\t\t\t\t\t\tvar AUTOHIDE = Boolean(1);\n\t\t\t\t\t\t\t\t\t\t<\/script>\n\t\t\t\t\t\t\t\t\t\t<script defer src=\"https:\/\/sibforms.com\/forms\/end-form\/build\/main.js\"><\/script>\n\t\t\t\t\t\t\t\t\t\t<!-- End Brevo Form -->\n\t\t\t\t\t\t\t\t\t\t\n\t\t\t\t\t\t\t<\/div>\n\t\t\t\t\t\t<\/div>\n\n\t\t\t\t\t\n\t\t\t\t\t\n\t\t\t\t\t\t<div class=\"social-icons\">\n\n\t\t\t\t\t\t\t<div>\n\t\t\t\t\t\t\t\t<a href=\"https:\/\/x.com\/MonacoTribuneIT\" title=\"Segui Monaco Tribune su X \u00bb\" target=\"_blank\">\n\t\t\t\t\t\t\t\t\t<svg class=\"icon icon-x\">\n\t\t\t\t\t\t\t\t\t\t<use xlink:href=\"#icon-x\"><\/use>\n\t\t\t\t\t\t\t\t\t<\/svg>\n\t\t\t\t\t\t\t\t<\/a>\t\t\t\t\t\t\t\t\n\t\t\t\t\t\t\t\t<a href=\"https:\/\/www.facebook.com\/MonacoTribune.it\/\" title=\"Segui Monaco Tribune su Facebook\" target=\"_blank\">\n\t\t\t\t\t\t\t\t\t<svg class=\"icon icon-facebook\">\n\t\t\t\t\t\t\t\t\t\t<use xlink:href=\"#icon-facebook\"><\/use>\n\t\t\t\t\t\t\t\t\t<\/svg>\n\t\t\t\t\t\t\t\t<\/a>\n\t\t\t\t\t\t\t\t<a href=\"https:\/\/www.instagram.com\/monacotribune\/\" title=\"Segui Monaco Tribune su Instagram\" target=\"_blank\">\n\t\t\t\t\t\t\t\t\t<svg class=\"icon icon-instagram\">\n\t\t\t\t\t\t\t\t\t\t<use xlink:href=\"#icon-instagram\"><\/use>\n\t\t\t\t\t\t\t\t\t<\/svg>\n\t\t\t\t\t\t\t\t<\/a>\n\t\t\t\t\t\t\t\t<a href=\"https:\/\/www.linkedin.com\/company\/monaco-tribune\/\" title=\"Segui Monaco Tribune su LinkedIn\" target=\"_blank\">\n\t\t\t\t\t\t\t\t\t<svg class=\"icon icon-linkedin\">\n\t\t\t\t\t\t\t\t\t\t<use xlink:href=\"#icon-linkedin\"><\/use>\n\t\t\t\t\t\t\t\t\t<\/svg>\n\t\t\t\t\t\t\t\t<\/a>\n\t\t\t\t\t\t\t\t<a href=\"https:\/\/www.youtube.com\/playlist?list=PLKYq_Z_1Yg8OuUP9V3zkOhRN6Fk1tnmu8\" title=\"Segui Monaco Tribune su YouTube\" target=\"_blank\">\n\t\t\t\t\t\t\t\t\t<svg class=\"icon icon-youtube\">\n\t\t\t\t\t\t\t\t\t\t<use xlink:href=\"#icon-youtube\"><\/use>\n\t\t\t\t\t\t\t\t\t<\/svg>\n\t\t\t\t\t\t\t\t<\/a>\n\t\t\t\t\t\t\t<\/div>\n\t\t\t\t\t\t\t<div class=\"nb-followers\">\n\t\t\t\t\t\t\t\tUnisciti alla\u00a0nostra Community\u00a0di 150 mila followers!\t\t\t\t\t\t\t<\/div>\n\t\t\t\t\t\t<\/div>\n\n\t\t\t\t\t\n\t\t\t\t<\/div>\n\n\t\t\t\n","protected":false},"excerpt":{"rendered":"<p>La nostra newsletter settimanale contiene la sintesi delle informazioni salienti ed esclusive pubblicate sul nostro sito.<\/p>\n","protected":false},"author":59,"featured_media":0,"parent":0,"menu_order":0,"comment_status":"closed","ping_status":"closed","template":"","meta":{"_acf_changed":false,"footnotes":""},"class_list":["post-269724","page","type-page","status-publish","hentry"],"acf":[],"yoast_head":"<!-- This site is optimized with the Yoast SEO Premium plugin v26.8 (Yoast SEO v27.3) - https:\/\/yoast.com\/product\/yoast-seo-premium-wordpress\/ -->\n<title>La newsletter di Monaco Tribune<\/title>\n<meta name=\"description\" content=\"Votre magazine qui parle de Monaco et de la C\u00f4te d&#039;Azur: info, culture, lifestyle, business, Famille Princi\u00e8re, AS Monaco, football, basket, personnalit\u00e9s.\" \/>\n<meta name=\"robots\" content=\"index, follow, max-snippet:-1, max-image-preview:large, max-video-preview:-1\" \/>\n<link rel=\"canonical\" href=\"https:\/\/www.monaco-tribune.com\/it\/newsletter\/\" \/>\n<meta property=\"og:locale\" content=\"it_IT\" \/>\n<meta property=\"og:type\" content=\"article\" \/>\n<meta property=\"og:title\" content=\"La newsletter di Monaco Tribune\" \/>\n<meta property=\"og:description\" content=\"Votre magazine qui parle de Monaco et de la C\u00f4te d&#039;Azur: info, culture, lifestyle, business, Famille Princi\u00e8re, AS Monaco, football, basket, personnalit\u00e9s.\" \/>\n<meta property=\"og:url\" content=\"https:\/\/www.monaco-tribune.com\/it\/newsletter\/\" \/>\n<meta property=\"og:site_name\" content=\"Monaco Tribune\" \/>\n<meta property=\"article:publisher\" content=\"https:\/\/www.facebook.com\/MonacoTribune\" \/>\n<meta property=\"article:modified_time\" content=\"2025-01-02T15:11:42+00:00\" \/>\n<meta name=\"twitter:card\" content=\"summary_large_image\" \/>\n<meta name=\"twitter:site\" content=\"@MonacoTribune\" \/>\n<script type=\"application\/ld+json\" class=\"yoast-schema-graph\">{\"@context\":\"https:\\\/\\\/schema.org\",\"@graph\":[{\"@type\":\"WebPage\",\"@id\":\"https:\\\/\\\/www.monaco-tribune.com\\\/it\\\/newsletter\\\/\",\"url\":\"https:\\\/\\\/www.monaco-tribune.com\\\/it\\\/newsletter\\\/\",\"name\":\"La newsletter di Monaco Tribune\",\"isPartOf\":{\"@id\":\"https:\\\/\\\/www.monaco-tribune.com\\\/it\\\/#website\"},\"datePublished\":\"2025-01-02T15:11:03+00:00\",\"dateModified\":\"2025-01-02T15:11:42+00:00\",\"description\":\"Votre magazine qui parle de Monaco et de la C\u00f4te d'Azur: info, culture, lifestyle, business, Famille Princi\u00e8re, AS Monaco, football, basket, personnalit\u00e9s.\",\"breadcrumb\":{\"@id\":\"https:\\\/\\\/www.monaco-tribune.com\\\/it\\\/newsletter\\\/#breadcrumb\"},\"inLanguage\":\"it-IT\",\"potentialAction\":[{\"@type\":\"ReadAction\",\"target\":[\"https:\\\/\\\/www.monaco-tribune.com\\\/it\\\/newsletter\\\/\"]}]},{\"@type\":\"BreadcrumbList\",\"@id\":\"https:\\\/\\\/www.monaco-tribune.com\\\/it\\\/newsletter\\\/#breadcrumb\",\"itemListElement\":[{\"@type\":\"ListItem\",\"position\":1,\"name\":\"Accueil\",\"item\":\"https:\\\/\\\/www.monaco-tribune.com\\\/it\\\/\"},{\"@type\":\"ListItem\",\"position\":2,\"name\":\"La newsletter di Monaco Tribune\"}]},{\"@type\":\"WebSite\",\"@id\":\"https:\\\/\\\/www.monaco-tribune.com\\\/it\\\/#website\",\"url\":\"https:\\\/\\\/www.monaco-tribune.com\\\/it\\\/\",\"name\":\"Monaco Tribune\",\"description\":\"Monaco : actualit\u00e9s \u00e9conomiques, politiques, culturelles et sportives de Monaco et de la French Riviera.\",\"publisher\":{\"@id\":\"https:\\\/\\\/www.monaco-tribune.com\\\/it\\\/#organization\"},\"potentialAction\":[{\"@type\":\"SearchAction\",\"target\":{\"@type\":\"EntryPoint\",\"urlTemplate\":\"https:\\\/\\\/www.monaco-tribune.com\\\/it\\\/?s={search_term_string}\"},\"query-input\":{\"@type\":\"PropertyValueSpecification\",\"valueRequired\":true,\"valueName\":\"search_term_string\"}}],\"inLanguage\":\"it-IT\"},{\"@type\":\"Organization\",\"@id\":\"https:\\\/\\\/www.monaco-tribune.com\\\/it\\\/#organization\",\"name\":\"Monaco Tribune\",\"url\":\"https:\\\/\\\/www.monaco-tribune.com\\\/it\\\/\",\"logo\":{\"@type\":\"ImageObject\",\"inLanguage\":\"it-IT\",\"@id\":\"https:\\\/\\\/www.monaco-tribune.com\\\/it\\\/#\\\/schema\\\/logo\\\/image\\\/\",\"url\":\"https:\\\/\\\/www.monaco-tribune.com\\\/wp-content\\\/uploads\\\/2022\\\/11\\\/logo-monaco-tribune.png\",\"contentUrl\":\"https:\\\/\\\/www.monaco-tribune.com\\\/wp-content\\\/uploads\\\/2022\\\/11\\\/logo-monaco-tribune.png\",\"width\":1548,\"height\":600,\"caption\":\"Monaco Tribune\"},\"image\":{\"@id\":\"https:\\\/\\\/www.monaco-tribune.com\\\/it\\\/#\\\/schema\\\/logo\\\/image\\\/\"},\"sameAs\":[\"https:\\\/\\\/www.facebook.com\\\/MonacoTribune\",\"https:\\\/\\\/x.com\\\/MonacoTribune\",\"https:\\\/\\\/www.instagram.com\\\/monacotribune\\\/\",\"https:\\\/\\\/www.linkedin.com\\\/company\\\/monaco-tribune\",\"https:\\\/\\\/www.youtube.com\\\/channel\\\/UCHle1MnG6hw1y4lWKijVbMA\"]}]}<\/script>\n<!-- \/ Yoast SEO Premium plugin. -->","yoast_head_json":{"title":"La newsletter di Monaco Tribune","description":"Votre magazine qui parle de Monaco et de la C\u00f4te d'Azur: info, culture, lifestyle, business, Famille Princi\u00e8re, AS Monaco, football, basket, personnalit\u00e9s.","robots":{"index":"index","follow":"follow","max-snippet":"max-snippet:-1","max-image-preview":"max-image-preview:large","max-video-preview":"max-video-preview:-1"},"canonical":"https:\/\/www.monaco-tribune.com\/it\/newsletter\/","og_locale":"it_IT","og_type":"article","og_title":"La newsletter di Monaco Tribune","og_description":"Votre magazine qui parle de Monaco et de la C\u00f4te d'Azur: info, culture, lifestyle, business, Famille Princi\u00e8re, AS Monaco, football, basket, personnalit\u00e9s.","og_url":"https:\/\/www.monaco-tribune.com\/it\/newsletter\/","og_site_name":"Monaco Tribune","article_publisher":"https:\/\/www.facebook.com\/MonacoTribune","article_modified_time":"2025-01-02T15:11:42+00:00","twitter_card":"summary_large_image","twitter_site":"@MonacoTribune","schema":{"@context":"https:\/\/schema.org","@graph":[{"@type":"WebPage","@id":"https:\/\/www.monaco-tribune.com\/it\/newsletter\/","url":"https:\/\/www.monaco-tribune.com\/it\/newsletter\/","name":"La newsletter di Monaco Tribune","isPartOf":{"@id":"https:\/\/www.monaco-tribune.com\/it\/#website"},"datePublished":"2025-01-02T15:11:03+00:00","dateModified":"2025-01-02T15:11:42+00:00","description":"Votre magazine qui parle de Monaco et de la C\u00f4te d'Azur: info, culture, lifestyle, business, Famille Princi\u00e8re, AS Monaco, football, basket, personnalit\u00e9s.","breadcrumb":{"@id":"https:\/\/www.monaco-tribune.com\/it\/newsletter\/#breadcrumb"},"inLanguage":"it-IT","potentialAction":[{"@type":"ReadAction","target":["https:\/\/www.monaco-tribune.com\/it\/newsletter\/"]}]},{"@type":"BreadcrumbList","@id":"https:\/\/www.monaco-tribune.com\/it\/newsletter\/#breadcrumb","itemListElement":[{"@type":"ListItem","position":1,"name":"Accueil","item":"https:\/\/www.monaco-tribune.com\/it\/"},{"@type":"ListItem","position":2,"name":"La newsletter di Monaco Tribune"}]},{"@type":"WebSite","@id":"https:\/\/www.monaco-tribune.com\/it\/#website","url":"https:\/\/www.monaco-tribune.com\/it\/","name":"Monaco Tribune","description":"Monaco : actualit\u00e9s \u00e9conomiques, politiques, culturelles et sportives de Monaco et de la French Riviera.","publisher":{"@id":"https:\/\/www.monaco-tribune.com\/it\/#organization"},"potentialAction":[{"@type":"SearchAction","target":{"@type":"EntryPoint","urlTemplate":"https:\/\/www.monaco-tribune.com\/it\/?s={search_term_string}"},"query-input":{"@type":"PropertyValueSpecification","valueRequired":true,"valueName":"search_term_string"}}],"inLanguage":"it-IT"},{"@type":"Organization","@id":"https:\/\/www.monaco-tribune.com\/it\/#organization","name":"Monaco Tribune","url":"https:\/\/www.monaco-tribune.com\/it\/","logo":{"@type":"ImageObject","inLanguage":"it-IT","@id":"https:\/\/www.monaco-tribune.com\/it\/#\/schema\/logo\/image\/","url":"https:\/\/www.monaco-tribune.com\/wp-content\/uploads\/2022\/11\/logo-monaco-tribune.png","contentUrl":"https:\/\/www.monaco-tribune.com\/wp-content\/uploads\/2022\/11\/logo-monaco-tribune.png","width":1548,"height":600,"caption":"Monaco Tribune"},"image":{"@id":"https:\/\/www.monaco-tribune.com\/it\/#\/schema\/logo\/image\/"},"sameAs":["https:\/\/www.facebook.com\/MonacoTribune","https:\/\/x.com\/MonacoTribune","https:\/\/www.instagram.com\/monacotribune\/","https:\/\/www.linkedin.com\/company\/monaco-tribune","https:\/\/www.youtube.com\/channel\/UCHle1MnG6hw1y4lWKijVbMA"]}]}},"_links":{"self":[{"href":"https:\/\/www.monaco-tribune.com\/it\/wp-json\/wp\/v2\/pages\/269724","targetHints":{"allow":["GET"]}}],"collection":[{"href":"https:\/\/www.monaco-tribune.com\/it\/wp-json\/wp\/v2\/pages"}],"about":[{"href":"https:\/\/www.monaco-tribune.com\/it\/wp-json\/wp\/v2\/types\/page"}],"author":[{"embeddable":true,"href":"https:\/\/www.monaco-tribune.com\/it\/wp-json\/wp\/v2\/users\/59"}],"replies":[{"embeddable":true,"href":"https:\/\/www.monaco-tribune.com\/it\/wp-json\/wp\/v2\/comments?post=269724"}],"version-history":[{"count":1,"href":"https:\/\/www.monaco-tribune.com\/it\/wp-json\/wp\/v2\/pages\/269724\/revisions"}],"predecessor-version":[{"id":269725,"href":"https:\/\/www.monaco-tribune.com\/it\/wp-json\/wp\/v2\/pages\/269724\/revisions\/269725"}],"wp:attachment":[{"href":"https:\/\/www.monaco-tribune.com\/it\/wp-json\/wp\/v2\/media?parent=269724"}],"curies":[{"name":"wp","href":"https:\/\/api.w.org\/{rel}","templated":true}]}}