{"id":47158,"date":"2020-11-20T21:57:10","date_gmt":"2020-11-20T20:57:10","guid":{"rendered":"https:\/\/www.monaco-tribune.com\/scoprire-monaco\/"},"modified":"2023-06-27T18:51:15","modified_gmt":"2023-06-27T16:51:15","slug":"scoprire-monaco","status":"publish","type":"page","link":"https:\/\/www.monaco-tribune.com\/it\/scoprire-monaco\/","title":{"rendered":"Scoprire Monaco"},"content":{"rendered":"\n<div class=\"wp-block-group directory-main-info\"><div class=\"wp-block-group__inner-container is-layout-flow wp-block-group-is-layout-flow\">\n<figure class=\"wp-block-image size-medium\"><a href=\"\/it\/a-proposito-di-monaco\/\"><img loading=\"lazy\" decoding=\"async\" width=\"1023\" height=\"575\" src=\"https:\/\/www.monaco-tribune.com\/wp-content\/uploads\/2020\/11\/monaco-covid-19-e1606478044724.jpg\" alt=\"Monaco\" class=\"wp-image-48026\" srcset=\"https:\/\/www.monaco-tribune.com\/wp-content\/uploads\/2020\/11\/monaco-covid-19-e1606478044724.jpg 1023w, https:\/\/www.monaco-tribune.com\/wp-content\/uploads\/2020\/11\/monaco-covid-19-e1606478044724-534x300.jpg 534w\" sizes=\"auto, (max-width: 1023px) 100vw, 1023px\" \/><\/a><figcaption class=\"wp-element-caption\"><a href=\"\/it\/a-proposito-di-monaco\/\">A proposito di Monaco<\/a><\/figcaption><\/figure>\n\n\n\n<figure class=\"wp-block-image size-medium\"><a href=\"\/it\/principi-di-monaco\/\"><img loading=\"lazy\" decoding=\"async\" width=\"1024\" height=\"541\" src=\"https:\/\/www.monaco-tribune.com\/wp-content\/uploads\/2020\/06\/famille-princie\u0300re-monaco-fe\u0302tes-des-me\u0300res-1024x541.jpg\" alt=\"Famille princie\u0300re Monaco Fe\u0302tes des Me\u0300res\" class=\"wp-image-29065\" srcset=\"https:\/\/www.monaco-tribune.com\/wp-content\/uploads\/2020\/06\/famille-princie\u0300re-monaco-fe\u0302tes-des-me\u0300res-1024x541.jpg 1024w, https:\/\/www.monaco-tribune.com\/wp-content\/uploads\/2020\/06\/famille-princie\u0300re-monaco-fe\u0302tes-des-me\u0300res-568x300.jpg 568w, https:\/\/www.monaco-tribune.com\/wp-content\/uploads\/2020\/06\/famille-princie\u0300re-monaco-fe\u0302tes-des-me\u0300res.jpg 1866w\" sizes=\"auto, (max-width: 1024px) 100vw, 1024px\" \/><\/a><figcaption class=\"wp-element-caption\"><a href=\"\/it\/principi-di-monaco\/\">Principi di Monaco<\/a><\/figcaption><\/figure>\n\n\n\n<figure class=\"wp-block-image size-medium\"><a href=\"https:\/\/www.monaco-tribune.com\/it\/sport-monaco\/\"><img loading=\"lazy\" decoding=\"async\" width=\"1024\" height=\"682\" src=\"https:\/\/www.monaco-tribune.com\/wp-content\/uploads\/2020\/05\/2048x1536-fit_st-moritz-championnat-1024x682.jpeg\" alt=\"Monaco et le sport, une belle et longue histoire d'amour\" class=\"wp-image-28645\" srcset=\"https:\/\/www.monaco-tribune.com\/wp-content\/uploads\/2020\/05\/2048x1536-fit_st-moritz-championnat-1024x682.jpeg 1024w, https:\/\/www.monaco-tribune.com\/wp-content\/uploads\/2020\/05\/2048x1536-fit_st-moritz-championnat-451x300.jpeg 451w, https:\/\/www.monaco-tribune.com\/wp-content\/uploads\/2020\/05\/2048x1536-fit_st-moritz-championnat.jpeg 2048w\" sizes=\"auto, (max-width: 1024px) 100vw, 1024px\" \/><\/a><figcaption class=\"wp-element-caption\"><a href=\"https:\/\/www.monaco-tribune.com\/it\/sport-monaco\/\">Sport<\/a><\/figcaption><\/figure>\n\n\n\n<figure class=\"wp-block-image size-medium\"><a href=\"\/it\/las-monaco-piu-che-una-squadra-una-leggenda\/\"><img loading=\"lazy\" decoding=\"async\" width=\"1200\" height=\"666\" src=\"https:\/\/www.monaco-tribune.com\/wp-content\/uploads\/2021\/01\/as-monaco-sco-angers-ligue-1-e1610229682969.jpeg\" alt=\"AS-Monaco-SCO-Angers-Ligue-1\" class=\"wp-image-61930\" srcset=\"https:\/\/www.monaco-tribune.com\/wp-content\/uploads\/2021\/01\/as-monaco-sco-angers-ligue-1-e1610229682969.jpeg 1200w, https:\/\/www.monaco-tribune.com\/wp-content\/uploads\/2021\/01\/as-monaco-sco-angers-ligue-1-e1610229682969-541x300.jpeg 541w, https:\/\/www.monaco-tribune.com\/wp-content\/uploads\/2021\/01\/as-monaco-sco-angers-ligue-1-e1610229682969-1024x568.jpeg 1024w\" sizes=\"auto, (max-width: 1200px) 100vw, 1200px\" \/><\/a><figcaption class=\"wp-element-caption\"><a href=\"\/it\/las-monaco-piu-che-una-squadra-una-leggenda\/\">AS Monaco<\/a><\/figcaption><\/figure>\n\n\n\n<figure class=\"wp-block-image size-medium\"><a href=\"\/it\/i-trasporti-a-monaco\/\"><img loading=\"lazy\" decoding=\"async\" width=\"600\" height=\"300\" src=\"https:\/\/www.monaco-tribune.com\/wp-content\/uploads\/2020\/03\/monaco-transport-updates-coronavirus-covid-19-600x300.jpg\" alt=\"monaco transport updates coronavirus covid 19\" class=\"wp-image-23856\" srcset=\"https:\/\/www.monaco-tribune.com\/wp-content\/uploads\/2020\/03\/monaco-transport-updates-coronavirus-covid-19-600x300.jpg 600w, https:\/\/www.monaco-tribune.com\/wp-content\/uploads\/2020\/03\/monaco-transport-updates-coronavirus-covid-19-1024x512.jpg 1024w, https:\/\/www.monaco-tribune.com\/wp-content\/uploads\/2020\/03\/monaco-transport-updates-coronavirus-covid-19.jpg 1700w\" sizes=\"auto, (max-width: 600px) 100vw, 600px\" \/><\/a><figcaption><a href=\"\/it\/i-trasporti-a-monaco\/\"><a href=\"https:\/\/www.monaco-tribune.com\/it\/i-trasporti-a-monaco\/\">Muoversi a Monaco<\/a><\/a><\/figcaption><\/figure>\n<\/div><\/div>\n","protected":false},"excerpt":{"rendered":"","protected":false},"author":4,"featured_media":0,"parent":0,"menu_order":0,"comment_status":"closed","ping_status":"closed","template":"template-directory.php","meta":{"_acf_changed":false,"footnotes":""},"class_list":["post-47158","page","type-page","status-publish","hentry"],"acf":[],"yoast_head":"<!-- This site is optimized with the Yoast SEO Premium plugin v26.8 (Yoast SEO v27.3) - https:\/\/yoast.com\/product\/yoast-seo-premium-wordpress\/ -->\n<title>Scoprire Monaco<\/title>\n<meta name=\"description\" content=\"Votre magazine qui parle de Monaco et de la C\u00f4te d&#039;Azur: info, culture, lifestyle, business, Famille Princi\u00e8re, AS Monaco, football, basket, personnalit\u00e9s.\" \/>\n<meta name=\"robots\" content=\"index, follow, max-snippet:-1, max-image-preview:large, max-video-preview:-1\" \/>\n<link rel=\"canonical\" href=\"https:\/\/www.monaco-tribune.com\/it\/scoprire-monaco\/\" \/>\n<meta property=\"og:locale\" content=\"it_IT\" \/>\n<meta property=\"og:type\" content=\"article\" \/>\n<meta property=\"og:title\" content=\"Scoprire Monaco\" \/>\n<meta property=\"og:description\" content=\"Votre magazine qui parle de Monaco et de la C\u00f4te d&#039;Azur: info, culture, lifestyle, business, Famille Princi\u00e8re, AS Monaco, football, basket, personnalit\u00e9s.\" \/>\n<meta property=\"og:url\" content=\"https:\/\/www.monaco-tribune.com\/it\/scoprire-monaco\/\" \/>\n<meta property=\"og:site_name\" content=\"Monaco Tribune\" \/>\n<meta property=\"article:publisher\" content=\"https:\/\/www.facebook.com\/MonacoTribune\" \/>\n<meta property=\"article:modified_time\" content=\"2023-06-27T16:51:15+00:00\" \/>\n<meta property=\"og:image\" content=\"https:\/\/www.monaco-tribune.com\/wp-content\/uploads\/2020\/11\/monaco-covid-19-e1606478044724.jpg\" \/>\n<meta name=\"twitter:card\" content=\"summary_large_image\" \/>\n<meta name=\"twitter:site\" content=\"@MonacoTribune\" \/>\n<script type=\"application\/ld+json\" class=\"yoast-schema-graph\">{\"@context\":\"https:\\\/\\\/schema.org\",\"@graph\":[{\"@type\":\"WebPage\",\"@id\":\"https:\\\/\\\/www.monaco-tribune.com\\\/it\\\/scoprire-monaco\\\/\",\"url\":\"https:\\\/\\\/www.monaco-tribune.com\\\/it\\\/scoprire-monaco\\\/\",\"name\":\"Scoprire Monaco\",\"isPartOf\":{\"@id\":\"https:\\\/\\\/www.monaco-tribune.com\\\/it\\\/#website\"},\"primaryImageOfPage\":{\"@id\":\"https:\\\/\\\/www.monaco-tribune.com\\\/it\\\/scoprire-monaco\\\/#primaryimage\"},\"image\":{\"@id\":\"https:\\\/\\\/www.monaco-tribune.com\\\/it\\\/scoprire-monaco\\\/#primaryimage\"},\"thumbnailUrl\":\"https:\\\/\\\/www.monaco-tribune.com\\\/wp-content\\\/uploads\\\/2020\\\/11\\\/monaco-covid-19-e1606478044724.jpg\",\"datePublished\":\"2020-11-20T20:57:10+00:00\",\"dateModified\":\"2023-06-27T16:51:15+00:00\",\"description\":\"Votre magazine qui parle de Monaco et de la C\u00f4te d'Azur: info, culture, lifestyle, business, Famille Princi\u00e8re, AS Monaco, football, basket, personnalit\u00e9s.\",\"breadcrumb\":{\"@id\":\"https:\\\/\\\/www.monaco-tribune.com\\\/it\\\/scoprire-monaco\\\/#breadcrumb\"},\"inLanguage\":\"it-IT\",\"potentialAction\":[{\"@type\":\"ReadAction\",\"target\":[\"https:\\\/\\\/www.monaco-tribune.com\\\/it\\\/scoprire-monaco\\\/\"]}]},{\"@type\":\"ImageObject\",\"inLanguage\":\"it-IT\",\"@id\":\"https:\\\/\\\/www.monaco-tribune.com\\\/it\\\/scoprire-monaco\\\/#primaryimage\",\"url\":\"https:\\\/\\\/www.monaco-tribune.com\\\/wp-content\\\/uploads\\\/2020\\\/11\\\/monaco-covid-19-e1606478044724.jpg\",\"contentUrl\":\"https:\\\/\\\/www.monaco-tribune.com\\\/wp-content\\\/uploads\\\/2020\\\/11\\\/monaco-covid-19-e1606478044724.jpg\"},{\"@type\":\"BreadcrumbList\",\"@id\":\"https:\\\/\\\/www.monaco-tribune.com\\\/it\\\/scoprire-monaco\\\/#breadcrumb\",\"itemListElement\":[{\"@type\":\"ListItem\",\"position\":1,\"name\":\"Accueil\",\"item\":\"https:\\\/\\\/www.monaco-tribune.com\\\/it\\\/\"},{\"@type\":\"ListItem\",\"position\":2,\"name\":\"Scoprire Monaco\"}]},{\"@type\":\"WebSite\",\"@id\":\"https:\\\/\\\/www.monaco-tribune.com\\\/it\\\/#website\",\"url\":\"https:\\\/\\\/www.monaco-tribune.com\\\/it\\\/\",\"name\":\"Monaco Tribune\",\"description\":\"Monaco : actualit\u00e9s \u00e9conomiques, politiques, culturelles et sportives de Monaco et de la French Riviera.\",\"publisher\":{\"@id\":\"https:\\\/\\\/www.monaco-tribune.com\\\/it\\\/#organization\"},\"potentialAction\":[{\"@type\":\"SearchAction\",\"target\":{\"@type\":\"EntryPoint\",\"urlTemplate\":\"https:\\\/\\\/www.monaco-tribune.com\\\/it\\\/?s={search_term_string}\"},\"query-input\":{\"@type\":\"PropertyValueSpecification\",\"valueRequired\":true,\"valueName\":\"search_term_string\"}}],\"inLanguage\":\"it-IT\"},{\"@type\":\"Organization\",\"@id\":\"https:\\\/\\\/www.monaco-tribune.com\\\/it\\\/#organization\",\"name\":\"Monaco Tribune\",\"url\":\"https:\\\/\\\/www.monaco-tribune.com\\\/it\\\/\",\"logo\":{\"@type\":\"ImageObject\",\"inLanguage\":\"it-IT\",\"@id\":\"https:\\\/\\\/www.monaco-tribune.com\\\/it\\\/#\\\/schema\\\/logo\\\/image\\\/\",\"url\":\"https:\\\/\\\/www.monaco-tribune.com\\\/wp-content\\\/uploads\\\/2022\\\/11\\\/logo-monaco-tribune.png\",\"contentUrl\":\"https:\\\/\\\/www.monaco-tribune.com\\\/wp-content\\\/uploads\\\/2022\\\/11\\\/logo-monaco-tribune.png\",\"width\":1548,\"height\":600,\"caption\":\"Monaco Tribune\"},\"image\":{\"@id\":\"https:\\\/\\\/www.monaco-tribune.com\\\/it\\\/#\\\/schema\\\/logo\\\/image\\\/\"},\"sameAs\":[\"https:\\\/\\\/www.facebook.com\\\/MonacoTribune\",\"https:\\\/\\\/x.com\\\/MonacoTribune\",\"https:\\\/\\\/www.instagram.com\\\/monacotribune\\\/\",\"https:\\\/\\\/www.linkedin.com\\\/company\\\/monaco-tribune\",\"https:\\\/\\\/www.youtube.com\\\/channel\\\/UCHle1MnG6hw1y4lWKijVbMA\"]}]}<\/script>\n<!-- \/ Yoast SEO Premium plugin. -->","yoast_head_json":{"title":"Scoprire Monaco","description":"Votre magazine qui parle de Monaco et de la C\u00f4te d'Azur: info, culture, lifestyle, business, Famille Princi\u00e8re, AS Monaco, football, basket, personnalit\u00e9s.","robots":{"index":"index","follow":"follow","max-snippet":"max-snippet:-1","max-image-preview":"max-image-preview:large","max-video-preview":"max-video-preview:-1"},"canonical":"https:\/\/www.monaco-tribune.com\/it\/scoprire-monaco\/","og_locale":"it_IT","og_type":"article","og_title":"Scoprire Monaco","og_description":"Votre magazine qui parle de Monaco et de la C\u00f4te d'Azur: info, culture, lifestyle, business, Famille Princi\u00e8re, AS Monaco, football, basket, personnalit\u00e9s.","og_url":"https:\/\/www.monaco-tribune.com\/it\/scoprire-monaco\/","og_site_name":"Monaco Tribune","article_publisher":"https:\/\/www.facebook.com\/MonacoTribune","article_modified_time":"2023-06-27T16:51:15+00:00","og_image":[{"url":"https:\/\/www.monaco-tribune.com\/wp-content\/uploads\/2020\/11\/monaco-covid-19-e1606478044724.jpg","type":"","width":"","height":""}],"twitter_card":"summary_large_image","twitter_site":"@MonacoTribune","schema":{"@context":"https:\/\/schema.org","@graph":[{"@type":"WebPage","@id":"https:\/\/www.monaco-tribune.com\/it\/scoprire-monaco\/","url":"https:\/\/www.monaco-tribune.com\/it\/scoprire-monaco\/","name":"Scoprire Monaco","isPartOf":{"@id":"https:\/\/www.monaco-tribune.com\/it\/#website"},"primaryImageOfPage":{"@id":"https:\/\/www.monaco-tribune.com\/it\/scoprire-monaco\/#primaryimage"},"image":{"@id":"https:\/\/www.monaco-tribune.com\/it\/scoprire-monaco\/#primaryimage"},"thumbnailUrl":"https:\/\/www.monaco-tribune.com\/wp-content\/uploads\/2020\/11\/monaco-covid-19-e1606478044724.jpg","datePublished":"2020-11-20T20:57:10+00:00","dateModified":"2023-06-27T16:51:15+00:00","description":"Votre magazine qui parle de Monaco et de la C\u00f4te d'Azur: info, culture, lifestyle, business, Famille Princi\u00e8re, AS Monaco, football, basket, personnalit\u00e9s.","breadcrumb":{"@id":"https:\/\/www.monaco-tribune.com\/it\/scoprire-monaco\/#breadcrumb"},"inLanguage":"it-IT","potentialAction":[{"@type":"ReadAction","target":["https:\/\/www.monaco-tribune.com\/it\/scoprire-monaco\/"]}]},{"@type":"ImageObject","inLanguage":"it-IT","@id":"https:\/\/www.monaco-tribune.com\/it\/scoprire-monaco\/#primaryimage","url":"https:\/\/www.monaco-tribune.com\/wp-content\/uploads\/2020\/11\/monaco-covid-19-e1606478044724.jpg","contentUrl":"https:\/\/www.monaco-tribune.com\/wp-content\/uploads\/2020\/11\/monaco-covid-19-e1606478044724.jpg"},{"@type":"BreadcrumbList","@id":"https:\/\/www.monaco-tribune.com\/it\/scoprire-monaco\/#breadcrumb","itemListElement":[{"@type":"ListItem","position":1,"name":"Accueil","item":"https:\/\/www.monaco-tribune.com\/it\/"},{"@type":"ListItem","position":2,"name":"Scoprire Monaco"}]},{"@type":"WebSite","@id":"https:\/\/www.monaco-tribune.com\/it\/#website","url":"https:\/\/www.monaco-tribune.com\/it\/","name":"Monaco Tribune","description":"Monaco : actualit\u00e9s \u00e9conomiques, politiques, culturelles et sportives de Monaco et de la French Riviera.","publisher":{"@id":"https:\/\/www.monaco-tribune.com\/it\/#organization"},"potentialAction":[{"@type":"SearchAction","target":{"@type":"EntryPoint","urlTemplate":"https:\/\/www.monaco-tribune.com\/it\/?s={search_term_string}"},"query-input":{"@type":"PropertyValueSpecification","valueRequired":true,"valueName":"search_term_string"}}],"inLanguage":"it-IT"},{"@type":"Organization","@id":"https:\/\/www.monaco-tribune.com\/it\/#organization","name":"Monaco Tribune","url":"https:\/\/www.monaco-tribune.com\/it\/","logo":{"@type":"ImageObject","inLanguage":"it-IT","@id":"https:\/\/www.monaco-tribune.com\/it\/#\/schema\/logo\/image\/","url":"https:\/\/www.monaco-tribune.com\/wp-content\/uploads\/2022\/11\/logo-monaco-tribune.png","contentUrl":"https:\/\/www.monaco-tribune.com\/wp-content\/uploads\/2022\/11\/logo-monaco-tribune.png","width":1548,"height":600,"caption":"Monaco Tribune"},"image":{"@id":"https:\/\/www.monaco-tribune.com\/it\/#\/schema\/logo\/image\/"},"sameAs":["https:\/\/www.facebook.com\/MonacoTribune","https:\/\/x.com\/MonacoTribune","https:\/\/www.instagram.com\/monacotribune\/","https:\/\/www.linkedin.com\/company\/monaco-tribune","https:\/\/www.youtube.com\/channel\/UCHle1MnG6hw1y4lWKijVbMA"]}]}},"_links":{"self":[{"href":"https:\/\/www.monaco-tribune.com\/it\/wp-json\/wp\/v2\/pages\/47158","targetHints":{"allow":["GET"]}}],"collection":[{"href":"https:\/\/www.monaco-tribune.com\/it\/wp-json\/wp\/v2\/pages"}],"about":[{"href":"https:\/\/www.monaco-tribune.com\/it\/wp-json\/wp\/v2\/types\/page"}],"author":[{"embeddable":true,"href":"https:\/\/www.monaco-tribune.com\/it\/wp-json\/wp\/v2\/users\/4"}],"replies":[{"embeddable":true,"href":"https:\/\/www.monaco-tribune.com\/it\/wp-json\/wp\/v2\/comments?post=47158"}],"version-history":[{"count":1,"href":"https:\/\/www.monaco-tribune.com\/it\/wp-json\/wp\/v2\/pages\/47158\/revisions"}],"predecessor-version":[{"id":182901,"href":"https:\/\/www.monaco-tribune.com\/it\/wp-json\/wp\/v2\/pages\/47158\/revisions\/182901"}],"wp:attachment":[{"href":"https:\/\/www.monaco-tribune.com\/it\/wp-json\/wp\/v2\/media?parent=47158"}],"curies":[{"name":"wp","href":"https:\/\/api.w.org\/{rel}","templated":true}]}}