{"id":57461,"date":"2020-12-09T17:33:43","date_gmt":"2020-12-09T16:33:43","guid":{"rendered":"https:\/\/www.monaco-tribune.com\/i-trasporti-a-monaco\/"},"modified":"2021-01-15T16:41:05","modified_gmt":"2021-01-15T15:41:05","slug":"i-trasporti-a-monaco","status":"publish","type":"page","link":"https:\/\/www.monaco-tribune.com\/it\/i-trasporti-a-monaco\/","title":{"rendered":"I trasporti a Monaco"},"content":{"rendered":"\n<p><strong>Nonostante copra appena 2km<sup>2<\/sup> e abbia una topografia particolare, racchiusa tra mare e montagna, il Principato di Monaco \u00e8 servito da diversi mezzi di trasporto.<\/strong><\/p>\n\n\n\n<figure class=\"wp-block-image size-large\"><img loading=\"lazy\" decoding=\"async\" width=\"1024\" height=\"512\" src=\"https:\/\/www.monaco-tribune.com\/wp-content\/uploads\/2020\/03\/monaco-transport-updates-coronavirus-covid-19-1024x512.jpg\" alt=\"monaco transport updates coronavirus covid 19\" class=\"wp-image-23857\" srcset=\"https:\/\/www.monaco-tribune.com\/wp-content\/uploads\/2020\/03\/monaco-transport-updates-coronavirus-covid-19-1024x512.jpg 1024w, https:\/\/www.monaco-tribune.com\/wp-content\/uploads\/2020\/03\/monaco-transport-updates-coronavirus-covid-19-600x300.jpg 600w, https:\/\/www.monaco-tribune.com\/wp-content\/uploads\/2020\/03\/monaco-transport-updates-coronavirus-covid-19.jpg 1700w\" sizes=\"auto, (max-width: 1024px) 100vw, 1024px\" \/><figcaption>Visit Monaco<\/figcaption><\/figure>\n\n\n\n<h2 class=\"has-text-align-center wp-block-heading\" id=\"h-treno\"><strong>Treno<\/strong><\/h2>\n\n\n\n<p>La linea ferroviaria Marsiglia-Saint-Charles \u2013 Ventimiglia attraversa Monaco permettendo al Principato di usufruire di 1,7 km di rete ferroviaria. Questa \u00e8 poi diventata una linea sotterranea, con un primo tunnel di 3,5 km costruito nel 1958 e un secondo tunnel di 3 km nel 1999. Nello stesso periodo viene inaugurata l\u2019attuale stazione sotterranea di Monaco-Monte-Carlo.<\/p>\n\n\n\n<p><strong>>> LEGGI ANCHE:<\/strong> <a href=\"https:\/\/www.monaco-tribune.com\/it\/2020\/10\/addio-ai-treni-thello-tra-milano-e-marsiglia-dallinizio-del-2021\/\">Addio ai treni Thello tra Milano e Marsiglia dall\u2019inizio del 2021<\/a><\/p>\n\n\n\n<p><strong>>> LEGGI ANCHE:<\/strong> <a href=\"https:\/\/www.monaco-tribune.com\/it\/2020\/09\/moderna-e-sostenibile-la-stazione-di-monaco-festeggia-20-anni\/\">Moderna e sostenibile: la stazione di Monaco festeggia 20 anni<\/a><\/p>\n\n\n\n<p>Il micro-stato gode di un collegamento ferroviario fin dal 1868, solo che allora erano presenti due stazioni. La prima, quella di Monte-Carlo, si trovava al livello dell\u2019attuale Hotel Fairmont, ed \u00e8 stata chiusa nel 1965 per poi essere distrutta. La seconda, la stazione di Monaco, si trovava nella Condamine. \u00c8 stata chiusa nel 1999 e anch\u2019essa distrutta.<\/p>\n\n\n\n<p>Dal 2008, per fluidificare il servizio utilizzato dai lavoratori transfrontalieri, sulla linea circolano cinque treni TER con i colori del Principato.<\/p>\n\n\n\n<figure class=\"wp-block-embed is-type-video is-provider-youtube wp-block-embed-youtube wp-embed-aspect-16-9 wp-has-aspect-ratio\"><div class=\"wp-block-embed__wrapper\">\n<iframe title=\"La stazione di Monaco Monte-Carlo compie 20 anni\" width=\"500\" height=\"281\" src=\"https:\/\/www.youtube.com\/embed\/KjiB4uUJjXU?feature=oembed\" frameborder=\"0\" allow=\"accelerometer; autoplay; clipboard-write; encrypted-media; gyroscope; picture-in-picture; web-share\" referrerpolicy=\"strict-origin-when-cross-origin\" allowfullscreen><\/iframe>\n<\/div><\/figure>\n\n\n\n<h2 class=\"has-text-align-center wp-block-heading\" id=\"h-auto\"><strong>Auto<\/strong><\/h2>\n\n\n\n<p>Monaco \u00e8 raggiungibile dall\u2019aeroporto di Nizza in meno di 30 minuti di autostrada. Il Principato \u00e8 inoltre accessibile dalla strada statale, pi\u00f9 lenta ma con paesaggi decisamente meravigliosi.<\/p>\n\n\n\n<p>\u00c8 possibile usufruire di circa 40 parcheggi pubblici (con oltre 15.000 posti). Data la topografia particolare di Monaco, la maggior parte dei parcheggi \u00e8 sotterranea. Durante il picco della stagione estiva, pi\u00f9 di 100.000 veicoli entrano ed escono dal Principato.<\/p>\n\n\n\n<p>Attenzione! Il centro storico di Monaco \u00e8 accessibile solo ai veicoli immatricolati nel Principato o nel dipartimento francese delle Alpi Marittime (dietro presentazione di una prova di residenza). Inoltre, anche se nel Principato non \u00e8 vietato l\u2019ingresso ai camper, \u00e8 piuttosto complicato circolare con questi veicoli e soprattutto parcheggiarli. Per maggiori informazioni, consigliamo di <a href=\"https:\/\/www.mairie.mc\/\">contattare il comune di Monaco<\/a>.<\/p>\n\n\n\n<h2 class=\"has-text-align-center wp-block-heading\" id=\"h-porti\"><strong>Porti<\/strong><\/h2>\n\n\n\n<p>Il Principato ha tre porti turistici: il primo, Port Hercule, si trova di fronte la Condamine. Secondo la societ\u00e0 portuale di Monaco, la <em>Soci\u00e9t\u00e9 d\u2019Exploitation des Ports de Monaco<\/em>, \u00e8 \u201cuno dei pochi, se non il solo porto della Costa Azzurra in acqua profonda\u201d.<\/p>\n\n\n\n<p>Il secondo porto di Monaco, il porto di Fontvieille, \u00e8 stato aperto all\u2019inizio degli anni \u201970. Si trova ai piedi della Rocca e pu\u00f2 accogliere fino a 275 barche.<\/p>\n\n\n\n<figure class=\"wp-block-image size-large\"><img loading=\"lazy\" decoding=\"async\" width=\"1024\" height=\"576\" src=\"https:\/\/www.monaco-tribune.com\/wp-content\/uploads\/2019\/10\/Monaco-port-1024x576.jpg\" alt=\"Port de Fontvieille\" class=\"wp-image-59438\" srcset=\"https:\/\/www.monaco-tribune.com\/wp-content\/uploads\/2019\/10\/Monaco-port.jpg 1024w, https:\/\/www.monaco-tribune.com\/wp-content\/uploads\/2019\/10\/Monaco-port-300x169.jpg 300w, https:\/\/www.monaco-tribune.com\/wp-content\/uploads\/2019\/10\/Monaco-port-768x432.jpg 768w\" sizes=\"auto, (max-width: 1024px) 100vw, 1024px\" \/><figcaption>Il porto di Fontvieille<\/figcaption><\/figure>\n\n\n\n<p>Il terzo porto \u00e8 stato inaugurato nel 2020 a Ventimiglia, in Italia. Il porto di Cala del Forte pu\u00f2 accogliere fino a 178 barche e ospita anche una trentina di negozi. Si trova a circa venti minuti di navigazione da Monaco.<\/p>\n\n\n\n<p><strong>>> LEGGI ANCHE:<\/strong> <a href=\"https:\/\/www.monaco-tribune.com\/it\/2020\/10\/monaco-inaugura-il-terzo-porto-questa-volta-in-italia\/\">Monaco inaugura il terzo porto, questa volta in Italia<\/a><\/p>\n\n\n\n<h2 class=\"has-text-align-center wp-block-heading\" id=\"h-eliporto\"><strong>Eliporto<\/strong><\/h2>\n\n\n\n<p>Situato a Fontvieille, l\u2019eliporto collega, per la maggior parte dell\u2019anno, il Principato di Monaco all\u2019aeroporto di Nizza-Costa-Azzurra, situato a una ventina di chilometri (il tragitto dura circa sette minuti).<\/p>\n\n\n\n<p>\u00c8 utilizzato anche da due compagnie aeree monegasche, Heli Air Monaco e Monacair. <\/p>\n\n\n\n<p>>> LEGGI ANCHE: <a href=\"https:\/\/www.monaco-tribune.com\/it\/2020\/11\/aeroporto-di-nizza-il-traffico-del-2019-non-tornera-prima-del-2024\/\">Aeroporto di Nizza: il traffico del 2019 non torner\u00e0 prima del 2024<\/a><\/p>\n\n\n\n<h2 class=\"has-text-align-center wp-block-heading\" id=\"h-monaco-a-piedi\"><strong>Monaco a piedi<\/strong><\/h2>\n\n\n\n<p>Per facilitare gli spostamenti a piedi nel Principato, sono stati messi a disposizione di abitanti e turisti scale mobili o ascensori pubblici. In particolare, Monaco vanta 79 ascensori, 35 scale mobili e 8 tapis roulant. Su questi servizi, \u00e8 disponibile <a href=\"https:\/\/service-public-particuliers.gouv.mc\/Transports-et-mobilite\/Acces-circulation-et-stationnement\/Acces\/Se-deplacer-a-pied-en-Principaute\">una brochure<\/a>.<\/p>\n\n\n\n<h2 class=\"has-text-align-center wp-block-heading\" id=\"h-trasporti-pubblici\"><strong>Trasporti pubblici<\/strong><\/h2>\n\n\n\n<p>La CAM, ovvero la societ\u00e0 che si occupa del trasporto pubblico a Monaco, \u00e8 stata fondata nel 1939 per rimpiazzare la vecchia compagnia dei trasporti del comune monegasco. Attualmente, la CAM offre sei linee di autobus che servono tutto il Principato, oltre che due linee notturne. Per sposare la politica ambientale intrapresa dal Principe Alberto II di Monaco, gli autobus sono elettrici o alimentati con biocarburanti.<\/p>\n\n\n\n<p>Nel Principato circolano quattro linee della rete francese <a href=\"https:\/\/www.lignesdazur.com\/\">Ligne d\u2019Azur<\/a>: la linea 110 che collega Mentone all\u2019aeroporto di Nizza-Costa-Azzurra, la 100 che collega Nizza, Monaco e Mentone, la 100X che collega Nizza a Monaco e la 114 che collega Monaco a Turbia.<\/p>\n\n\n\n<p>Dal 2019, nel Principato circola anche una navetta elettrica senza guidatore con fermate al Palazzo del Principe, alla Cattedrale, al Museo oceanografico e alla Place de la Visitation, luoghi imperdibili per i turisti.<\/p>\n\n\n\n<p>Il Principato, dal 2013, offre anche il proprio servizio di biciclette elettriche, MonaBike. Gli utenti hanno a disposizione 300 biciclette a libero servizio, suddivise in 35 stazioni.<\/p>\n\n\n\n<p><strong>>> LEGGI ANCHE:<\/strong> <a href=\"https:\/\/www.monaco-tribune.com\/it\/2020\/09\/monabike-la-bicicletta-del-quebec-che-ha-conquistato-le-strade-di-monaco\/\">MonaBike, la bicicletta del Qu\u00e9bec che ha conquistato le strade di Monaco!<\/a><\/p>\n\n\n\n<figure class=\"wp-block-image size-large\"><img loading=\"lazy\" decoding=\"async\" width=\"1024\" height=\"768\" src=\"https:\/\/www.monaco-tribune.com\/wp-content\/uploads\/2020\/09\/img_0303-1024x768.jpg\" alt=\"MonaBike\" class=\"wp-image-38223\" srcset=\"https:\/\/www.monaco-tribune.com\/wp-content\/uploads\/2020\/09\/img_0303-1024x768.jpg 1024w, https:\/\/www.monaco-tribune.com\/wp-content\/uploads\/2020\/09\/img_0303-300x225.jpg 300w, https:\/\/www.monaco-tribune.com\/wp-content\/uploads\/2020\/09\/img_0303-768x576.jpg 768w, https:\/\/www.monaco-tribune.com\/wp-content\/uploads\/2020\/09\/img_0303-1536x1152.jpg 1536w, https:\/\/www.monaco-tribune.com\/wp-content\/uploads\/2020\/09\/img_0303-2048x1536.jpg 2048w, https:\/\/www.monaco-tribune.com\/wp-content\/uploads\/2020\/09\/img_0303-195x146.jpg 195w, https:\/\/www.monaco-tribune.com\/wp-content\/uploads\/2020\/09\/img_0303-50x38.jpg 50w, https:\/\/www.monaco-tribune.com\/wp-content\/uploads\/2020\/09\/img_0303-100x75.jpg 100w, https:\/\/www.monaco-tribune.com\/wp-content\/uploads\/2020\/09\/img_0303-960x720.jpg 960w, https:\/\/www.monaco-tribune.com\/wp-content\/uploads\/2020\/09\/img_0303-scaled.jpg 1920w\" sizes=\"auto, (max-width: 1024px) 100vw, 1024px\" \/><figcaption>MonaBike<\/figcaption><\/figure>\n\n\n\n<p>Dal 2014, Monaco mette a disposizione anche un servizio di car sharing con veicoli elettrici chiamato Mobee. Gli utenti potranno usufruire di 30 Renault Twizzy 24 ore su 24, 7 giorni su 7 con il meccanismo del <em>free floating<\/em>, ovvero senza nessuna stazione. Le auto vengono geolocalizzate grazie a un\u2019applicazione dedicata. Il parcheggio \u00e8 gratuito sia su strada che nei 34 parcheggi convenzionati.<\/p>\n\n\n\n<p>Dal 2007 \u00e8 attivo anche un vaporetto elettrico e a energia solare che parte dal Port Hercule e collega il centro storico, Monaco-Ville, a Monte-Carlo. Secondo Monaco Riviera Navigation, che opera il servizio per conto della CAM, l\u2019imbarcazione trasporta ogni anno 110.000 passeggeri. Il costo del biglietto \u00e8 lo stesso di quello dell\u2019autobus per lo stesso tragitto.<\/p>\n","protected":false},"excerpt":{"rendered":"<p>Nonostante copra appena 2km2 e abbia una topografia particolare, racchiusa tra mare e montagna, il Principato di Monaco \u00e8 servito [&hellip;]<\/p>\n","protected":false},"author":24,"featured_media":23857,"parent":0,"menu_order":0,"comment_status":"closed","ping_status":"closed","template":"","meta":{"_acf_changed":false,"footnotes":""},"class_list":["post-57461","page","type-page","status-publish","has-post-thumbnail","hentry"],"acf":[],"yoast_head":"<!-- This site is optimized with the Yoast SEO Premium plugin v26.8 (Yoast SEO v27.3) - https:\/\/yoast.com\/product\/yoast-seo-premium-wordpress\/ -->\n<title>I trasporti a Monaco<\/title>\n<meta name=\"description\" content=\"Votre magazine qui parle de Monaco et de la C\u00f4te d&#039;Azur: info, culture, lifestyle, business, Famille Princi\u00e8re, AS Monaco, football, basket, personnalit\u00e9s.\" \/>\n<meta name=\"robots\" content=\"index, follow, max-snippet:-1, max-image-preview:large, max-video-preview:-1\" \/>\n<link rel=\"canonical\" href=\"https:\/\/www.monaco-tribune.com\/it\/i-trasporti-a-monaco\/\" \/>\n<meta property=\"og:locale\" content=\"it_IT\" \/>\n<meta property=\"og:type\" content=\"article\" \/>\n<meta property=\"og:title\" content=\"I trasporti a Monaco\" \/>\n<meta property=\"og:description\" content=\"Votre magazine qui parle de Monaco et de la C\u00f4te d&#039;Azur: info, culture, lifestyle, business, Famille Princi\u00e8re, AS Monaco, football, basket, personnalit\u00e9s.\" \/>\n<meta property=\"og:url\" content=\"https:\/\/www.monaco-tribune.com\/it\/i-trasporti-a-monaco\/\" \/>\n<meta property=\"og:site_name\" content=\"Monaco Tribune\" \/>\n<meta property=\"article:publisher\" content=\"https:\/\/www.facebook.com\/MonacoTribune\" \/>\n<meta property=\"article:modified_time\" content=\"2021-01-15T15:41:05+00:00\" \/>\n<meta property=\"og:image\" content=\"https:\/\/www.monaco-tribune.com\/wp-content\/uploads\/2020\/03\/monaco-transport-updates-coronavirus-covid-19.jpg\" \/>\n\t<meta property=\"og:image:width\" content=\"1700\" \/>\n\t<meta property=\"og:image:height\" content=\"850\" \/>\n\t<meta property=\"og:image:type\" content=\"image\/jpeg\" \/>\n<meta name=\"twitter:card\" content=\"summary_large_image\" \/>\n<meta name=\"twitter:site\" content=\"@MonacoTribune\" \/>\n<script type=\"application\/ld+json\" class=\"yoast-schema-graph\">{\"@context\":\"https:\\\/\\\/schema.org\",\"@graph\":[{\"@type\":\"WebPage\",\"@id\":\"https:\\\/\\\/www.monaco-tribune.com\\\/it\\\/i-trasporti-a-monaco\\\/\",\"url\":\"https:\\\/\\\/www.monaco-tribune.com\\\/it\\\/i-trasporti-a-monaco\\\/\",\"name\":\"I trasporti a Monaco\",\"isPartOf\":{\"@id\":\"https:\\\/\\\/www.monaco-tribune.com\\\/it\\\/#website\"},\"primaryImageOfPage\":{\"@id\":\"https:\\\/\\\/www.monaco-tribune.com\\\/it\\\/i-trasporti-a-monaco\\\/#primaryimage\"},\"image\":{\"@id\":\"https:\\\/\\\/www.monaco-tribune.com\\\/it\\\/i-trasporti-a-monaco\\\/#primaryimage\"},\"thumbnailUrl\":\"https:\\\/\\\/www.monaco-tribune.com\\\/wp-content\\\/uploads\\\/2020\\\/03\\\/monaco-transport-updates-coronavirus-covid-19.jpg\",\"datePublished\":\"2020-12-09T16:33:43+00:00\",\"dateModified\":\"2021-01-15T15:41:05+00:00\",\"description\":\"Votre magazine qui parle de Monaco et de la C\u00f4te d'Azur: info, culture, lifestyle, business, Famille Princi\u00e8re, AS Monaco, football, basket, personnalit\u00e9s.\",\"breadcrumb\":{\"@id\":\"https:\\\/\\\/www.monaco-tribune.com\\\/it\\\/i-trasporti-a-monaco\\\/#breadcrumb\"},\"inLanguage\":\"it-IT\",\"potentialAction\":[{\"@type\":\"ReadAction\",\"target\":[\"https:\\\/\\\/www.monaco-tribune.com\\\/it\\\/i-trasporti-a-monaco\\\/\"]}]},{\"@type\":\"ImageObject\",\"inLanguage\":\"it-IT\",\"@id\":\"https:\\\/\\\/www.monaco-tribune.com\\\/it\\\/i-trasporti-a-monaco\\\/#primaryimage\",\"url\":\"https:\\\/\\\/www.monaco-tribune.com\\\/wp-content\\\/uploads\\\/2020\\\/03\\\/monaco-transport-updates-coronavirus-covid-19.jpg\",\"contentUrl\":\"https:\\\/\\\/www.monaco-tribune.com\\\/wp-content\\\/uploads\\\/2020\\\/03\\\/monaco-transport-updates-coronavirus-covid-19.jpg\",\"width\":1700,\"height\":850,\"caption\":\"Visit Monaco\"},{\"@type\":\"BreadcrumbList\",\"@id\":\"https:\\\/\\\/www.monaco-tribune.com\\\/it\\\/i-trasporti-a-monaco\\\/#breadcrumb\",\"itemListElement\":[{\"@type\":\"ListItem\",\"position\":1,\"name\":\"Accueil\",\"item\":\"https:\\\/\\\/www.monaco-tribune.com\\\/it\\\/\"},{\"@type\":\"ListItem\",\"position\":2,\"name\":\"I trasporti a Monaco\"}]},{\"@type\":\"WebSite\",\"@id\":\"https:\\\/\\\/www.monaco-tribune.com\\\/it\\\/#website\",\"url\":\"https:\\\/\\\/www.monaco-tribune.com\\\/it\\\/\",\"name\":\"Monaco Tribune\",\"description\":\"Monaco : actualit\u00e9s \u00e9conomiques, politiques, culturelles et sportives de Monaco et de la French Riviera.\",\"publisher\":{\"@id\":\"https:\\\/\\\/www.monaco-tribune.com\\\/it\\\/#organization\"},\"potentialAction\":[{\"@type\":\"SearchAction\",\"target\":{\"@type\":\"EntryPoint\",\"urlTemplate\":\"https:\\\/\\\/www.monaco-tribune.com\\\/it\\\/?s={search_term_string}\"},\"query-input\":{\"@type\":\"PropertyValueSpecification\",\"valueRequired\":true,\"valueName\":\"search_term_string\"}}],\"inLanguage\":\"it-IT\"},{\"@type\":\"Organization\",\"@id\":\"https:\\\/\\\/www.monaco-tribune.com\\\/it\\\/#organization\",\"name\":\"Monaco Tribune\",\"url\":\"https:\\\/\\\/www.monaco-tribune.com\\\/it\\\/\",\"logo\":{\"@type\":\"ImageObject\",\"inLanguage\":\"it-IT\",\"@id\":\"https:\\\/\\\/www.monaco-tribune.com\\\/it\\\/#\\\/schema\\\/logo\\\/image\\\/\",\"url\":\"https:\\\/\\\/www.monaco-tribune.com\\\/wp-content\\\/uploads\\\/2022\\\/11\\\/logo-monaco-tribune.png\",\"contentUrl\":\"https:\\\/\\\/www.monaco-tribune.com\\\/wp-content\\\/uploads\\\/2022\\\/11\\\/logo-monaco-tribune.png\",\"width\":1548,\"height\":600,\"caption\":\"Monaco Tribune\"},\"image\":{\"@id\":\"https:\\\/\\\/www.monaco-tribune.com\\\/it\\\/#\\\/schema\\\/logo\\\/image\\\/\"},\"sameAs\":[\"https:\\\/\\\/www.facebook.com\\\/MonacoTribune\",\"https:\\\/\\\/x.com\\\/MonacoTribune\",\"https:\\\/\\\/www.instagram.com\\\/monacotribune\\\/\",\"https:\\\/\\\/www.linkedin.com\\\/company\\\/monaco-tribune\",\"https:\\\/\\\/www.youtube.com\\\/channel\\\/UCHle1MnG6hw1y4lWKijVbMA\"]}]}<\/script>\n<!-- \/ Yoast SEO Premium plugin. -->","yoast_head_json":{"title":"I trasporti a Monaco","description":"Votre magazine qui parle de Monaco et de la C\u00f4te d'Azur: info, culture, lifestyle, business, Famille Princi\u00e8re, AS Monaco, football, basket, personnalit\u00e9s.","robots":{"index":"index","follow":"follow","max-snippet":"max-snippet:-1","max-image-preview":"max-image-preview:large","max-video-preview":"max-video-preview:-1"},"canonical":"https:\/\/www.monaco-tribune.com\/it\/i-trasporti-a-monaco\/","og_locale":"it_IT","og_type":"article","og_title":"I trasporti a Monaco","og_description":"Votre magazine qui parle de Monaco et de la C\u00f4te d'Azur: info, culture, lifestyle, business, Famille Princi\u00e8re, AS Monaco, football, basket, personnalit\u00e9s.","og_url":"https:\/\/www.monaco-tribune.com\/it\/i-trasporti-a-monaco\/","og_site_name":"Monaco Tribune","article_publisher":"https:\/\/www.facebook.com\/MonacoTribune","article_modified_time":"2021-01-15T15:41:05+00:00","og_image":[{"width":1700,"height":850,"url":"https:\/\/www.monaco-tribune.com\/wp-content\/uploads\/2020\/03\/monaco-transport-updates-coronavirus-covid-19.jpg","type":"image\/jpeg"}],"twitter_card":"summary_large_image","twitter_site":"@MonacoTribune","schema":{"@context":"https:\/\/schema.org","@graph":[{"@type":"WebPage","@id":"https:\/\/www.monaco-tribune.com\/it\/i-trasporti-a-monaco\/","url":"https:\/\/www.monaco-tribune.com\/it\/i-trasporti-a-monaco\/","name":"I trasporti a Monaco","isPartOf":{"@id":"https:\/\/www.monaco-tribune.com\/it\/#website"},"primaryImageOfPage":{"@id":"https:\/\/www.monaco-tribune.com\/it\/i-trasporti-a-monaco\/#primaryimage"},"image":{"@id":"https:\/\/www.monaco-tribune.com\/it\/i-trasporti-a-monaco\/#primaryimage"},"thumbnailUrl":"https:\/\/www.monaco-tribune.com\/wp-content\/uploads\/2020\/03\/monaco-transport-updates-coronavirus-covid-19.jpg","datePublished":"2020-12-09T16:33:43+00:00","dateModified":"2021-01-15T15:41:05+00:00","description":"Votre magazine qui parle de Monaco et de la C\u00f4te d'Azur: info, culture, lifestyle, business, Famille Princi\u00e8re, AS Monaco, football, basket, personnalit\u00e9s.","breadcrumb":{"@id":"https:\/\/www.monaco-tribune.com\/it\/i-trasporti-a-monaco\/#breadcrumb"},"inLanguage":"it-IT","potentialAction":[{"@type":"ReadAction","target":["https:\/\/www.monaco-tribune.com\/it\/i-trasporti-a-monaco\/"]}]},{"@type":"ImageObject","inLanguage":"it-IT","@id":"https:\/\/www.monaco-tribune.com\/it\/i-trasporti-a-monaco\/#primaryimage","url":"https:\/\/www.monaco-tribune.com\/wp-content\/uploads\/2020\/03\/monaco-transport-updates-coronavirus-covid-19.jpg","contentUrl":"https:\/\/www.monaco-tribune.com\/wp-content\/uploads\/2020\/03\/monaco-transport-updates-coronavirus-covid-19.jpg","width":1700,"height":850,"caption":"Visit Monaco"},{"@type":"BreadcrumbList","@id":"https:\/\/www.monaco-tribune.com\/it\/i-trasporti-a-monaco\/#breadcrumb","itemListElement":[{"@type":"ListItem","position":1,"name":"Accueil","item":"https:\/\/www.monaco-tribune.com\/it\/"},{"@type":"ListItem","position":2,"name":"I trasporti a Monaco"}]},{"@type":"WebSite","@id":"https:\/\/www.monaco-tribune.com\/it\/#website","url":"https:\/\/www.monaco-tribune.com\/it\/","name":"Monaco Tribune","description":"Monaco : actualit\u00e9s \u00e9conomiques, politiques, culturelles et sportives de Monaco et de la French Riviera.","publisher":{"@id":"https:\/\/www.monaco-tribune.com\/it\/#organization"},"potentialAction":[{"@type":"SearchAction","target":{"@type":"EntryPoint","urlTemplate":"https:\/\/www.monaco-tribune.com\/it\/?s={search_term_string}"},"query-input":{"@type":"PropertyValueSpecification","valueRequired":true,"valueName":"search_term_string"}}],"inLanguage":"it-IT"},{"@type":"Organization","@id":"https:\/\/www.monaco-tribune.com\/it\/#organization","name":"Monaco Tribune","url":"https:\/\/www.monaco-tribune.com\/it\/","logo":{"@type":"ImageObject","inLanguage":"it-IT","@id":"https:\/\/www.monaco-tribune.com\/it\/#\/schema\/logo\/image\/","url":"https:\/\/www.monaco-tribune.com\/wp-content\/uploads\/2022\/11\/logo-monaco-tribune.png","contentUrl":"https:\/\/www.monaco-tribune.com\/wp-content\/uploads\/2022\/11\/logo-monaco-tribune.png","width":1548,"height":600,"caption":"Monaco Tribune"},"image":{"@id":"https:\/\/www.monaco-tribune.com\/it\/#\/schema\/logo\/image\/"},"sameAs":["https:\/\/www.facebook.com\/MonacoTribune","https:\/\/x.com\/MonacoTribune","https:\/\/www.instagram.com\/monacotribune\/","https:\/\/www.linkedin.com\/company\/monaco-tribune","https:\/\/www.youtube.com\/channel\/UCHle1MnG6hw1y4lWKijVbMA"]}]}},"_links":{"self":[{"href":"https:\/\/www.monaco-tribune.com\/it\/wp-json\/wp\/v2\/pages\/57461","targetHints":{"allow":["GET"]}}],"collection":[{"href":"https:\/\/www.monaco-tribune.com\/it\/wp-json\/wp\/v2\/pages"}],"about":[{"href":"https:\/\/www.monaco-tribune.com\/it\/wp-json\/wp\/v2\/types\/page"}],"author":[{"embeddable":true,"href":"https:\/\/www.monaco-tribune.com\/it\/wp-json\/wp\/v2\/users\/24"}],"replies":[{"embeddable":true,"href":"https:\/\/www.monaco-tribune.com\/it\/wp-json\/wp\/v2\/comments?post=57461"}],"version-history":[{"count":0,"href":"https:\/\/www.monaco-tribune.com\/it\/wp-json\/wp\/v2\/pages\/57461\/revisions"}],"wp:featuredmedia":[{"embeddable":true,"href":"https:\/\/www.monaco-tribune.com\/it\/wp-json\/wp\/v2\/media\/23857"}],"wp:attachment":[{"href":"https:\/\/www.monaco-tribune.com\/it\/wp-json\/wp\/v2\/media?parent=57461"}],"curies":[{"name":"wp","href":"https:\/\/api.w.org\/{rel}","templated":true}]}}