{"id":18854,"date":"2020-01-19T16:23:31","date_gmt":"2020-01-19T15:23:31","guid":{"rendered":"https:\/\/www.monaco-tribune.com\/%d0%bf%d0%be%d0%bb%d1%8c%d0%b7%d0%be%d0%b2%d0%b0%d1%82%d0%b5%d0%bb%d1%8c%d1%81%d0%ba%d0%be%d0%b5-%d1%81%d0%be%d0%b3%d0%bb%d0%b0%d1%88%d0%b5%d0%bd%d0%b8%d0%b5\/"},"modified":"2024-06-13T08:40:01","modified_gmt":"2024-06-13T06:40:01","slug":"polzovatelskoe-soglashenie","status":"publish","type":"page","link":"https:\/\/www.monaco-tribune.com\/ru\/polzovatelskoe-soglashenie\/","title":{"rendered":"\u041f\u043e\u043b\u044c\u0437\u043e\u0432\u0430\u0442\u0435\u043b\u044c\u0441\u043a\u043e\u0435 \u0441\u043e\u0433\u043b\u0430\u0448\u0435\u043d\u0438\u0435"},"content":{"rendered":"<p><strong>LEGAL MENTIONS<\/strong><\/p>\n<p>Monaco-Tribune is edited by Link-Edit.<\/p>\n<p>Contact:\u00a0<a href=\"mailto:contact@monaco-tribune.com\">contact@monaco-tribune.com<\/a><\/p>\n<p>RCS Paris 504 830 969 \/ SIRET 504 830 969 00029<\/p>\n<p>President and Publisher: Gil Mihaely<\/p>\n<p>Hosted by:<\/p>\n<p>Hostinger<\/p>\n<p>61 Lordou Vironos Street, 6023 Larnaca, Cyprus<\/p>\n<p>Contact:\u00a0<a href=\"https:\/\/www.hostinger.com\/contacts\">https:\/\/www.hostinger.com\/contacts<\/a><\/p>\n<p><strong>INTELLECTUAL PROPERTY<\/strong><\/p>\n<p>Link-Edit is the exclusive owner of all intellectual property rights regarding the structure and content of Monaco-Tribune.com<\/p>\n<p>The contents of Monaco-Tribune.com, as well as its newsletters and RSS feed, are intended for personal, private and individual use only.<\/p>\n<p>It is strictly forbidden to use Monaco-Tribune.com in a commercial or professional way, without the explicit approval of Link-Edit, sent to\u00a0<a href=\"mailto:contact@monaco-tribune.com\">contact@monaco-tribune.com<\/a><\/p>\n<p>Link-Edit is a registered trademark of Causeur.fr SAS with a capital of \u20ac101,900, 32 rue du Faubourg Poissonni\u00e8re, 75010, Paris, France.<\/p>\n","protected":false},"excerpt":{"rendered":"<p>LEGAL MENTIONS Monaco-Tribune is edited by Link-Edit. Contact:\u00a0contact@monaco-tribune.com RCS Paris 504 830 969 \/ SIRET 504 830 969 00029 President [&hellip;]<\/p>\n","protected":false},"author":4,"featured_media":0,"parent":0,"menu_order":0,"comment_status":"closed","ping_status":"closed","template":"","meta":{"_acf_changed":false,"footnotes":""},"class_list":["post-18854","page","type-page","status-publish","hentry"],"acf":[],"yoast_head":"<!-- This site is optimized with the Yoast SEO Premium plugin v26.8 (Yoast SEO v27.3) - https:\/\/yoast.com\/product\/yoast-seo-premium-wordpress\/ -->\n<title>\u041f\u043e\u043b\u044c\u0437\u043e\u0432\u0430\u0442\u0435\u043b\u044c\u0441\u043a\u043e\u0435 \u0441\u043e\u0433\u043b\u0430\u0448\u0435\u043d\u0438\u0435<\/title>\n<meta name=\"description\" content=\"Votre magazine qui parle de Monaco et de la C\u00f4te d&#039;Azur: info, culture, lifestyle, business, Famille Princi\u00e8re, AS Monaco, football, basket, personnalit\u00e9s.\" \/>\n<meta name=\"robots\" content=\"noindex, nofollow\" \/>\n<meta property=\"og:locale\" content=\"ru_RU\" \/>\n<meta property=\"og:type\" content=\"article\" \/>\n<meta property=\"og:title\" content=\"\u041f\u043e\u043b\u044c\u0437\u043e\u0432\u0430\u0442\u0435\u043b\u044c\u0441\u043a\u043e\u0435 \u0441\u043e\u0433\u043b\u0430\u0448\u0435\u043d\u0438\u0435\" \/>\n<meta property=\"og:description\" content=\"Votre magazine qui parle de Monaco et de la C\u00f4te d&#039;Azur: info, culture, lifestyle, business, Famille Princi\u00e8re, AS Monaco, football, basket, personnalit\u00e9s.\" \/>\n<meta property=\"og:url\" content=\"https:\/\/www.monaco-tribune.com\/ru\/polzovatelskoe-soglashenie\/\" \/>\n<meta property=\"og:site_name\" content=\"Monaco Tribune\" \/>\n<meta property=\"article:publisher\" content=\"https:\/\/www.facebook.com\/MonacoTribune\" \/>\n<meta property=\"article:modified_time\" content=\"2024-06-13T06:40:01+00:00\" \/>\n<meta name=\"twitter:card\" content=\"summary_large_image\" \/>\n<meta name=\"twitter:site\" content=\"@MonacoTribune\" \/>\n<script type=\"application\/ld+json\" class=\"yoast-schema-graph\">{\"@context\":\"https:\\\/\\\/schema.org\",\"@graph\":[{\"@type\":\"WebPage\",\"@id\":\"https:\\\/\\\/www.monaco-tribune.com\\\/ru\\\/polzovatelskoe-soglashenie\\\/\",\"url\":\"https:\\\/\\\/www.monaco-tribune.com\\\/ru\\\/polzovatelskoe-soglashenie\\\/\",\"name\":\"\u041f\u043e\u043b\u044c\u0437\u043e\u0432\u0430\u0442\u0435\u043b\u044c\u0441\u043a\u043e\u0435 \u0441\u043e\u0433\u043b\u0430\u0448\u0435\u043d\u0438\u0435\",\"isPartOf\":{\"@id\":\"https:\\\/\\\/www.monaco-tribune.com\\\/ru\\\/#website\"},\"datePublished\":\"2020-01-19T15:23:31+00:00\",\"dateModified\":\"2024-06-13T06:40:01+00:00\",\"description\":\"Votre magazine qui parle de Monaco et de la C\u00f4te d'Azur: info, culture, lifestyle, business, Famille Princi\u00e8re, AS Monaco, football, basket, personnalit\u00e9s.\",\"breadcrumb\":{\"@id\":\"https:\\\/\\\/www.monaco-tribune.com\\\/ru\\\/polzovatelskoe-soglashenie\\\/#breadcrumb\"},\"inLanguage\":\"ru-RU\",\"potentialAction\":[{\"@type\":\"ReadAction\",\"target\":[\"https:\\\/\\\/www.monaco-tribune.com\\\/ru\\\/polzovatelskoe-soglashenie\\\/\"]}]},{\"@type\":\"BreadcrumbList\",\"@id\":\"https:\\\/\\\/www.monaco-tribune.com\\\/ru\\\/polzovatelskoe-soglashenie\\\/#breadcrumb\",\"itemListElement\":[{\"@type\":\"ListItem\",\"position\":1,\"name\":\"Accueil\",\"item\":\"https:\\\/\\\/www.monaco-tribune.com\\\/ru\\\/\"},{\"@type\":\"ListItem\",\"position\":2,\"name\":\"\u041f\u043e\u043b\u044c\u0437\u043e\u0432\u0430\u0442\u0435\u043b\u044c\u0441\u043a\u043e\u0435 \u0441\u043e\u0433\u043b\u0430\u0448\u0435\u043d\u0438\u0435\"}]},{\"@type\":\"WebSite\",\"@id\":\"https:\\\/\\\/www.monaco-tribune.com\\\/ru\\\/#website\",\"url\":\"https:\\\/\\\/www.monaco-tribune.com\\\/ru\\\/\",\"name\":\"Monaco Tribune\",\"description\":\"Monaco : actualit\u00e9s \u00e9conomiques, politiques, culturelles et sportives de Monaco et de la French Riviera.\",\"publisher\":{\"@id\":\"https:\\\/\\\/www.monaco-tribune.com\\\/ru\\\/#organization\"},\"potentialAction\":[{\"@type\":\"SearchAction\",\"target\":{\"@type\":\"EntryPoint\",\"urlTemplate\":\"https:\\\/\\\/www.monaco-tribune.com\\\/ru\\\/?s={search_term_string}\"},\"query-input\":{\"@type\":\"PropertyValueSpecification\",\"valueRequired\":true,\"valueName\":\"search_term_string\"}}],\"inLanguage\":\"ru-RU\"},{\"@type\":\"Organization\",\"@id\":\"https:\\\/\\\/www.monaco-tribune.com\\\/ru\\\/#organization\",\"name\":\"Monaco Tribune\",\"url\":\"https:\\\/\\\/www.monaco-tribune.com\\\/ru\\\/\",\"logo\":{\"@type\":\"ImageObject\",\"inLanguage\":\"ru-RU\",\"@id\":\"https:\\\/\\\/www.monaco-tribune.com\\\/ru\\\/#\\\/schema\\\/logo\\\/image\\\/\",\"url\":\"https:\\\/\\\/www.monaco-tribune.com\\\/wp-content\\\/uploads\\\/2022\\\/11\\\/logo-monaco-tribune.png\",\"contentUrl\":\"https:\\\/\\\/www.monaco-tribune.com\\\/wp-content\\\/uploads\\\/2022\\\/11\\\/logo-monaco-tribune.png\",\"width\":1548,\"height\":600,\"caption\":\"Monaco Tribune\"},\"image\":{\"@id\":\"https:\\\/\\\/www.monaco-tribune.com\\\/ru\\\/#\\\/schema\\\/logo\\\/image\\\/\"},\"sameAs\":[\"https:\\\/\\\/www.facebook.com\\\/MonacoTribune\",\"https:\\\/\\\/x.com\\\/MonacoTribune\",\"https:\\\/\\\/www.instagram.com\\\/monacotribune\\\/\",\"https:\\\/\\\/www.linkedin.com\\\/company\\\/monaco-tribune\",\"https:\\\/\\\/www.youtube.com\\\/channel\\\/UCHle1MnG6hw1y4lWKijVbMA\"]}]}<\/script>\n<!-- \/ Yoast SEO Premium plugin. -->","yoast_head_json":{"title":"\u041f\u043e\u043b\u044c\u0437\u043e\u0432\u0430\u0442\u0435\u043b\u044c\u0441\u043a\u043e\u0435 \u0441\u043e\u0433\u043b\u0430\u0448\u0435\u043d\u0438\u0435","description":"Votre magazine qui parle de Monaco et de la C\u00f4te d'Azur: info, culture, lifestyle, business, Famille Princi\u00e8re, AS Monaco, football, basket, personnalit\u00e9s.","robots":{"index":"noindex","follow":"nofollow"},"og_locale":"ru_RU","og_type":"article","og_title":"\u041f\u043e\u043b\u044c\u0437\u043e\u0432\u0430\u0442\u0435\u043b\u044c\u0441\u043a\u043e\u0435 \u0441\u043e\u0433\u043b\u0430\u0448\u0435\u043d\u0438\u0435","og_description":"Votre magazine qui parle de Monaco et de la C\u00f4te d'Azur: info, culture, lifestyle, business, Famille Princi\u00e8re, AS Monaco, football, basket, personnalit\u00e9s.","og_url":"https:\/\/www.monaco-tribune.com\/ru\/polzovatelskoe-soglashenie\/","og_site_name":"Monaco Tribune","article_publisher":"https:\/\/www.facebook.com\/MonacoTribune","article_modified_time":"2024-06-13T06:40:01+00:00","twitter_card":"summary_large_image","twitter_site":"@MonacoTribune","schema":{"@context":"https:\/\/schema.org","@graph":[{"@type":"WebPage","@id":"https:\/\/www.monaco-tribune.com\/ru\/polzovatelskoe-soglashenie\/","url":"https:\/\/www.monaco-tribune.com\/ru\/polzovatelskoe-soglashenie\/","name":"\u041f\u043e\u043b\u044c\u0437\u043e\u0432\u0430\u0442\u0435\u043b\u044c\u0441\u043a\u043e\u0435 \u0441\u043e\u0433\u043b\u0430\u0448\u0435\u043d\u0438\u0435","isPartOf":{"@id":"https:\/\/www.monaco-tribune.com\/ru\/#website"},"datePublished":"2020-01-19T15:23:31+00:00","dateModified":"2024-06-13T06:40:01+00:00","description":"Votre magazine qui parle de Monaco et de la C\u00f4te d'Azur: info, culture, lifestyle, business, Famille Princi\u00e8re, AS Monaco, football, basket, personnalit\u00e9s.","breadcrumb":{"@id":"https:\/\/www.monaco-tribune.com\/ru\/polzovatelskoe-soglashenie\/#breadcrumb"},"inLanguage":"ru-RU","potentialAction":[{"@type":"ReadAction","target":["https:\/\/www.monaco-tribune.com\/ru\/polzovatelskoe-soglashenie\/"]}]},{"@type":"BreadcrumbList","@id":"https:\/\/www.monaco-tribune.com\/ru\/polzovatelskoe-soglashenie\/#breadcrumb","itemListElement":[{"@type":"ListItem","position":1,"name":"Accueil","item":"https:\/\/www.monaco-tribune.com\/ru\/"},{"@type":"ListItem","position":2,"name":"\u041f\u043e\u043b\u044c\u0437\u043e\u0432\u0430\u0442\u0435\u043b\u044c\u0441\u043a\u043e\u0435 \u0441\u043e\u0433\u043b\u0430\u0448\u0435\u043d\u0438\u0435"}]},{"@type":"WebSite","@id":"https:\/\/www.monaco-tribune.com\/ru\/#website","url":"https:\/\/www.monaco-tribune.com\/ru\/","name":"Monaco Tribune","description":"Monaco : actualit\u00e9s \u00e9conomiques, politiques, culturelles et sportives de Monaco et de la French Riviera.","publisher":{"@id":"https:\/\/www.monaco-tribune.com\/ru\/#organization"},"potentialAction":[{"@type":"SearchAction","target":{"@type":"EntryPoint","urlTemplate":"https:\/\/www.monaco-tribune.com\/ru\/?s={search_term_string}"},"query-input":{"@type":"PropertyValueSpecification","valueRequired":true,"valueName":"search_term_string"}}],"inLanguage":"ru-RU"},{"@type":"Organization","@id":"https:\/\/www.monaco-tribune.com\/ru\/#organization","name":"Monaco Tribune","url":"https:\/\/www.monaco-tribune.com\/ru\/","logo":{"@type":"ImageObject","inLanguage":"ru-RU","@id":"https:\/\/www.monaco-tribune.com\/ru\/#\/schema\/logo\/image\/","url":"https:\/\/www.monaco-tribune.com\/wp-content\/uploads\/2022\/11\/logo-monaco-tribune.png","contentUrl":"https:\/\/www.monaco-tribune.com\/wp-content\/uploads\/2022\/11\/logo-monaco-tribune.png","width":1548,"height":600,"caption":"Monaco Tribune"},"image":{"@id":"https:\/\/www.monaco-tribune.com\/ru\/#\/schema\/logo\/image\/"},"sameAs":["https:\/\/www.facebook.com\/MonacoTribune","https:\/\/x.com\/MonacoTribune","https:\/\/www.instagram.com\/monacotribune\/","https:\/\/www.linkedin.com\/company\/monaco-tribune","https:\/\/www.youtube.com\/channel\/UCHle1MnG6hw1y4lWKijVbMA"]}]}},"_links":{"self":[{"href":"https:\/\/www.monaco-tribune.com\/ru\/wp-json\/wp\/v2\/pages\/18854","targetHints":{"allow":["GET"]}}],"collection":[{"href":"https:\/\/www.monaco-tribune.com\/ru\/wp-json\/wp\/v2\/pages"}],"about":[{"href":"https:\/\/www.monaco-tribune.com\/ru\/wp-json\/wp\/v2\/types\/page"}],"author":[{"embeddable":true,"href":"https:\/\/www.monaco-tribune.com\/ru\/wp-json\/wp\/v2\/users\/4"}],"replies":[{"embeddable":true,"href":"https:\/\/www.monaco-tribune.com\/ru\/wp-json\/wp\/v2\/comments?post=18854"}],"version-history":[{"count":2,"href":"https:\/\/www.monaco-tribune.com\/ru\/wp-json\/wp\/v2\/pages\/18854\/revisions"}],"predecessor-version":[{"id":237099,"href":"https:\/\/www.monaco-tribune.com\/ru\/wp-json\/wp\/v2\/pages\/18854\/revisions\/237099"}],"wp:attachment":[{"href":"https:\/\/www.monaco-tribune.com\/ru\/wp-json\/wp\/v2\/media?parent=18854"}],"curies":[{"name":"wp","href":"https:\/\/api.w.org\/{rel}","templated":true}]}}