{"id":19706,"date":"2020-01-23T16:21:10","date_gmt":"2020-01-23T15:21:10","guid":{"rendered":"https:\/\/www.monaco-tribune.com\/%d1%80%d0%b5%d0%ba%d0%bb%d0%b0%d0%bc%d0%b0\/"},"modified":"2024-10-31T11:41:29","modified_gmt":"2024-10-31T09:41:29","slug":"reklama","status":"publish","type":"page","link":"https:\/\/www.monaco-tribune.com\/ru\/reklama\/","title":{"rendered":"\u0420\u0435\u043a\u043b\u0430\u043c\u0430 \u0432 \u041c\u043e\u043d\u0430\u043a\u043e"},"content":{"rendered":"\n<p>Monaco Tribune (MT) \u2014 \u044d\u0442\u043e \u043f\u043e\u043b\u043d\u043e\u0441\u0442\u044c\u044e \u0446\u0438\u0444\u0440\u043e\u0432\u043e\u0435 \u0421\u041c\u0418 \u0441 300 000 \u0447\u0438\u0442\u0430\u0442\u0435\u043b\u044f\u043c\u0438 \u043a\u0430\u0436\u0434\u044b\u0439 \u043c\u0435\u0441\u044f\u0446. <\/p>\n\n\n\n<p>MT \u2014 \u043c\u043d\u043e\u0433\u043e\u044f\u0437\u044b\u0447\u043d\u044b\u0439 \u043e\u043d\u043b\u0430\u0439\u043d-\u0436\u0443\u0440\u043d\u0430\u043b \u0434\u043b\u044f \u0448\u0438\u0440\u043e\u043a\u043e\u0439 \u043f\u0443\u0431\u043b\u0438\u043a\u0438, \u0435\u0436\u0435\u0434\u043d\u0435\u0432\u043d\u043e \u043f\u0443\u0431\u043b\u0438\u043a\u0443\u044e\u0449\u0438\u0439 \u043c\u0430\u0442\u0435\u0440\u0438\u0430\u043b\u044b \u043d\u0430 \u0444\u0440\u0430\u043d\u0446\u0443\u0437\u0441\u043a\u043e\u043c, \u0430\u043d\u0433\u043b\u0438\u0439\u0441\u043a\u043e\u043c, \u0438\u0442\u0430\u043b\u044c\u044f\u043d\u0441\u043a\u043e\u043c \u0438 \u0440\u0443\u0441\u0441\u043a\u043e\u043c \u044f\u0437\u044b\u043a\u0430\u0445.<\/p>\n\n\n\n<p>\u041c\u0430\u0442\u0435\u0440\u0438\u0430\u043b\u044b \u041c\u0422 \u043f\u0440\u0438\u0432\u043b\u0435\u043a\u0430\u044e\u0442 \u043c\u0435\u0441\u0442\u043d\u0443\u044e \u0430\u0443\u0434\u0438\u0442\u043e\u0440\u0438\u044e \u0432 \u041c\u043e\u043d\u0430\u043a\u043e, \u043d\u0430 \u0424\u0440\u0430\u043d\u0446\u0443\u0437\u0441\u043a\u043e\u0439 \u0420\u0438\u0432\u044c\u0435\u0440\u0435 \u0438 \u0432 \u0418\u0442\u0430\u043b\u0438\u0438, \u0430 \u0442\u0430\u043a\u0436\u0435 \u0433\u043b\u043e\u0431\u0430\u043b\u044c\u043d\u0443\u044e \u0430\u0443\u0434\u0438\u0442\u043e\u0440\u0438\u044e \u043f\u043e \u0432\u0441\u0435\u043c\u0443 \u043c\u0438\u0440\u0443, \u043a\u043e\u0442\u043e\u0440\u0430\u044f \u0438\u043d\u0442\u0435\u0440\u0435\u0441\u0443\u0435\u0442\u0441\u044f \u0433\u043e\u0440\u043e\u0434\u043e\u043c-\u0433\u043e\u0441\u0443\u0434\u0430\u0440\u0441\u0442\u0432\u043e\u043c.<\/p>\n\n\n\n<p>\u0411\u043b\u0430\u0433\u043e\u0434\u0430\u0440\u044f \u043a\u0430\u0447\u0435\u0441\u0442\u0432\u0435\u043d\u043d\u043e\u043c\u0443 \u043e\u0441\u0432\u0435\u0449\u0435\u043d\u0438\u044e \u0438 \u043c\u043d\u043e\u0433\u043e\u0447\u0438\u0441\u043b\u0435\u043d\u043d\u044b\u043c \u043a\u0430\u043d\u0430\u043b\u0430\u043c \u0440\u0430\u0441\u043f\u0440\u043e\u0441\u0442\u0440\u0430\u043d\u0435\u043d\u0438\u044f, MT \u044f\u0432\u043b\u044f\u0435\u0442\u0441\u044f \u043e\u0434\u043d\u0438\u043c \u0438\u0437 \u0432\u0435\u0434\u0443\u0449\u0438\u0445 \u0438\u0441\u0442\u043e\u0447\u043d\u0438\u043a\u043e\u043c \u0438\u043d\u0444\u043e\u0440\u043c\u0430\u0446\u0438\u0438 \u043e \u041a\u043d\u044f\u0436\u0435\u0441\u0442\u0432\u0435.<\/p>\n\n\n\n<hr class=\"wp-block-separator has-css-opacity\"\/>\n\n\n\n<h2 class=\"wp-block-heading has-text-align-center\" id=\"h-\u0440\u0435\u043a\u043b\u0430\u043c\u0430-\u0432-\u043c\u043e\u043d\u0430\u043a\u043e-\u0438-\u0437\u0430-\u0435\u0433\u043e-\u043f\u0440\u0435\u0434\u0435\u043b\u0430\u043c\u0438\">\u0420\u0435\u043a\u043b\u0430\u043c\u0430 \u0432 \u041c\u043e\u043d\u0430\u043a\u043e \u0438 \u0437\u0430 \u0435\u0433\u043e \u043f\u0440\u0435\u0434\u0435\u043b\u0430\u043c\u0438<\/h2>\n\n\n\n<hr class=\"wp-block-separator has-css-opacity\"\/>\n\n\n\n<p>\u0415\u0441\u043b\u0438 \u0432\u044b \u0437\u0430\u0438\u043d\u0442\u0435\u0440\u0435\u0441\u043e\u0432\u0430\u043d\u044b \u0432 \u0440\u0435\u043a\u043b\u0430\u043c\u0435 \u0438\u043b\u0438 \u0441\u043f\u043e\u043d\u0441\u043e\u0440\u0441\u0442\u0432\u0435, \u043f\u043e\u0436\u0430\u043b\u0443\u0439\u0441\u0442\u0430, \u0441\u0432\u044f\u0436\u0438\u0442\u0435\u0441\u044c \u0441 \u043d\u0430\u043c\u0438, \u0447\u0442\u043e\u0431\u044b \u043f\u043e\u043b\u0443\u0447\u0438\u0442\u044c \u043d\u0430\u0448 \u043c\u0435\u0434\u0438\u0430-\u043a\u0438\u0442: sales@monaco-tribune.com<\/p>\n","protected":false},"excerpt":{"rendered":"<p>Monaco Tribune (MT) \u2014 \u044d\u0442\u043e \u043f\u043e\u043b\u043d\u043e\u0441\u0442\u044c\u044e \u0446\u0438\u0444\u0440\u043e\u0432\u043e\u0435 \u0421\u041c\u0418 \u0441 300 000 \u0447\u0438\u0442\u0430\u0442\u0435\u043b\u044f\u043c\u0438 \u043a\u0430\u0436\u0434\u044b\u0439 \u043c\u0435\u0441\u044f\u0446. MT \u2014 \u043c\u043d\u043e\u0433\u043e\u044f\u0437\u044b\u0447\u043d\u044b\u0439 \u043e\u043d\u043b\u0430\u0439\u043d-\u0436\u0443\u0440\u043d\u0430\u043b \u0434\u043b\u044f \u0448\u0438\u0440\u043e\u043a\u043e\u0439 [&hellip;]<\/p>\n","protected":false},"author":21,"featured_media":184164,"parent":0,"menu_order":0,"comment_status":"closed","ping_status":"closed","template":"","meta":{"_acf_changed":false,"footnotes":""},"class_list":["post-19706","page","type-page","status-publish","has-post-thumbnail","hentry"],"acf":[],"yoast_head":"<!-- This site is optimized with the Yoast SEO Premium plugin v27.5 (Yoast SEO v27.5) - https:\/\/yoast.com\/product\/yoast-seo-premium-wordpress\/ -->\n<title>\u0420\u0435\u043a\u043b\u0430\u043c\u0430 \u0432 \u041c\u043e\u043d\u0430\u043a\u043e<\/title>\n<meta name=\"description\" content=\"Votre magazine qui parle de Monaco et de la C\u00f4te d&#039;Azur: info, culture, lifestyle, business, Famille Princi\u00e8re, AS Monaco, football, basket, personnalit\u00e9s.\" \/>\n<meta name=\"robots\" content=\"index, follow, max-snippet:-1, max-image-preview:large, max-video-preview:-1\" \/>\n<link rel=\"canonical\" href=\"https:\/\/www.monaco-tribune.com\/ru\/reklama\/\" \/>\n<meta property=\"og:locale\" content=\"ru_RU\" \/>\n<meta property=\"og:type\" content=\"article\" \/>\n<meta property=\"og:title\" content=\"\u0420\u0435\u043a\u043b\u0430\u043c\u0430 \u0432 \u041c\u043e\u043d\u0430\u043a\u043e\" \/>\n<meta property=\"og:description\" content=\"Votre magazine qui parle de Monaco et de la C\u00f4te d&#039;Azur: info, culture, lifestyle, business, Famille Princi\u00e8re, AS Monaco, football, basket, personnalit\u00e9s.\" \/>\n<meta property=\"og:url\" content=\"https:\/\/www.monaco-tribune.com\/ru\/reklama\/\" \/>\n<meta property=\"og:site_name\" content=\"Monaco Tribune\" \/>\n<meta property=\"article:publisher\" content=\"https:\/\/www.facebook.com\/MonacoTribune\" \/>\n<meta property=\"article:modified_time\" content=\"2024-10-31T09:41:29+00:00\" \/>\n<meta property=\"og:image\" content=\"https:\/\/www.monaco-tribune.com\/wp-content\/uploads\/2023\/07\/logo.png\" \/>\n\t<meta property=\"og:image:width\" content=\"1920\" \/>\n\t<meta property=\"og:image:height\" content=\"1080\" \/>\n\t<meta property=\"og:image:type\" content=\"image\/png\" \/>\n<meta name=\"twitter:card\" content=\"summary_large_image\" \/>\n<meta name=\"twitter:site\" content=\"@MonacoTribune\" \/>\n<script type=\"application\/ld+json\" class=\"yoast-schema-graph\">{\"@context\":\"https:\\\/\\\/schema.org\",\"@graph\":[{\"@type\":\"WebPage\",\"@id\":\"https:\\\/\\\/www.monaco-tribune.com\\\/ru\\\/reklama\\\/\",\"url\":\"https:\\\/\\\/www.monaco-tribune.com\\\/ru\\\/reklama\\\/\",\"name\":\"\u0420\u0435\u043a\u043b\u0430\u043c\u0430 \u0432 \u041c\u043e\u043d\u0430\u043a\u043e\",\"isPartOf\":{\"@id\":\"https:\\\/\\\/www.monaco-tribune.com\\\/ru\\\/#website\"},\"primaryImageOfPage\":{\"@id\":\"https:\\\/\\\/www.monaco-tribune.com\\\/ru\\\/reklama\\\/#primaryimage\"},\"image\":{\"@id\":\"https:\\\/\\\/www.monaco-tribune.com\\\/ru\\\/reklama\\\/#primaryimage\"},\"thumbnailUrl\":\"https:\\\/\\\/www.monaco-tribune.com\\\/wp-content\\\/uploads\\\/2023\\\/07\\\/logo.png\",\"datePublished\":\"2020-01-23T15:21:10+00:00\",\"dateModified\":\"2024-10-31T09:41:29+00:00\",\"description\":\"Votre magazine qui parle de Monaco et de la C\u00f4te d'Azur: info, culture, lifestyle, business, Famille Princi\u00e8re, AS Monaco, football, basket, personnalit\u00e9s.\",\"breadcrumb\":{\"@id\":\"https:\\\/\\\/www.monaco-tribune.com\\\/ru\\\/reklama\\\/#breadcrumb\"},\"inLanguage\":\"ru-RU\",\"potentialAction\":[{\"@type\":\"ReadAction\",\"target\":[\"https:\\\/\\\/www.monaco-tribune.com\\\/ru\\\/reklama\\\/\"]}]},{\"@type\":\"ImageObject\",\"inLanguage\":\"ru-RU\",\"@id\":\"https:\\\/\\\/www.monaco-tribune.com\\\/ru\\\/reklama\\\/#primaryimage\",\"url\":\"https:\\\/\\\/www.monaco-tribune.com\\\/wp-content\\\/uploads\\\/2023\\\/07\\\/logo.png\",\"contentUrl\":\"https:\\\/\\\/www.monaco-tribune.com\\\/wp-content\\\/uploads\\\/2023\\\/07\\\/logo.png\",\"width\":1920,\"height\":1080},{\"@type\":\"BreadcrumbList\",\"@id\":\"https:\\\/\\\/www.monaco-tribune.com\\\/ru\\\/reklama\\\/#breadcrumb\",\"itemListElement\":[{\"@type\":\"ListItem\",\"position\":1,\"name\":\"Accueil\",\"item\":\"https:\\\/\\\/www.monaco-tribune.com\\\/ru\\\/\"},{\"@type\":\"ListItem\",\"position\":2,\"name\":\"\u0420\u0435\u043a\u043b\u0430\u043c\u0430 \u0432 \u041c\u043e\u043d\u0430\u043a\u043e\"}]},{\"@type\":\"WebSite\",\"@id\":\"https:\\\/\\\/www.monaco-tribune.com\\\/ru\\\/#website\",\"url\":\"https:\\\/\\\/www.monaco-tribune.com\\\/ru\\\/\",\"name\":\"Monaco Tribune\",\"description\":\"Monaco : actualit\u00e9s \u00e9conomiques, politiques, culturelles et sportives de Monaco et de la French Riviera.\",\"publisher\":{\"@id\":\"https:\\\/\\\/www.monaco-tribune.com\\\/ru\\\/#organization\"},\"potentialAction\":[{\"@type\":\"SearchAction\",\"target\":{\"@type\":\"EntryPoint\",\"urlTemplate\":\"https:\\\/\\\/www.monaco-tribune.com\\\/ru\\\/?s={search_term_string}\"},\"query-input\":{\"@type\":\"PropertyValueSpecification\",\"valueRequired\":true,\"valueName\":\"search_term_string\"}}],\"inLanguage\":\"ru-RU\"},{\"@type\":\"Organization\",\"@id\":\"https:\\\/\\\/www.monaco-tribune.com\\\/ru\\\/#organization\",\"name\":\"Monaco Tribune\",\"url\":\"https:\\\/\\\/www.monaco-tribune.com\\\/ru\\\/\",\"logo\":{\"@type\":\"ImageObject\",\"inLanguage\":\"ru-RU\",\"@id\":\"https:\\\/\\\/www.monaco-tribune.com\\\/ru\\\/#\\\/schema\\\/logo\\\/image\\\/\",\"url\":\"https:\\\/\\\/www.monaco-tribune.com\\\/wp-content\\\/uploads\\\/2022\\\/11\\\/logo-monaco-tribune.png\",\"contentUrl\":\"https:\\\/\\\/www.monaco-tribune.com\\\/wp-content\\\/uploads\\\/2022\\\/11\\\/logo-monaco-tribune.png\",\"width\":1548,\"height\":600,\"caption\":\"Monaco Tribune\"},\"image\":{\"@id\":\"https:\\\/\\\/www.monaco-tribune.com\\\/ru\\\/#\\\/schema\\\/logo\\\/image\\\/\"},\"sameAs\":[\"https:\\\/\\\/www.facebook.com\\\/MonacoTribune\",\"https:\\\/\\\/x.com\\\/MonacoTribune\",\"https:\\\/\\\/www.instagram.com\\\/monacotribune\\\/\",\"https:\\\/\\\/www.linkedin.com\\\/company\\\/monaco-tribune\",\"https:\\\/\\\/www.youtube.com\\\/channel\\\/UCHle1MnG6hw1y4lWKijVbMA\"]}]}<\/script>\n<!-- \/ Yoast SEO Premium plugin. -->","yoast_head_json":{"title":"\u0420\u0435\u043a\u043b\u0430\u043c\u0430 \u0432 \u041c\u043e\u043d\u0430\u043a\u043e","description":"Votre magazine qui parle de Monaco et de la C\u00f4te d'Azur: info, culture, lifestyle, business, Famille Princi\u00e8re, AS Monaco, football, basket, personnalit\u00e9s.","robots":{"index":"index","follow":"follow","max-snippet":"max-snippet:-1","max-image-preview":"max-image-preview:large","max-video-preview":"max-video-preview:-1"},"canonical":"https:\/\/www.monaco-tribune.com\/ru\/reklama\/","og_locale":"ru_RU","og_type":"article","og_title":"\u0420\u0435\u043a\u043b\u0430\u043c\u0430 \u0432 \u041c\u043e\u043d\u0430\u043a\u043e","og_description":"Votre magazine qui parle de Monaco et de la C\u00f4te d'Azur: info, culture, lifestyle, business, Famille Princi\u00e8re, AS Monaco, football, basket, personnalit\u00e9s.","og_url":"https:\/\/www.monaco-tribune.com\/ru\/reklama\/","og_site_name":"Monaco Tribune","article_publisher":"https:\/\/www.facebook.com\/MonacoTribune","article_modified_time":"2024-10-31T09:41:29+00:00","og_image":[{"width":1920,"height":1080,"url":"https:\/\/www.monaco-tribune.com\/wp-content\/uploads\/2023\/07\/logo.png","type":"image\/png"}],"twitter_card":"summary_large_image","twitter_site":"@MonacoTribune","schema":{"@context":"https:\/\/schema.org","@graph":[{"@type":"WebPage","@id":"https:\/\/www.monaco-tribune.com\/ru\/reklama\/","url":"https:\/\/www.monaco-tribune.com\/ru\/reklama\/","name":"\u0420\u0435\u043a\u043b\u0430\u043c\u0430 \u0432 \u041c\u043e\u043d\u0430\u043a\u043e","isPartOf":{"@id":"https:\/\/www.monaco-tribune.com\/ru\/#website"},"primaryImageOfPage":{"@id":"https:\/\/www.monaco-tribune.com\/ru\/reklama\/#primaryimage"},"image":{"@id":"https:\/\/www.monaco-tribune.com\/ru\/reklama\/#primaryimage"},"thumbnailUrl":"https:\/\/www.monaco-tribune.com\/wp-content\/uploads\/2023\/07\/logo.png","datePublished":"2020-01-23T15:21:10+00:00","dateModified":"2024-10-31T09:41:29+00:00","description":"Votre magazine qui parle de Monaco et de la C\u00f4te d'Azur: info, culture, lifestyle, business, Famille Princi\u00e8re, AS Monaco, football, basket, personnalit\u00e9s.","breadcrumb":{"@id":"https:\/\/www.monaco-tribune.com\/ru\/reklama\/#breadcrumb"},"inLanguage":"ru-RU","potentialAction":[{"@type":"ReadAction","target":["https:\/\/www.monaco-tribune.com\/ru\/reklama\/"]}]},{"@type":"ImageObject","inLanguage":"ru-RU","@id":"https:\/\/www.monaco-tribune.com\/ru\/reklama\/#primaryimage","url":"https:\/\/www.monaco-tribune.com\/wp-content\/uploads\/2023\/07\/logo.png","contentUrl":"https:\/\/www.monaco-tribune.com\/wp-content\/uploads\/2023\/07\/logo.png","width":1920,"height":1080},{"@type":"BreadcrumbList","@id":"https:\/\/www.monaco-tribune.com\/ru\/reklama\/#breadcrumb","itemListElement":[{"@type":"ListItem","position":1,"name":"Accueil","item":"https:\/\/www.monaco-tribune.com\/ru\/"},{"@type":"ListItem","position":2,"name":"\u0420\u0435\u043a\u043b\u0430\u043c\u0430 \u0432 \u041c\u043e\u043d\u0430\u043a\u043e"}]},{"@type":"WebSite","@id":"https:\/\/www.monaco-tribune.com\/ru\/#website","url":"https:\/\/www.monaco-tribune.com\/ru\/","name":"Monaco Tribune","description":"Monaco : actualit\u00e9s \u00e9conomiques, politiques, culturelles et sportives de Monaco et de la French Riviera.","publisher":{"@id":"https:\/\/www.monaco-tribune.com\/ru\/#organization"},"potentialAction":[{"@type":"SearchAction","target":{"@type":"EntryPoint","urlTemplate":"https:\/\/www.monaco-tribune.com\/ru\/?s={search_term_string}"},"query-input":{"@type":"PropertyValueSpecification","valueRequired":true,"valueName":"search_term_string"}}],"inLanguage":"ru-RU"},{"@type":"Organization","@id":"https:\/\/www.monaco-tribune.com\/ru\/#organization","name":"Monaco Tribune","url":"https:\/\/www.monaco-tribune.com\/ru\/","logo":{"@type":"ImageObject","inLanguage":"ru-RU","@id":"https:\/\/www.monaco-tribune.com\/ru\/#\/schema\/logo\/image\/","url":"https:\/\/www.monaco-tribune.com\/wp-content\/uploads\/2022\/11\/logo-monaco-tribune.png","contentUrl":"https:\/\/www.monaco-tribune.com\/wp-content\/uploads\/2022\/11\/logo-monaco-tribune.png","width":1548,"height":600,"caption":"Monaco Tribune"},"image":{"@id":"https:\/\/www.monaco-tribune.com\/ru\/#\/schema\/logo\/image\/"},"sameAs":["https:\/\/www.facebook.com\/MonacoTribune","https:\/\/x.com\/MonacoTribune","https:\/\/www.instagram.com\/monacotribune\/","https:\/\/www.linkedin.com\/company\/monaco-tribune","https:\/\/www.youtube.com\/channel\/UCHle1MnG6hw1y4lWKijVbMA"]}]}},"_links":{"self":[{"href":"https:\/\/www.monaco-tribune.com\/ru\/wp-json\/wp\/v2\/pages\/19706","targetHints":{"allow":["GET"]}}],"collection":[{"href":"https:\/\/www.monaco-tribune.com\/ru\/wp-json\/wp\/v2\/pages"}],"about":[{"href":"https:\/\/www.monaco-tribune.com\/ru\/wp-json\/wp\/v2\/types\/page"}],"author":[{"embeddable":true,"href":"https:\/\/www.monaco-tribune.com\/ru\/wp-json\/wp\/v2\/users\/21"}],"replies":[{"embeddable":true,"href":"https:\/\/www.monaco-tribune.com\/ru\/wp-json\/wp\/v2\/comments?post=19706"}],"version-history":[{"count":2,"href":"https:\/\/www.monaco-tribune.com\/ru\/wp-json\/wp\/v2\/pages\/19706\/revisions"}],"predecessor-version":[{"id":257648,"href":"https:\/\/www.monaco-tribune.com\/ru\/wp-json\/wp\/v2\/pages\/19706\/revisions\/257648"}],"wp:featuredmedia":[{"embeddable":true,"href":"https:\/\/www.monaco-tribune.com\/ru\/wp-json\/wp\/v2\/media\/184164"}],"wp:attachment":[{"href":"https:\/\/www.monaco-tribune.com\/ru\/wp-json\/wp\/v2\/media?parent=19706"}],"curies":[{"name":"wp","href":"https:\/\/api.w.org\/{rel}","templated":true}]}}