{"id":269727,"date":"2025-01-02T17:13:33","date_gmt":"2025-01-02T15:13:33","guid":{"rendered":"https:\/\/www.monaco-tribune.com\/informaczionnyj-byulleten-monaco-tribune\/"},"modified":"2025-01-02T17:14:13","modified_gmt":"2025-01-02T15:14:13","slug":"newsletter","status":"publish","type":"page","link":"https:\/\/www.monaco-tribune.com\/ru\/newsletter\/","title":{"rendered":"\u0418\u043d\u0444\u043e\u0440\u043c\u0430\u0446\u0438\u043e\u043d\u043d\u044b\u0439 \u0431\u044e\u043b\u043b\u0435\u0442\u0435\u043d\u044c Monaco Tribune"},"content":{"rendered":"\n<p>\u0415\u0436\u0435\u043d\u0435\u0434\u0435\u043b\u044c\u043d\u0430\u044f\u00a0\u043f\u043e\u0434\u0431\u043e\u0440\u043a\u0430\u00a0\u0441\u0430\u043c\u044b\u0445 \u0437\u043d\u0430\u0447\u0438\u043c\u044b\u0445\u00a0\u043d\u043e\u0432\u043e\u0441\u0442\u0435\u0439, \u044d\u043a\u0441\u043a\u043b\u044e\u0437\u0438\u0432\u043d\u044b\u0445 \u0441\u0442\u0430\u0442\u0435\u0439 \u0438 \u043f\u043e\u043b\u0435\u0437\u043d\u043e\u0439 \u0438\u043d\u0444\u043e\u0440\u043c\u0430\u0446\u0438\u0438\u00a0\u0438\u0437\u00a0\u041a\u043d\u044f\u0436\u0435\u0441\u0442\u0432\u0430 \u041c\u043e\u043d\u0430\u043a\u043e \u0443 \u0412\u0430\u0441 \u043d\u0430 \u043f\u043e\u0447\u0442\u0435!<\/p>\n\n\t\t\t\t<div class=\"follow-us\">\n\n\t\t\t\t\t\n\t\t\t\t\t\n\t\t\t\t\t\t<div class=\"newsletter-subscribe \">\n\t\t\t\t\t\t\t<div>\n\t\t\t\t\t\t\t\t\t\t\t\t\t\t\t\t\t\t<div class=\"title-with-line-wrapper\">\n\t\t\t\t\t\t\t\t\t\t\t<p class=\"title-with-line\">\u041d\u041e\u0412\u041e\u0421\u0422\u041d\u0410\u042f \u0420\u0410\u0421\u0421\u042b\u041b\u041a\u0410<\/p>\n\t\t\t\t\t\t\t\t\t\t<\/div>\n\t\t\t\t\t\t\t\t\t\t<p>\u041f\u043e\u0434\u043f\u0438\u0441\u044b\u0432\u0430\u0439\u0442\u0435\u0441\u044c \u043d\u0430 \u043d\u0430\u0441! \u0411\u0435\u0441\u043f\u043b\u0430\u0442\u043d\u0430\u044f \u0440\u0430\u0441\u0441\u044b\u043b\u043a\u0430 \u043a\u0430\u0436\u0434\u0443\u044e \u043d\u0435\u0434\u0435\u043b\u044e<\/p>\n\t\t\t\t\t\t\t\t\t\t<!-- Begin Brevo Form -->\n\t\t\t\t\t\t\t\t\t\t<link rel=\"stylesheet\" href=\"https:\/\/sibforms.com\/forms\/end-form\/build\/sib-styles.css\">\n\t\t\t\t\t\t\t\t\t\t<div class=\"sib-form\" style=\"text-align: center; background-color: #EFF2F7; \">\n\t\t\t\t\t\t\t\t\t\t\t<div id=\"sib-form-container\" class=\"sib-form-container\">\n\t\t\t\t\t\t\t\t\t\t\t\t<div id=\"error-message\" class=\"sib-form-message-panel\" style=\"font-size:16px; text-align:left; font-family:Helvetica, sans-serif; color:#661d1d; background-color:#ffeded; border-radius:3px; border-color:#ff4949;max-width:540px;\">\n\t\t\t\t\t\t\t\t\t\t\t\t<div class=\"sib-form-message-panel__text sib-form-message-panel__text--center\">\n\t\t\t\t\t\t\t\t\t\t\t\t\t<svg viewBox=\"0 0 512 512\" class=\"sib-icon sib-notification__icon\">\n\t\t\t\t\t\t\t\t\t\t\t\t\t\t<path d=\"M256 40c118.621 0 216 96.075 216 216 0 119.291-96.61 216-216 216-119.244 0-216-96.562-216-216 0-119.203 96.602-216 216-216m0-32C119.043 8 8 119.083 8 256c0 136.997 111.043 248 248 248s248-111.003 248-248C504 119.083 392.957 8 256 8zm-11.49 120h22.979c6.823 0 12.274 5.682 11.99 12.5l-7 168c-.268 6.428-5.556 11.5-11.99 11.5h-8.979c-6.433 0-11.722-5.073-11.99-11.5l-7-168c-.283-6.818 5.167-12.5 11.99-12.5zM256 340c-15.464 0-28 12.536-28 28s12.536 28 28 28 28-12.536 28-28-12.536-28-28-28z\" \/>\n\t\t\t\t\t\t\t\t\t\t\t\t\t<\/svg>\n\t\t\t\t\t\t\t\t\t\t\t\t\t<span class=\"sib-form-message-panel__inner-text\">\u0412\u0430\u0448\u0430 \u043f\u043e\u0434\u043f\u0438\u0441\u043a\u0430 \u043d\u0435 \u043c\u043e\u0436\u0435\u0442 \u0431\u044b\u0442\u044c \u0443\u0447\u0442\u0435\u043d\u0430 :\/ \u041f\u043e\u0432\u0442\u043e\u0440\u0438\u0442\u0435 \u043f\u043e\u043f\u044b\u0442\u043a\u0443.<\/span>\n\t\t\t\t\t\t\t\t\t\t\t\t<\/div>\n\t\t\t\t\t\t\t\t\t\t\t\t<\/div>\n\t\t\t\t\t\t\t\t\t\t\t\t<div id=\"success-message\" class=\"sib-form-message-panel\" style=\"font-size:16px; text-align:left; font-family:Helvetica, sans-serif; color:#085229; background-color:#e7faf0; border-radius:3px; border-color:#13ce66;max-width:540px;\">\n\t\t\t\t\t\t\t\t\t\t\t\t<div class=\"sib-form-message-panel__text sib-form-message-panel__text--center\">\n\t\t\t\t\t\t\t\t\t\t\t\t\t<svg viewBox=\"0 0 512 512\" class=\"sib-icon sib-notification__icon\">\n\t\t\t\t\t\t\t\t\t\t\t\t\t\t<path d=\"M256 8C119.033 8 8 119.033 8 256s111.033 248 248 248 248-111.033 248-248S392.967 8 256 8zm0 464c-118.664 0-216-96.055-216-216 0-118.663 96.055-216 216-216 118.664 0 216 96.055 216 216 0 118.663-96.055 216-216 216zm141.63-274.961L217.15 376.071c-4.705 4.667-12.303 4.637-16.97-.068l-85.878-86.572c-4.667-4.705-4.637-12.303.068-16.97l8.52-8.451c4.705-4.667 12.303-4.637 16.97.068l68.976 69.533 163.441-162.13c4.705-4.667 12.303-4.637 16.97.068l8.451 8.52c4.668 4.705 4.637 12.303-.068 16.97z\" \/>\n\t\t\t\t\t\t\t\t\t\t\t\t\t<\/svg>\n\t\t\t\t\t\t\t\t\t\t\t\t\t<span class=\"sib-form-message-panel__inner-text\">\u0421\u043f\u0430\u0441\u0438\u0431\u043e \u0432\u0430\u043c \u0437\u0430 \u043f\u043e\u0434\u043f\u0438\u0441\u043a\u0443 \u043d\u0430 \u043d\u0430\u0448\u0443 \u0440\u0430\u0441\u0441\u044b\u043b\u043a\u0443!<\/span>\n\t\t\t\t\t\t\t\t\t\t\t\t<\/div>\n\t\t\t\t\t\t\t\t\t\t\t\t<\/div>\n\t\t\t\t\t\t\t\t\t\t\t\t<div id=\"sib-container\" class=\"sib-container--large sib-container--vertical\" style=\"text-align:center; background-color:rgba(255,255,255,1); max-width:540px; border-radius:3px; border-width:1px; border-color:#C0CCD9; border-style:solid; direction:ltr\">\n\t\t\t\t\t\t\t\t\t\t\t\t\t<form id=\"sib-form\" method=\"POST\" action=\"https:\/\/07cd9f00.sibforms.com\/serve\/MUIFAM2J6fLrA9khvUBDIh_o3KvflxgRC4iH-zn5f25aonTxNUkWyM3p0JwiYk-wOErX__VlYjTEg13x9bfstTric3BlxmgI2QglpM84wTpmfZWWRJOFvVvZaWTc-PuVJZByjpzordHsERR8-sauc6ow2HwnBPL-b09bXQT-Kzglbb-H9Obz3oDuUcOR9jjGfbC2PKs-1_LffhbB\" data-type=\"subscription\">\n\t\t\t\t\t\t\t\t\t\t\t\t\t\t<div class=\"sib-input sib-form-block\">\n\t\t\t\t\t\t\t\t\t\t\t\t\t\t<div class=\"form__entry entry_block\">\n\t\t\t\t\t\t\t\t\t\t\t\t\t\t\t<div class=\"form__label-row \">\n\t\t\t\t\t\t\t\t\t\t\t\t\t\t\t\t<input class=\"input \" type=\"text\" id=\"EMAIL\" name=\"EMAIL\" autocomplete=\"off\" placeholder=\"\u0412\u0430\u0448 \u044d\u043b\u0435\u043a\u0442\u0440\u043e\u043d\u043d\u044b\u0439 \u0430\u0434\u0440\u0435\u0441...\" data-required=\"true\" required \/>\n\t\t\t\t\t\t\t\t\t\t\t\t\t\t\t\t<button class=\"sib-form-block__button sib-form-block__button-with-loader\" style=\"font-size:16px; text-align:left; font-weight:700; font-family:Helvetica, sans-serif; color:#FFFFFF; background-color:#3E4857; border-radius:3px; border-width:0px;\" form=\"sib-form\" type=\"submit\">\n\t\t\t\t\t\t\t\t\t\t\t\t\t\t\t\t\t<svg class=\"icon clickable__icon progress-indicator__icon sib-hide-loader-icon\" viewBox=\"0 0 512 512\">\n\t\t\t\t\t\t\t\t\t\t\t\t\t\t\t\t\t\t<path d=\"M460.116 373.846l-20.823-12.022c-5.541-3.199-7.54-10.159-4.663-15.874 30.137-59.886 28.343-131.652-5.386-189.946-33.641-58.394-94.896-95.833-161.827-99.676C261.028 55.961 256 50.751 256 44.352V20.309c0-6.904 5.808-12.337 12.703-11.982 83.556 4.306 160.163 50.864 202.11 123.677 42.063 72.696 44.079 162.316 6.031 236.832-3.14 6.148-10.75 8.461-16.728 5.01z\" \/>\n\t\t\t\t\t\t\t\t\t\t\t\t\t\t\t\t\t<\/svg>\n\t\t\t\t\t\t\t\t\t\t\t\t\t\t\t\t\t\u041f\u041e\u0414\u041f\u0418\u0421\u0410\u0422\u042c\u0421\u042f\n\t\t\t\t\t\t\t\t\t\t\t\t\t\t\t\t<\/button>\n\t\t\t\t\t\t\t\t\t\t\t\t\t\t\t<\/div>\n\t\t\t\t\t\t\t\t\t\t\t\t\t\t\t<label class=\"entry__error entry__error--primary\" style=\"font-size:16px; text-align:left; font-family:Helvetica, sans-serif; color:#661d1d; background-color:#ffeded; border-radius:3px; border-color:#ff4949;\"><\/label>\n\t\t\t\t\t\t\t\t\t\t\t\t\t\t<\/div>\n\t\t\t\t\t\t\t\t\t\t\t\t\t\t<\/div>\n\t\t\t\t\t\t\t\t\t\t\t\t\t\t<input type=\"text\" name=\"email_address_check\" value=\"\" class=\"input--hidden\">\n\t\t\t\t\t\t\t\t\t\t\t\t\t\t<input type=\"hidden\" name=\"locale\" value=\"en\">\n\t\t\t\t\t\t\t\t\t\t\t\t\t<\/form>\n\t\t\t\t\t\t\t\t\t\t\t\t<\/div>\n\t\t\t\t\t\t\t\t\t\t\t<\/div>\n\t\t\t\t\t\t\t\t\t\t<\/div>\n\t\t\t\t\t\t\t\t\t\t<script>\n\t\t\t\t\t\t\t\t\t\t\twindow.REQUIRED_CODE_ERROR_MESSAGE = 'Please choose a country code';\n\t\t\t\t\t\t\t\t\t\t\twindow.LOCALE = 'en';\n\t\t\t\t\t\t\t\t\t\t\twindow.EMAIL_INVALID_MESSAGE = window.SMS_INVALID_MESSAGE = \"\u041f\u043e\u0436\u0430\u043b\u0443\u0439\u0441\u0442\u0430, \u0432\u0432\u0435\u0434\u0438\u0442\u0435 \u043a\u043e\u0440\u0440\u0435\u043a\u0442\u043d\u044b\u0439 \u0430\u0434\u0440\u0435\u0441 \u044d\u043b\u0435\u043a\u0442\u0440\u043e\u043d\u043d\u043e\u0439 \u043f\u043e\u0447\u0442\u044b.\";\n\t\t\t\t\t\t\t\t\t\t\twindow.REQUIRED_ERROR_MESSAGE = \"\u042d\u0442\u043e \u043f\u043e\u043b\u0435 \u043d\u0435\u043e\u0431\u0445\u043e\u0434\u0438\u043c\u043e \u0437\u0430\u043f\u043e\u043b\u043d\u0438\u0442\u044c.\";\n\t\t\t\t\t\t\t\t\t\t\twindow.GENERIC_INVALID_MESSAGE = \"\u041f\u043e\u0436\u0430\u043b\u0443\u0439\u0441\u0442\u0430, \u0432\u0432\u0435\u0434\u0438\u0442\u0435 \u043a\u043e\u0440\u0440\u0435\u043a\u0442\u043d\u044b\u0439 \u0430\u0434\u0440\u0435\u0441 \u044d\u043b\u0435\u043a\u0442\u0440\u043e\u043d\u043d\u043e\u0439 \u043f\u043e\u0447\u0442\u044b.\";\n\t\t\t\t\t\t\t\t\t\t\twindow.translation = {\n\t\t\t\t\t\t\t\t\t\t\t\tcommon: {\n\t\t\t\t\t\t\t\t\t\t\t\tselectedList: '{quantity} list selected',\n\t\t\t\t\t\t\t\t\t\t\t\tselectedLists: '{quantity} lists selected'\n\t\t\t\t\t\t\t\t\t\t\t\t}\n\t\t\t\t\t\t\t\t\t\t\t};\n\t\t\t\t\t\t\t\t\t\t\tvar AUTOHIDE = Boolean(1);\n\t\t\t\t\t\t\t\t\t\t<\/script>\n\t\t\t\t\t\t\t\t\t\t<script defer src=\"https:\/\/sibforms.com\/forms\/end-form\/build\/main.js\"><\/script>\n\t\t\t\t\t\t\t\t\t\t<!-- End Brevo Form -->\n\t\t\t\t\t\t\t\t\t\t\n\t\t\t\t\t\t\t<\/div>\n\t\t\t\t\t\t<\/div>\n\n\t\t\t\t\t\n\t\t\t\t\t\n\t\t\t\t\t\t<div class=\"social-icons\">\n\n\t\t\t\t\t\t\t<div>\n\t\t\t\t\t\t\t\t<a href=\"https:\/\/x.com\/MonacoTribuneRU\" title=\"\u0421\u043b\u0435\u0434\u0438\u0442\u0435 \u0437\u0430 \u043d\u043e\u0432\u043e\u0441\u0442\u044f\u043c\u0438 Monaco Tribune \u043d\u0430 X \u00bb\" target=\"_blank\">\n\t\t\t\t\t\t\t\t\t<svg class=\"icon icon-x\">\n\t\t\t\t\t\t\t\t\t\t<use xlink:href=\"#icon-x\"><\/use>\n\t\t\t\t\t\t\t\t\t<\/svg>\n\t\t\t\t\t\t\t\t<\/a>\t\t\t\t\t\t\t\t\n\t\t\t\t\t\t\t\t<a href=\"https:\/\/www.facebook.com\/MonacoTribune.ru\/\" title=\"\u0421\u043b\u0435\u0434\u0438\u0442\u0435 \u0437\u0430 \u043d\u043e\u0432\u043e\u0441\u0442\u044f\u043c\u0438 Monaco Tribune \u043d\u0430 Facebook\" target=\"_blank\">\n\t\t\t\t\t\t\t\t\t<svg class=\"icon icon-facebook\">\n\t\t\t\t\t\t\t\t\t\t<use xlink:href=\"#icon-facebook\"><\/use>\n\t\t\t\t\t\t\t\t\t<\/svg>\n\t\t\t\t\t\t\t\t<\/a>\n\t\t\t\t\t\t\t\t<a href=\"https:\/\/www.instagram.com\/monacotribune\/\" title=\"\u0421\u043b\u0435\u0434\u0438\u0442\u0435 \u0437\u0430 \u043d\u043e\u0432\u043e\u0441\u0442\u044f\u043c\u0438 Monaco Tribune \u043d\u0430 Instagram\" target=\"_blank\">\n\t\t\t\t\t\t\t\t\t<svg class=\"icon icon-instagram\">\n\t\t\t\t\t\t\t\t\t\t<use xlink:href=\"#icon-instagram\"><\/use>\n\t\t\t\t\t\t\t\t\t<\/svg>\n\t\t\t\t\t\t\t\t<\/a>\n\t\t\t\t\t\t\t\t<a href=\"https:\/\/www.linkedin.com\/company\/monaco-tribune\/\" title=\"\u0421\u043b\u0435\u0434\u0438\u0442\u0435 \u0437\u0430 \u043d\u043e\u0432\u043e\u0441\u0442\u044f\u043c\u0438 Monaco Tribune \u043d\u0430 LinkedIn\" target=\"_blank\">\n\t\t\t\t\t\t\t\t\t<svg class=\"icon icon-linkedin\">\n\t\t\t\t\t\t\t\t\t\t<use xlink:href=\"#icon-linkedin\"><\/use>\n\t\t\t\t\t\t\t\t\t<\/svg>\n\t\t\t\t\t\t\t\t<\/a>\n\t\t\t\t\t\t\t\t<a href=\"https:\/\/www.youtube.com\/playlist?list=PLKYq_Z_1Yg8NhrUk7gcgps12EUzR0ZrlL\" title=\"\u0421\u043b\u0435\u0434\u0438\u0442\u0435 \u0437\u0430 \u043d\u043e\u0432\u043e\u0441\u0442\u044f\u043c\u0438 Monaco Tribune \u043d\u0430 YouTube\" target=\"_blank\">\n\t\t\t\t\t\t\t\t\t<svg class=\"icon icon-youtube\">\n\t\t\t\t\t\t\t\t\t\t<use xlink:href=\"#icon-youtube\"><\/use>\n\t\t\t\t\t\t\t\t\t<\/svg>\n\t\t\t\t\t\t\t\t<\/a>\n\t\t\t\t\t\t\t<\/div>\n\t\t\t\t\t\t\t<div class=\"nb-followers\">\n\t\t\t\t\t\t\t\t\u041f\u0440\u0438\u0441\u043e\u0435\u0434\u0438\u043d\u044f\u0439\u0442\u0435\u0441\u044c \u043a \u043d\u0430\u0448\u0438\u043c 150,000 \u043f\u043e\u0434\u043f\u0438\u0441\u0447\u0438\u043a\u0430\u043c!\t\t\t\t\t\t\t<\/div>\n\t\t\t\t\t\t<\/div>\n\n\t\t\t\t\t\n\t\t\t\t<\/div>\n\n\t\t\t\n","protected":false},"excerpt":{"rendered":"<p>\u0415\u0436\u0435\u043d\u0435\u0434\u0435\u043b\u044c\u043d\u0430\u044f\u00a0\u043f\u043e\u0434\u0431\u043e\u0440\u043a\u0430\u00a0\u0441\u0430\u043c\u044b\u0445 \u0437\u043d\u0430\u0447\u0438\u043c\u044b\u0445\u00a0\u043d\u043e\u0432\u043e\u0441\u0442\u0435\u0439, \u044d\u043a\u0441\u043a\u043b\u044e\u0437\u0438\u0432\u043d\u044b\u0445 \u0441\u0442\u0430\u0442\u0435\u0439 \u0438 \u043f\u043e\u043b\u0435\u0437\u043d\u043e\u0439 \u0438\u043d\u0444\u043e\u0440\u043c\u0430\u0446\u0438\u0438\u00a0\u0438\u0437\u00a0\u041a\u043d\u044f\u0436\u0435\u0441\u0442\u0432\u0430 \u041c\u043e\u043d\u0430\u043a\u043e \u0443 \u0412\u0430\u0441 \u043d\u0430 \u043f\u043e\u0447\u0442\u0435!<\/p>\n","protected":false},"author":59,"featured_media":0,"parent":0,"menu_order":0,"comment_status":"closed","ping_status":"closed","template":"","meta":{"_acf_changed":false,"footnotes":""},"class_list":["post-269727","page","type-page","status-publish","hentry"],"acf":[],"yoast_head":"<!-- This site is optimized with the Yoast SEO Premium plugin v27.5 (Yoast SEO v27.5) - https:\/\/yoast.com\/product\/yoast-seo-premium-wordpress\/ -->\n<title>\u0418\u043d\u0444\u043e\u0440\u043c\u0430\u0446\u0438\u043e\u043d\u043d\u044b\u0439 \u0431\u044e\u043b\u043b\u0435\u0442\u0435\u043d\u044c Monaco Tribune<\/title>\n<meta name=\"description\" content=\"Votre magazine qui parle de Monaco et de la C\u00f4te d&#039;Azur: info, culture, lifestyle, business, Famille Princi\u00e8re, AS Monaco, football, basket, personnalit\u00e9s.\" \/>\n<meta name=\"robots\" content=\"index, follow, max-snippet:-1, max-image-preview:large, max-video-preview:-1\" \/>\n<link rel=\"canonical\" href=\"https:\/\/www.monaco-tribune.com\/ru\/newsletter\/\" \/>\n<meta property=\"og:locale\" content=\"ru_RU\" \/>\n<meta property=\"og:type\" content=\"article\" \/>\n<meta property=\"og:title\" content=\"\u0418\u043d\u0444\u043e\u0440\u043c\u0430\u0446\u0438\u043e\u043d\u043d\u044b\u0439 \u0431\u044e\u043b\u043b\u0435\u0442\u0435\u043d\u044c Monaco Tribune\" \/>\n<meta property=\"og:description\" content=\"Votre magazine qui parle de Monaco et de la C\u00f4te d&#039;Azur: info, culture, lifestyle, business, Famille Princi\u00e8re, AS Monaco, football, basket, personnalit\u00e9s.\" \/>\n<meta property=\"og:url\" content=\"https:\/\/www.monaco-tribune.com\/ru\/newsletter\/\" \/>\n<meta property=\"og:site_name\" content=\"Monaco Tribune\" \/>\n<meta property=\"article:publisher\" content=\"https:\/\/www.facebook.com\/MonacoTribune\" \/>\n<meta property=\"article:modified_time\" content=\"2025-01-02T15:14:13+00:00\" \/>\n<meta name=\"twitter:card\" content=\"summary_large_image\" \/>\n<meta name=\"twitter:site\" content=\"@MonacoTribune\" \/>\n<script type=\"application\/ld+json\" class=\"yoast-schema-graph\">{\"@context\":\"https:\\\/\\\/schema.org\",\"@graph\":[{\"@type\":\"WebPage\",\"@id\":\"https:\\\/\\\/www.monaco-tribune.com\\\/ru\\\/newsletter\\\/\",\"url\":\"https:\\\/\\\/www.monaco-tribune.com\\\/ru\\\/newsletter\\\/\",\"name\":\"\u0418\u043d\u0444\u043e\u0440\u043c\u0430\u0446\u0438\u043e\u043d\u043d\u044b\u0439 \u0431\u044e\u043b\u043b\u0435\u0442\u0435\u043d\u044c Monaco Tribune\",\"isPartOf\":{\"@id\":\"https:\\\/\\\/www.monaco-tribune.com\\\/ru\\\/#website\"},\"datePublished\":\"2025-01-02T15:13:33+00:00\",\"dateModified\":\"2025-01-02T15:14:13+00:00\",\"description\":\"Votre magazine qui parle de Monaco et de la C\u00f4te d'Azur: info, culture, lifestyle, business, Famille Princi\u00e8re, AS Monaco, football, basket, personnalit\u00e9s.\",\"breadcrumb\":{\"@id\":\"https:\\\/\\\/www.monaco-tribune.com\\\/ru\\\/newsletter\\\/#breadcrumb\"},\"inLanguage\":\"ru-RU\",\"potentialAction\":[{\"@type\":\"ReadAction\",\"target\":[\"https:\\\/\\\/www.monaco-tribune.com\\\/ru\\\/newsletter\\\/\"]}]},{\"@type\":\"BreadcrumbList\",\"@id\":\"https:\\\/\\\/www.monaco-tribune.com\\\/ru\\\/newsletter\\\/#breadcrumb\",\"itemListElement\":[{\"@type\":\"ListItem\",\"position\":1,\"name\":\"Accueil\",\"item\":\"https:\\\/\\\/www.monaco-tribune.com\\\/ru\\\/\"},{\"@type\":\"ListItem\",\"position\":2,\"name\":\"\u0418\u043d\u0444\u043e\u0440\u043c\u0430\u0446\u0438\u043e\u043d\u043d\u044b\u0439 \u0431\u044e\u043b\u043b\u0435\u0442\u0435\u043d\u044c Monaco Tribune\"}]},{\"@type\":\"WebSite\",\"@id\":\"https:\\\/\\\/www.monaco-tribune.com\\\/ru\\\/#website\",\"url\":\"https:\\\/\\\/www.monaco-tribune.com\\\/ru\\\/\",\"name\":\"Monaco Tribune\",\"description\":\"Monaco : actualit\u00e9s \u00e9conomiques, politiques, culturelles et sportives de Monaco et de la French Riviera.\",\"publisher\":{\"@id\":\"https:\\\/\\\/www.monaco-tribune.com\\\/ru\\\/#organization\"},\"potentialAction\":[{\"@type\":\"SearchAction\",\"target\":{\"@type\":\"EntryPoint\",\"urlTemplate\":\"https:\\\/\\\/www.monaco-tribune.com\\\/ru\\\/?s={search_term_string}\"},\"query-input\":{\"@type\":\"PropertyValueSpecification\",\"valueRequired\":true,\"valueName\":\"search_term_string\"}}],\"inLanguage\":\"ru-RU\"},{\"@type\":\"Organization\",\"@id\":\"https:\\\/\\\/www.monaco-tribune.com\\\/ru\\\/#organization\",\"name\":\"Monaco Tribune\",\"url\":\"https:\\\/\\\/www.monaco-tribune.com\\\/ru\\\/\",\"logo\":{\"@type\":\"ImageObject\",\"inLanguage\":\"ru-RU\",\"@id\":\"https:\\\/\\\/www.monaco-tribune.com\\\/ru\\\/#\\\/schema\\\/logo\\\/image\\\/\",\"url\":\"https:\\\/\\\/www.monaco-tribune.com\\\/wp-content\\\/uploads\\\/2022\\\/11\\\/logo-monaco-tribune.png\",\"contentUrl\":\"https:\\\/\\\/www.monaco-tribune.com\\\/wp-content\\\/uploads\\\/2022\\\/11\\\/logo-monaco-tribune.png\",\"width\":1548,\"height\":600,\"caption\":\"Monaco Tribune\"},\"image\":{\"@id\":\"https:\\\/\\\/www.monaco-tribune.com\\\/ru\\\/#\\\/schema\\\/logo\\\/image\\\/\"},\"sameAs\":[\"https:\\\/\\\/www.facebook.com\\\/MonacoTribune\",\"https:\\\/\\\/x.com\\\/MonacoTribune\",\"https:\\\/\\\/www.instagram.com\\\/monacotribune\\\/\",\"https:\\\/\\\/www.linkedin.com\\\/company\\\/monaco-tribune\",\"https:\\\/\\\/www.youtube.com\\\/channel\\\/UCHle1MnG6hw1y4lWKijVbMA\"]}]}<\/script>\n<!-- \/ Yoast SEO Premium plugin. -->","yoast_head_json":{"title":"\u0418\u043d\u0444\u043e\u0440\u043c\u0430\u0446\u0438\u043e\u043d\u043d\u044b\u0439 \u0431\u044e\u043b\u043b\u0435\u0442\u0435\u043d\u044c Monaco Tribune","description":"Votre magazine qui parle de Monaco et de la C\u00f4te d'Azur: info, culture, lifestyle, business, Famille Princi\u00e8re, AS Monaco, football, basket, personnalit\u00e9s.","robots":{"index":"index","follow":"follow","max-snippet":"max-snippet:-1","max-image-preview":"max-image-preview:large","max-video-preview":"max-video-preview:-1"},"canonical":"https:\/\/www.monaco-tribune.com\/ru\/newsletter\/","og_locale":"ru_RU","og_type":"article","og_title":"\u0418\u043d\u0444\u043e\u0440\u043c\u0430\u0446\u0438\u043e\u043d\u043d\u044b\u0439 \u0431\u044e\u043b\u043b\u0435\u0442\u0435\u043d\u044c Monaco Tribune","og_description":"Votre magazine qui parle de Monaco et de la C\u00f4te d'Azur: info, culture, lifestyle, business, Famille Princi\u00e8re, AS Monaco, football, basket, personnalit\u00e9s.","og_url":"https:\/\/www.monaco-tribune.com\/ru\/newsletter\/","og_site_name":"Monaco Tribune","article_publisher":"https:\/\/www.facebook.com\/MonacoTribune","article_modified_time":"2025-01-02T15:14:13+00:00","twitter_card":"summary_large_image","twitter_site":"@MonacoTribune","schema":{"@context":"https:\/\/schema.org","@graph":[{"@type":"WebPage","@id":"https:\/\/www.monaco-tribune.com\/ru\/newsletter\/","url":"https:\/\/www.monaco-tribune.com\/ru\/newsletter\/","name":"\u0418\u043d\u0444\u043e\u0440\u043c\u0430\u0446\u0438\u043e\u043d\u043d\u044b\u0439 \u0431\u044e\u043b\u043b\u0435\u0442\u0435\u043d\u044c Monaco Tribune","isPartOf":{"@id":"https:\/\/www.monaco-tribune.com\/ru\/#website"},"datePublished":"2025-01-02T15:13:33+00:00","dateModified":"2025-01-02T15:14:13+00:00","description":"Votre magazine qui parle de Monaco et de la C\u00f4te d'Azur: info, culture, lifestyle, business, Famille Princi\u00e8re, AS Monaco, football, basket, personnalit\u00e9s.","breadcrumb":{"@id":"https:\/\/www.monaco-tribune.com\/ru\/newsletter\/#breadcrumb"},"inLanguage":"ru-RU","potentialAction":[{"@type":"ReadAction","target":["https:\/\/www.monaco-tribune.com\/ru\/newsletter\/"]}]},{"@type":"BreadcrumbList","@id":"https:\/\/www.monaco-tribune.com\/ru\/newsletter\/#breadcrumb","itemListElement":[{"@type":"ListItem","position":1,"name":"Accueil","item":"https:\/\/www.monaco-tribune.com\/ru\/"},{"@type":"ListItem","position":2,"name":"\u0418\u043d\u0444\u043e\u0440\u043c\u0430\u0446\u0438\u043e\u043d\u043d\u044b\u0439 \u0431\u044e\u043b\u043b\u0435\u0442\u0435\u043d\u044c Monaco Tribune"}]},{"@type":"WebSite","@id":"https:\/\/www.monaco-tribune.com\/ru\/#website","url":"https:\/\/www.monaco-tribune.com\/ru\/","name":"Monaco Tribune","description":"Monaco : actualit\u00e9s \u00e9conomiques, politiques, culturelles et sportives de Monaco et de la French Riviera.","publisher":{"@id":"https:\/\/www.monaco-tribune.com\/ru\/#organization"},"potentialAction":[{"@type":"SearchAction","target":{"@type":"EntryPoint","urlTemplate":"https:\/\/www.monaco-tribune.com\/ru\/?s={search_term_string}"},"query-input":{"@type":"PropertyValueSpecification","valueRequired":true,"valueName":"search_term_string"}}],"inLanguage":"ru-RU"},{"@type":"Organization","@id":"https:\/\/www.monaco-tribune.com\/ru\/#organization","name":"Monaco Tribune","url":"https:\/\/www.monaco-tribune.com\/ru\/","logo":{"@type":"ImageObject","inLanguage":"ru-RU","@id":"https:\/\/www.monaco-tribune.com\/ru\/#\/schema\/logo\/image\/","url":"https:\/\/www.monaco-tribune.com\/wp-content\/uploads\/2022\/11\/logo-monaco-tribune.png","contentUrl":"https:\/\/www.monaco-tribune.com\/wp-content\/uploads\/2022\/11\/logo-monaco-tribune.png","width":1548,"height":600,"caption":"Monaco Tribune"},"image":{"@id":"https:\/\/www.monaco-tribune.com\/ru\/#\/schema\/logo\/image\/"},"sameAs":["https:\/\/www.facebook.com\/MonacoTribune","https:\/\/x.com\/MonacoTribune","https:\/\/www.instagram.com\/monacotribune\/","https:\/\/www.linkedin.com\/company\/monaco-tribune","https:\/\/www.youtube.com\/channel\/UCHle1MnG6hw1y4lWKijVbMA"]}]}},"_links":{"self":[{"href":"https:\/\/www.monaco-tribune.com\/ru\/wp-json\/wp\/v2\/pages\/269727","targetHints":{"allow":["GET"]}}],"collection":[{"href":"https:\/\/www.monaco-tribune.com\/ru\/wp-json\/wp\/v2\/pages"}],"about":[{"href":"https:\/\/www.monaco-tribune.com\/ru\/wp-json\/wp\/v2\/types\/page"}],"author":[{"embeddable":true,"href":"https:\/\/www.monaco-tribune.com\/ru\/wp-json\/wp\/v2\/users\/59"}],"replies":[{"embeddable":true,"href":"https:\/\/www.monaco-tribune.com\/ru\/wp-json\/wp\/v2\/comments?post=269727"}],"version-history":[{"count":1,"href":"https:\/\/www.monaco-tribune.com\/ru\/wp-json\/wp\/v2\/pages\/269727\/revisions"}],"predecessor-version":[{"id":269728,"href":"https:\/\/www.monaco-tribune.com\/ru\/wp-json\/wp\/v2\/pages\/269727\/revisions\/269728"}],"wp:attachment":[{"href":"https:\/\/www.monaco-tribune.com\/ru\/wp-json\/wp\/v2\/media?parent=269727"}],"curies":[{"name":"wp","href":"https:\/\/api.w.org\/{rel}","templated":true}]}}