{"id":47244,"date":"2020-11-22T21:13:56","date_gmt":"2020-11-22T20:13:56","guid":{"rendered":"https:\/\/www.monaco-tribune.com\/pro-monako\/"},"modified":"2023-06-27T18:57:14","modified_gmt":"2023-06-27T16:57:14","slug":"pro-monako","status":"publish","type":"page","link":"https:\/\/www.monaco-tribune.com\/ru\/pro-monako\/","title":{"rendered":"\u041f\u0440\u043e \u041c\u043e\u043d\u0430\u043a\u043e"},"content":{"rendered":"\n<div class=\"wp-block-group directory-main-info\"><div class=\"wp-block-group__inner-container is-layout-flow wp-block-group-is-layout-flow\">\n<figure class=\"wp-block-image size-medium\"><a href=\"\/ru\/o-monako\/\"><img loading=\"lazy\" decoding=\"async\" width=\"1023\" height=\"575\" src=\"https:\/\/www.monaco-tribune.com\/wp-content\/uploads\/2020\/11\/monaco-covid-19-e1606478044724.jpg\" alt=\"Monaco\" class=\"wp-image-48026\" srcset=\"https:\/\/www.monaco-tribune.com\/wp-content\/uploads\/2020\/11\/monaco-covid-19-e1606478044724.jpg 1023w, https:\/\/www.monaco-tribune.com\/wp-content\/uploads\/2020\/11\/monaco-covid-19-e1606478044724-534x300.jpg 534w\" sizes=\"auto, (max-width: 1023px) 100vw, 1023px\" \/><\/a><figcaption class=\"wp-element-caption\"><a href=\"\/ru\/o-monako\/\">\u041a\u043d\u044f\u0436\u0435\u0441\u0442\u0432\u043e \u041c\u043e\u043d\u0430\u043a\u043e<\/a><\/figcaption><\/figure>\n\n\n\n<figure class=\"wp-block-image size-medium\"><a href=\"\/ru\/knyazya-monako\/\"><img loading=\"lazy\" decoding=\"async\" width=\"568\" height=\"300\" src=\"https:\/\/www.monaco-tribune.com\/wp-content\/uploads\/2020\/06\/famille-princie\u0300re-monaco-fe\u0302tes-des-me\u0300res-568x300.jpg\" alt=\"Famille princie\u0300re Monaco Fe\u0302tes des Me\u0300res\" class=\"wp-image-29065\" srcset=\"https:\/\/www.monaco-tribune.com\/wp-content\/uploads\/2020\/06\/famille-princie\u0300re-monaco-fe\u0302tes-des-me\u0300res-568x300.jpg 568w, https:\/\/www.monaco-tribune.com\/wp-content\/uploads\/2020\/06\/famille-princie\u0300re-monaco-fe\u0302tes-des-me\u0300res-1024x541.jpg 1024w, https:\/\/www.monaco-tribune.com\/wp-content\/uploads\/2020\/06\/famille-princie\u0300re-monaco-fe\u0302tes-des-me\u0300res.jpg 1866w\" sizes=\"auto, (max-width: 568px) 100vw, 568px\" \/><\/a><figcaption class=\"wp-element-caption\"><a href=\"\/ru\/knyazya-monako\/\">\u0421\u0435\u043c\u044c\u044f \u0413\u0440\u0438\u043c\u0430\u043b\u044c\u0434\u0438<\/a><\/figcaption><\/figure>\n\n\n\n<figure class=\"wp-block-image size-medium\"><a href=\"https:\/\/www.monaco-tribune.com\/ru\/sport-monako\/\"><img loading=\"lazy\" decoding=\"async\" width=\"451\" height=\"300\" src=\"https:\/\/www.monaco-tribune.com\/wp-content\/uploads\/2020\/05\/2048x1536-fit_st-moritz-championnat-451x300.jpeg\" alt=\"Monaco et le sport, une belle et longue histoire d'amour\" class=\"wp-image-28645\" srcset=\"https:\/\/www.monaco-tribune.com\/wp-content\/uploads\/2020\/05\/2048x1536-fit_st-moritz-championnat-451x300.jpeg 451w, https:\/\/www.monaco-tribune.com\/wp-content\/uploads\/2020\/05\/2048x1536-fit_st-moritz-championnat-1024x682.jpeg 1024w, https:\/\/www.monaco-tribune.com\/wp-content\/uploads\/2020\/05\/2048x1536-fit_st-moritz-championnat.jpeg 2048w\" sizes=\"auto, (max-width: 451px) 100vw, 451px\" \/><\/a><figcaption class=\"wp-element-caption\"><a href=\"https:\/\/www.monaco-tribune.com\/ru\/sport-monako\/\">C\u043f\u043e\u0440\u0442<\/a><\/figcaption><\/figure>\n\n\n\n<figure class=\"wp-block-image size-medium\"><a href=\"https:\/\/www.monaco-tribune.com\/ru\/fk-monako-futbol\/\"><img loading=\"lazy\" decoding=\"async\" width=\"541\" height=\"300\" src=\"https:\/\/www.monaco-tribune.com\/wp-content\/uploads\/2021\/01\/as-monaco-sco-angers-ligue-1-e1610229682969-541x300.jpeg\" alt=\"AS-Monaco-SCO-Angers-Ligue-1\" class=\"wp-image-61930\" srcset=\"https:\/\/www.monaco-tribune.com\/wp-content\/uploads\/2021\/01\/as-monaco-sco-angers-ligue-1-e1610229682969-541x300.jpeg 541w, https:\/\/www.monaco-tribune.com\/wp-content\/uploads\/2021\/01\/as-monaco-sco-angers-ligue-1-e1610229682969-1024x568.jpeg 1024w, https:\/\/www.monaco-tribune.com\/wp-content\/uploads\/2021\/01\/as-monaco-sco-angers-ligue-1-e1610229682969.jpeg 1200w\" sizes=\"auto, (max-width: 541px) 100vw, 541px\" \/><\/a><figcaption class=\"wp-element-caption\"><a href=\"https:\/\/www.monaco-tribune.com\/ru\/fk-monako-futbol\/\">\u0424\u041a &#171;\u041c\u043e\u043d\u0430\u043a\u043e&#187;<\/a><\/figcaption><\/figure>\n\n\n\n<figure class=\"wp-block-image size-medium is-resized\"><a href=\"\/ru\/transport-v-monako\/\"><img decoding=\"async\" src=\"https:\/\/www.monaco-tribune.com\/wp-content\/uploads\/2020\/03\/monaco-transport-updates-coronavirus-covid-19-600x300.jpg\" alt=\"monaco transport updates coronavirus covid 19\" class=\"wp-image-23856\" width=\"400\" srcset=\"https:\/\/www.monaco-tribune.com\/wp-content\/uploads\/2020\/03\/monaco-transport-updates-coronavirus-covid-19-600x300.jpg 600w, https:\/\/www.monaco-tribune.com\/wp-content\/uploads\/2020\/03\/monaco-transport-updates-coronavirus-covid-19-1024x512.jpg 1024w, https:\/\/www.monaco-tribune.com\/wp-content\/uploads\/2020\/03\/monaco-transport-updates-coronavirus-covid-19.jpg 1700w\" sizes=\"(max-width: 600px) 100vw, 600px\" \/><\/a><figcaption class=\"wp-element-caption\">&nbsp;<a href=\"\/ru\/transport-v-monako\/\">\u0422\u0440\u0430\u043d\u0441\u043f\u043e\u0440\u0442 \u0432 \u041c\u043e\u043d\u0430\u043a\u043e<\/a><\/figcaption><\/figure>\n<\/div><\/div>\n","protected":false},"excerpt":{"rendered":"","protected":false},"author":4,"featured_media":0,"parent":0,"menu_order":0,"comment_status":"closed","ping_status":"closed","template":"template-directory.php","meta":{"_acf_changed":false,"footnotes":""},"class_list":["post-47244","page","type-page","status-publish","hentry"],"acf":[],"yoast_head":"<!-- This site is optimized with the Yoast SEO Premium plugin v26.8 (Yoast SEO v27.3) - https:\/\/yoast.com\/product\/yoast-seo-premium-wordpress\/ -->\n<title>\u041f\u0440\u043e \u041c\u043e\u043d\u0430\u043a\u043e<\/title>\n<meta name=\"description\" content=\"Votre magazine qui parle de Monaco et de la C\u00f4te d&#039;Azur: info, culture, lifestyle, business, Famille Princi\u00e8re, AS Monaco, football, basket, personnalit\u00e9s.\" \/>\n<meta name=\"robots\" content=\"index, follow, max-snippet:-1, max-image-preview:large, max-video-preview:-1\" \/>\n<link rel=\"canonical\" href=\"https:\/\/www.monaco-tribune.com\/ru\/pro-monako\/\" \/>\n<meta property=\"og:locale\" content=\"ru_RU\" \/>\n<meta property=\"og:type\" content=\"article\" \/>\n<meta property=\"og:title\" content=\"\u041f\u0440\u043e \u041c\u043e\u043d\u0430\u043a\u043e\" \/>\n<meta property=\"og:description\" content=\"Votre magazine qui parle de Monaco et de la C\u00f4te d&#039;Azur: info, culture, lifestyle, business, Famille Princi\u00e8re, AS Monaco, football, basket, personnalit\u00e9s.\" \/>\n<meta property=\"og:url\" content=\"https:\/\/www.monaco-tribune.com\/ru\/pro-monako\/\" \/>\n<meta property=\"og:site_name\" content=\"Monaco Tribune\" \/>\n<meta property=\"article:publisher\" content=\"https:\/\/www.facebook.com\/MonacoTribune\" \/>\n<meta property=\"article:modified_time\" content=\"2023-06-27T16:57:14+00:00\" \/>\n<meta property=\"og:image\" content=\"https:\/\/www.monaco-tribune.com\/wp-content\/uploads\/2020\/11\/monaco-covid-19-e1606478044724.jpg\" \/>\n<meta name=\"twitter:card\" content=\"summary_large_image\" \/>\n<meta name=\"twitter:site\" content=\"@MonacoTribune\" \/>\n<script type=\"application\/ld+json\" class=\"yoast-schema-graph\">{\"@context\":\"https:\\\/\\\/schema.org\",\"@graph\":[{\"@type\":\"WebPage\",\"@id\":\"https:\\\/\\\/www.monaco-tribune.com\\\/ru\\\/pro-monako\\\/\",\"url\":\"https:\\\/\\\/www.monaco-tribune.com\\\/ru\\\/pro-monako\\\/\",\"name\":\"\u041f\u0440\u043e \u041c\u043e\u043d\u0430\u043a\u043e\",\"isPartOf\":{\"@id\":\"https:\\\/\\\/www.monaco-tribune.com\\\/ru\\\/#website\"},\"primaryImageOfPage\":{\"@id\":\"https:\\\/\\\/www.monaco-tribune.com\\\/ru\\\/pro-monako\\\/#primaryimage\"},\"image\":{\"@id\":\"https:\\\/\\\/www.monaco-tribune.com\\\/ru\\\/pro-monako\\\/#primaryimage\"},\"thumbnailUrl\":\"https:\\\/\\\/www.monaco-tribune.com\\\/wp-content\\\/uploads\\\/2020\\\/11\\\/monaco-covid-19-e1606478044724.jpg\",\"datePublished\":\"2020-11-22T20:13:56+00:00\",\"dateModified\":\"2023-06-27T16:57:14+00:00\",\"description\":\"Votre magazine qui parle de Monaco et de la C\u00f4te d'Azur: info, culture, lifestyle, business, Famille Princi\u00e8re, AS Monaco, football, basket, personnalit\u00e9s.\",\"breadcrumb\":{\"@id\":\"https:\\\/\\\/www.monaco-tribune.com\\\/ru\\\/pro-monako\\\/#breadcrumb\"},\"inLanguage\":\"ru-RU\",\"potentialAction\":[{\"@type\":\"ReadAction\",\"target\":[\"https:\\\/\\\/www.monaco-tribune.com\\\/ru\\\/pro-monako\\\/\"]}]},{\"@type\":\"ImageObject\",\"inLanguage\":\"ru-RU\",\"@id\":\"https:\\\/\\\/www.monaco-tribune.com\\\/ru\\\/pro-monako\\\/#primaryimage\",\"url\":\"https:\\\/\\\/www.monaco-tribune.com\\\/wp-content\\\/uploads\\\/2020\\\/11\\\/monaco-covid-19-e1606478044724.jpg\",\"contentUrl\":\"https:\\\/\\\/www.monaco-tribune.com\\\/wp-content\\\/uploads\\\/2020\\\/11\\\/monaco-covid-19-e1606478044724.jpg\"},{\"@type\":\"BreadcrumbList\",\"@id\":\"https:\\\/\\\/www.monaco-tribune.com\\\/ru\\\/pro-monako\\\/#breadcrumb\",\"itemListElement\":[{\"@type\":\"ListItem\",\"position\":1,\"name\":\"Accueil\",\"item\":\"https:\\\/\\\/www.monaco-tribune.com\\\/ru\\\/\"},{\"@type\":\"ListItem\",\"position\":2,\"name\":\"\u041f\u0440\u043e \u041c\u043e\u043d\u0430\u043a\u043e\"}]},{\"@type\":\"WebSite\",\"@id\":\"https:\\\/\\\/www.monaco-tribune.com\\\/ru\\\/#website\",\"url\":\"https:\\\/\\\/www.monaco-tribune.com\\\/ru\\\/\",\"name\":\"Monaco Tribune\",\"description\":\"Monaco : actualit\u00e9s \u00e9conomiques, politiques, culturelles et sportives de Monaco et de la French Riviera.\",\"publisher\":{\"@id\":\"https:\\\/\\\/www.monaco-tribune.com\\\/ru\\\/#organization\"},\"potentialAction\":[{\"@type\":\"SearchAction\",\"target\":{\"@type\":\"EntryPoint\",\"urlTemplate\":\"https:\\\/\\\/www.monaco-tribune.com\\\/ru\\\/?s={search_term_string}\"},\"query-input\":{\"@type\":\"PropertyValueSpecification\",\"valueRequired\":true,\"valueName\":\"search_term_string\"}}],\"inLanguage\":\"ru-RU\"},{\"@type\":\"Organization\",\"@id\":\"https:\\\/\\\/www.monaco-tribune.com\\\/ru\\\/#organization\",\"name\":\"Monaco Tribune\",\"url\":\"https:\\\/\\\/www.monaco-tribune.com\\\/ru\\\/\",\"logo\":{\"@type\":\"ImageObject\",\"inLanguage\":\"ru-RU\",\"@id\":\"https:\\\/\\\/www.monaco-tribune.com\\\/ru\\\/#\\\/schema\\\/logo\\\/image\\\/\",\"url\":\"https:\\\/\\\/www.monaco-tribune.com\\\/wp-content\\\/uploads\\\/2022\\\/11\\\/logo-monaco-tribune.png\",\"contentUrl\":\"https:\\\/\\\/www.monaco-tribune.com\\\/wp-content\\\/uploads\\\/2022\\\/11\\\/logo-monaco-tribune.png\",\"width\":1548,\"height\":600,\"caption\":\"Monaco Tribune\"},\"image\":{\"@id\":\"https:\\\/\\\/www.monaco-tribune.com\\\/ru\\\/#\\\/schema\\\/logo\\\/image\\\/\"},\"sameAs\":[\"https:\\\/\\\/www.facebook.com\\\/MonacoTribune\",\"https:\\\/\\\/x.com\\\/MonacoTribune\",\"https:\\\/\\\/www.instagram.com\\\/monacotribune\\\/\",\"https:\\\/\\\/www.linkedin.com\\\/company\\\/monaco-tribune\",\"https:\\\/\\\/www.youtube.com\\\/channel\\\/UCHle1MnG6hw1y4lWKijVbMA\"]}]}<\/script>\n<!-- \/ Yoast SEO Premium plugin. -->","yoast_head_json":{"title":"\u041f\u0440\u043e \u041c\u043e\u043d\u0430\u043a\u043e","description":"Votre magazine qui parle de Monaco et de la C\u00f4te d'Azur: info, culture, lifestyle, business, Famille Princi\u00e8re, AS Monaco, football, basket, personnalit\u00e9s.","robots":{"index":"index","follow":"follow","max-snippet":"max-snippet:-1","max-image-preview":"max-image-preview:large","max-video-preview":"max-video-preview:-1"},"canonical":"https:\/\/www.monaco-tribune.com\/ru\/pro-monako\/","og_locale":"ru_RU","og_type":"article","og_title":"\u041f\u0440\u043e \u041c\u043e\u043d\u0430\u043a\u043e","og_description":"Votre magazine qui parle de Monaco et de la C\u00f4te d'Azur: info, culture, lifestyle, business, Famille Princi\u00e8re, AS Monaco, football, basket, personnalit\u00e9s.","og_url":"https:\/\/www.monaco-tribune.com\/ru\/pro-monako\/","og_site_name":"Monaco Tribune","article_publisher":"https:\/\/www.facebook.com\/MonacoTribune","article_modified_time":"2023-06-27T16:57:14+00:00","og_image":[{"url":"https:\/\/www.monaco-tribune.com\/wp-content\/uploads\/2020\/11\/monaco-covid-19-e1606478044724.jpg","type":"","width":"","height":""}],"twitter_card":"summary_large_image","twitter_site":"@MonacoTribune","schema":{"@context":"https:\/\/schema.org","@graph":[{"@type":"WebPage","@id":"https:\/\/www.monaco-tribune.com\/ru\/pro-monako\/","url":"https:\/\/www.monaco-tribune.com\/ru\/pro-monako\/","name":"\u041f\u0440\u043e \u041c\u043e\u043d\u0430\u043a\u043e","isPartOf":{"@id":"https:\/\/www.monaco-tribune.com\/ru\/#website"},"primaryImageOfPage":{"@id":"https:\/\/www.monaco-tribune.com\/ru\/pro-monako\/#primaryimage"},"image":{"@id":"https:\/\/www.monaco-tribune.com\/ru\/pro-monako\/#primaryimage"},"thumbnailUrl":"https:\/\/www.monaco-tribune.com\/wp-content\/uploads\/2020\/11\/monaco-covid-19-e1606478044724.jpg","datePublished":"2020-11-22T20:13:56+00:00","dateModified":"2023-06-27T16:57:14+00:00","description":"Votre magazine qui parle de Monaco et de la C\u00f4te d'Azur: info, culture, lifestyle, business, Famille Princi\u00e8re, AS Monaco, football, basket, personnalit\u00e9s.","breadcrumb":{"@id":"https:\/\/www.monaco-tribune.com\/ru\/pro-monako\/#breadcrumb"},"inLanguage":"ru-RU","potentialAction":[{"@type":"ReadAction","target":["https:\/\/www.monaco-tribune.com\/ru\/pro-monako\/"]}]},{"@type":"ImageObject","inLanguage":"ru-RU","@id":"https:\/\/www.monaco-tribune.com\/ru\/pro-monako\/#primaryimage","url":"https:\/\/www.monaco-tribune.com\/wp-content\/uploads\/2020\/11\/monaco-covid-19-e1606478044724.jpg","contentUrl":"https:\/\/www.monaco-tribune.com\/wp-content\/uploads\/2020\/11\/monaco-covid-19-e1606478044724.jpg"},{"@type":"BreadcrumbList","@id":"https:\/\/www.monaco-tribune.com\/ru\/pro-monako\/#breadcrumb","itemListElement":[{"@type":"ListItem","position":1,"name":"Accueil","item":"https:\/\/www.monaco-tribune.com\/ru\/"},{"@type":"ListItem","position":2,"name":"\u041f\u0440\u043e \u041c\u043e\u043d\u0430\u043a\u043e"}]},{"@type":"WebSite","@id":"https:\/\/www.monaco-tribune.com\/ru\/#website","url":"https:\/\/www.monaco-tribune.com\/ru\/","name":"Monaco Tribune","description":"Monaco : actualit\u00e9s \u00e9conomiques, politiques, culturelles et sportives de Monaco et de la French Riviera.","publisher":{"@id":"https:\/\/www.monaco-tribune.com\/ru\/#organization"},"potentialAction":[{"@type":"SearchAction","target":{"@type":"EntryPoint","urlTemplate":"https:\/\/www.monaco-tribune.com\/ru\/?s={search_term_string}"},"query-input":{"@type":"PropertyValueSpecification","valueRequired":true,"valueName":"search_term_string"}}],"inLanguage":"ru-RU"},{"@type":"Organization","@id":"https:\/\/www.monaco-tribune.com\/ru\/#organization","name":"Monaco Tribune","url":"https:\/\/www.monaco-tribune.com\/ru\/","logo":{"@type":"ImageObject","inLanguage":"ru-RU","@id":"https:\/\/www.monaco-tribune.com\/ru\/#\/schema\/logo\/image\/","url":"https:\/\/www.monaco-tribune.com\/wp-content\/uploads\/2022\/11\/logo-monaco-tribune.png","contentUrl":"https:\/\/www.monaco-tribune.com\/wp-content\/uploads\/2022\/11\/logo-monaco-tribune.png","width":1548,"height":600,"caption":"Monaco Tribune"},"image":{"@id":"https:\/\/www.monaco-tribune.com\/ru\/#\/schema\/logo\/image\/"},"sameAs":["https:\/\/www.facebook.com\/MonacoTribune","https:\/\/x.com\/MonacoTribune","https:\/\/www.instagram.com\/monacotribune\/","https:\/\/www.linkedin.com\/company\/monaco-tribune","https:\/\/www.youtube.com\/channel\/UCHle1MnG6hw1y4lWKijVbMA"]}]}},"_links":{"self":[{"href":"https:\/\/www.monaco-tribune.com\/ru\/wp-json\/wp\/v2\/pages\/47244","targetHints":{"allow":["GET"]}}],"collection":[{"href":"https:\/\/www.monaco-tribune.com\/ru\/wp-json\/wp\/v2\/pages"}],"about":[{"href":"https:\/\/www.monaco-tribune.com\/ru\/wp-json\/wp\/v2\/types\/page"}],"author":[{"embeddable":true,"href":"https:\/\/www.monaco-tribune.com\/ru\/wp-json\/wp\/v2\/users\/4"}],"replies":[{"embeddable":true,"href":"https:\/\/www.monaco-tribune.com\/ru\/wp-json\/wp\/v2\/comments?post=47244"}],"version-history":[{"count":2,"href":"https:\/\/www.monaco-tribune.com\/ru\/wp-json\/wp\/v2\/pages\/47244\/revisions"}],"predecessor-version":[{"id":182906,"href":"https:\/\/www.monaco-tribune.com\/ru\/wp-json\/wp\/v2\/pages\/47244\/revisions\/182906"}],"wp:attachment":[{"href":"https:\/\/www.monaco-tribune.com\/ru\/wp-json\/wp\/v2\/media?parent=47244"}],"curies":[{"name":"wp","href":"https:\/\/api.w.org\/{rel}","templated":true}]}}